{"id":14444,"date":"2020-12-28T12:28:40","date_gmt":"2020-12-28T11:28:40","guid":{"rendered":"https:\/\/sbm.webmaat.dev\/?page_id=14444"},"modified":"2023-06-07T15:21:05","modified_gmt":"2023-06-07T13:21:05","slug":"geschreven-over-ons","status":"publish","type":"page","link":"https:\/\/sbm.webmaat.dev\/nl\/geschreven-over-ons\/","title":{"rendered":"geschreven over ons"},"content":{"rendered":"\n<h4>\n\t\t29 december 2020\n\t<\/h4>\n<h2>\n\t\tGeschreven over de Strotzb\u00fcscher M\u00fchle\n\t<\/h2>\n\t<blockquote><p>Zo nu en dan zijn er mensen de schrijven over hun bezoek aan de Strotzb\u00fcscher M\u00fchle. Ze doen dat uit passie voor het schrijven en uit liefde voor het kamperen. Dank Niels, Liv, Bert en Anahi (voor de foto&#8217;s in het blad Caravannen).<\/p><\/blockquote>\n<h3>\n\t\tUit het magazine &#8220;Caranvannen&#8221;\n\t<\/h3>\n\t\t\t\t\t\t<a>\n\t\t\t\t\t<img decoding=\"async\" src=\"https:\/\/sbm.webmaat.dev\/wp-content\/uploads\/2020\/12\/Strotzbuscher-Muhle-Caranvannen-2020.jpg\" alt=\"Strotzb\u00fcscher M\u00fchle- Caranvannen 2020\" \/>\n\t\t\t\t\t\t\t\t\t\t\t\t\t\t\t\t\t\t\t\t\t\t\t\t\t\t\t\t\t\t\t\t\t\t\t\t\tklik om de artikelen te lezen\n\t\t\t<\/a>\n\t\t\t\t\t\t\t\t\t\t<a href=\"https:\/\/sbm.webmaat.dev\/wp-content\/uploads\/2020\/12\/Strotzbuscher-Muhle-Caranvannen-2020.jpg\" data-fancybox=\"pp-album-\">\n\t\t\t\t\t\t\t<img decoding=\"async\" src=\"https:\/\/sbm.webmaat.dev\/wp-content\/uploads\/2020\/12\/Strotzbuscher-Muhle-Caranvannen-2020.jpg\" alt=\"Strotzb\u00fcscher M\u00fchle- Caranvannen 2020\" \/>\n\t\t\t\t\t\t<\/a>\n\t\t\t\t\t\t\t\t\t\t\t<a href=\"https:\/\/sbm.webmaat.dev\/wp-content\/uploads\/2020\/12\/Strotzbuscher-Muhle-Caranvannen-2020-1.jpg\" data-fancybox=\"pp-album-\">\n\t\t\t\t\t\t\t<img decoding=\"async\" src=\"https:\/\/sbm.webmaat.dev\/wp-content\/uploads\/2020\/12\/Strotzbuscher-Muhle-Caranvannen-2020-1.jpg\" alt=\"Strotzb\u00fcscher M\u00fchle- Caranvannen 2020\" \/>\n\t\t\t\t\t\t<\/a>\n\t\t\t\t\t\t\t\t\t\t\t<a href=\"https:\/\/sbm.webmaat.dev\/wp-content\/uploads\/2020\/12\/Strotzbuscher-Muhle-Caranvannen-3.jpg\" data-fancybox=\"pp-album-\">\n\t\t\t\t\t\t\t<img decoding=\"async\" src=\"https:\/\/sbm.webmaat.dev\/wp-content\/uploads\/2020\/12\/Strotzbuscher-Muhle-Caranvannen-3.jpg\" alt=\"Strotzb\u00fcscher M\u00fchle- Caranvannen 3\" \/>\n\t\t\t\t\t\t<\/a>\n\t\t\t\t\t\t\t\t\t\t\t<a href=\"https:\/\/sbm.webmaat.dev\/wp-content\/uploads\/2020\/12\/Strotzbuscher-Muhle-Caranvannen-2020-2.jpg\" data-fancybox=\"pp-album-\">\n\t\t\t\t\t\t\t<img decoding=\"async\" src=\"https:\/\/sbm.webmaat.dev\/wp-content\/uploads\/2020\/12\/Strotzbuscher-Muhle-Caranvannen-2020-2.jpg\" alt=\"Strotzb\u00fcscher M\u00fchle- Caranvannen 2020\" \/>\n\t\t\t\t\t\t<\/a>\n\t\t\t\t\t\t\t\t\t\t\t<a href=\"https:\/\/sbm.webmaat.dev\/wp-content\/uploads\/2020\/12\/Strotzbuscher-Muhle-Caranvannen-2020-3.jpg\" data-fancybox=\"pp-album-\">\n\t\t\t\t\t\t\t<img decoding=\"async\" src=\"https:\/\/sbm.webmaat.dev\/wp-content\/uploads\/2020\/12\/Strotzbuscher-Muhle-Caranvannen-2020-3.jpg\" alt=\"Strotzb\u00fcscher M\u00fchle- Caranvannen 2020\" \/>\n\t\t\t\t\t\t<\/a>\n\t\t\t\t\t\t\t\t\t\t\t<a href=\"https:\/\/sbm.webmaat.dev\/wp-content\/uploads\/2020\/12\/Strotzbuscher-Muhle-Caranvannen-2020-4.jpg\" data-fancybox=\"pp-album-\">\n\t\t\t\t\t\t\t<img decoding=\"async\" src=\"https:\/\/sbm.webmaat.dev\/wp-content\/uploads\/2020\/12\/Strotzbuscher-Muhle-Caranvannen-2020-4.jpg\" alt=\"Strotzb\u00fcscher M\u00fchle- Caranvannen 2020\" \/>\n\t\t\t\t\t\t<\/a>\n\t\t\t\t\t\t\t\t\t\t\t<a href=\"https:\/\/sbm.webmaat.dev\/wp-content\/uploads\/2020\/12\/Strotzbuscher-Muhle-Caranvannen-2020-5.jpg\" data-fancybox=\"pp-album-\">\n\t\t\t\t\t\t\t<img decoding=\"async\" src=\"https:\/\/sbm.webmaat.dev\/wp-content\/uploads\/2020\/12\/Strotzbuscher-Muhle-Caranvannen-2020-5.jpg\" alt=\"Strotzb\u00fcscher M\u00fchle- Caranvannen 2020\" \/>\n\t\t\t\t\t\t<\/a>\n\t\t\t\t\t\t\t\t\t\t\t<a href=\"https:\/\/sbm.webmaat.dev\/wp-content\/uploads\/2020\/12\/Strotzbuscher-Muhle-Caranvannen-2020-6.jpg\" data-fancybox=\"pp-album-\">\n\t\t\t\t\t\t\t<img decoding=\"async\" src=\"https:\/\/sbm.webmaat.dev\/wp-content\/uploads\/2020\/12\/Strotzbuscher-Muhle-Caranvannen-2020-6.jpg\" alt=\"Strotzb\u00fcscher M\u00fchle- Caranvannen 2020\" \/>\n\t\t\t\t\t\t<\/a>\n<h3>\n\t\tUit dagblad de Telegraaf\n\t<\/h3>\n\t\t\t\t\t\t<a>\n\t\t\t\t\t<img decoding=\"async\" src=\"https:\/\/sbm.webmaat.dev\/wp-content\/uploads\/2020\/12\/pagina-1a.jpg\" alt=\"pagina 1a\" \/>\n\t\t\t\t\t\t\t\t\t\t\t\t\t\t\t\t\t\t\t\t\t\t\t\t\t\t\t\t\t\t\t\t\t\t\t\t\tklik om de artikelen te lezen\n\t\t\t<\/a>\n\t\t\t\t\t\t\t\t\t\t<a href=\"https:\/\/sbm.webmaat.dev\/wp-content\/uploads\/2020\/12\/pagina-1a.jpg\" data-fancybox=\"pp-album-\">\n\t\t\t\t\t\t\t<img decoding=\"async\" src=\"https:\/\/sbm.webmaat.dev\/wp-content\/uploads\/2020\/12\/pagina-1a.jpg\" alt=\"pagina 1a\" \/>\n\t\t\t\t\t\t<\/a>\n\t\t\t\t\t\t\t\t\t\t\t<a href=\"https:\/\/sbm.webmaat.dev\/wp-content\/uploads\/2020\/12\/pagina-1-1.jpg\" data-fancybox=\"pp-album-\">\n\t\t\t\t\t\t\t<img decoding=\"async\" src=\"https:\/\/sbm.webmaat.dev\/wp-content\/uploads\/2020\/12\/pagina-1-1.jpg\" alt=\"pagina 1\" \/>\n\t\t\t\t\t\t<\/a>\n\t\t\t\t\t\t\t\t\t\t\t<a href=\"https:\/\/sbm.webmaat.dev\/wp-content\/uploads\/2020\/12\/pagina-2.jpg\" data-fancybox=\"pp-album-\">\n\t\t\t\t\t\t\t<img decoding=\"async\" src=\"https:\/\/sbm.webmaat.dev\/wp-content\/uploads\/2020\/12\/pagina-2.jpg\" alt=\"pagina 2\" \/>\n\t\t\t\t\t\t<\/a>\n\t\t\t\t\t\t\t\t\t\t\t<a href=\"https:\/\/sbm.webmaat.dev\/wp-content\/uploads\/2020\/12\/pagina-3.jpg\" data-fancybox=\"pp-album-\">\n\t\t\t\t\t\t\t<img decoding=\"async\" src=\"https:\/\/sbm.webmaat.dev\/wp-content\/uploads\/2020\/12\/pagina-3.jpg\" alt=\"pagina 3\" \/>\n\t\t\t\t\t\t<\/a>\n<h3>\n\t\tK\u00f6lner Stadt-Anzeiger April 2023\n\t<\/h3>\n\t\t\t\t<img decoding=\"async\" src=\"https:\/\/sbm.webmaat.dev\/wp-content\/uploads\/2023\/06\/Kolner-Stadt-Anzeiger-1.png\" alt=\"K\u00f6lner Stadt-Anzeiger 1\" itemprop=\"image\" height=\"771\" width=\"600\" title=\"K\u00f6lner Stadt-Anzeiger 1\" onerror=\"this.style.display='none'\"  \/>\n\t\t\t\t<img decoding=\"async\" src=\"https:\/\/sbm.webmaat.dev\/wp-content\/uploads\/2023\/06\/Kolner-Stadt-Anzeiger.png\" alt=\"K\u00f6lner Stadt-Anzeiger\" itemprop=\"image\" height=\"303\" width=\"600\" title=\"K\u00f6lner Stadt-Anzeiger\" onerror=\"this.style.display='none'\"  \/>\n\n","protected":false},"excerpt":{"rendered":"<p>29 december 2020 Geschreven over de Strotzb\u00fcscher M\u00fchle Zo nu en dan zijn er mensen de schrijven over hun bezoek aan de Strotzb\u00fcscher M\u00fchle. Ze doen dat uit passie voor het schrijven en uit liefde voor het kamperen. Dank Niels, Liv, Bert en Anahi (voor de foto&#8217;s in het blad Caravannen). Uit het magazine &#8220;Caranvannen&#8221; &#8230; <a title=\"geschreven over ons\" class=\"read-more\" href=\"https:\/\/sbm.webmaat.dev\/nl\/geschreven-over-ons\/\" aria-label=\"Lees meer over geschreven over ons\">Lees verder<\/a><\/p>\n","protected":false},"author":1,"featured_media":12559,"parent":0,"menu_order":0,"comment_status":"closed","ping_status":"closed","template":"","meta":{"_acf_changed":false,"iawp_total_views":2,"footnotes":""},"class_list":["post-14444","page","type-page","status-publish","has-post-thumbnail"],"acf":[],"_links":{"self":[{"href":"https:\/\/sbm.webmaat.dev\/nl\/wp-json\/wp\/v2\/pages\/14444","targetHints":{"allow":["GET"]}}],"collection":[{"href":"https:\/\/sbm.webmaat.dev\/nl\/wp-json\/wp\/v2\/pages"}],"about":[{"href":"https:\/\/sbm.webmaat.dev\/nl\/wp-json\/wp\/v2\/types\/page"}],"author":[{"embeddable":true,"href":"https:\/\/sbm.webmaat.dev\/nl\/wp-json\/wp\/v2\/users\/1"}],"replies":[{"embeddable":true,"href":"https:\/\/sbm.webmaat.dev\/nl\/wp-json\/wp\/v2\/comments?post=14444"}],"version-history":[{"count":0,"href":"https:\/\/sbm.webmaat.dev\/nl\/wp-json\/wp\/v2\/pages\/14444\/revisions"}],"wp:featuredmedia":[{"embeddable":true,"href":"https:\/\/sbm.webmaat.dev\/nl\/wp-json\/wp\/v2\/media\/12559"}],"wp:attachment":[{"href":"https:\/\/sbm.webmaat.dev\/nl\/wp-json\/wp\/v2\/media?parent=14444"}],"curies":[{"name":"wp","href":"https:\/\/api.w.org\/{rel}","templated":true}]}}