{"id":12799,"date":"2020-11-05T14:19:14","date_gmt":"2020-11-05T13:19:14","guid":{"rendered":"https:\/\/sbm.webmaat.dev\/?page_id=12799"},"modified":"2021-02-02T11:57:08","modified_gmt":"2021-02-02T10:57:08","slug":"klidingerwasserfall-wandeling","status":"publish","type":"page","link":"https:\/\/sbm.webmaat.dev\/nl\/wandelen\/klidingerwasserfall-wandeling\/","title":{"rendered":"klidingerwasserfall wandeling"},"content":{"rendered":"\n<h2>\n\t\tDag 5: naar de klidingerwasserfall\n\t<\/h2>\n\t\t\t<a href=\"https:\/\/sbm.webmaat.dev\/wp-content\/uploads\/2020\/12\/klidinger-wasserfall.gpx\" download target=\"_self\" role=\"button\" rel=\"noopener\">\n\t\t\t\t\t\t\tklidinger-wasserfall GPX file\n\t\t\t\t\t<\/a>\n\t\t\t\t<a\n\t\t\thref=\"https:\/\/sbm.webmaat.dev\/wp-content\/uploads\/__2018\/05\/wasserfall-Kliding.jpg\"\n\t\t\t\t\t\tdata-fancybox=\"images\" \n\t\t\ttitle=\"wasserfall-Kliding\" \n\t\t\t\t\t\tdata-caption=\"De wandeling naar de Klidingerwasserfall is in elk jaargetijde bijzonder. Zeker ook in de winter als het vriest en de waterval bevroren is.  Gestart wordt er in Kenfuss, vijf minuten autorijden van de Strotzb\u00fcscher M\u00fchle, in de Neubornstra\u00dfe, tegenover huisnummer 18. Daar vind je een pad wat redelijk steil naar beneden loopt. Je passeert de waterzuiveringsinstallatie van het dorp en een vrij nieuwe blokhut.\"\n\t\t\t\t\t\tdata-description=\"\" \n\t\t\titemprop=\"contentUrl\">\n\t\t<img decoding=\"async\" src=\"https:\/\/sbm.webmaat.dev\/wp-content\/uploads\/__2018\/05\/wasserfall-Kliding-300x200.jpg\" alt=\"\" data-no-lazy=\"1\" itemprop=\"thumbnail\" \/>\n\t\t\t<!-- Overlay Wrapper -->\n\t\t\t\t\t\t\tDe wandeling naar de Klidingerwasserfall is in elk jaargetijde bijzonder. Zeker ook in de winter als het vriest en de waterval bevroren is.  Gestart wordt er in Kenfuss, vijf minuten autorijden van de Strotzb\u00fcscher M\u00fchle, in de Neubornstra\u00dfe, tegenover huisnummer 18. Daar vind je een pad wat redelijk steil naar beneden loopt. Je passeert de waterzuiveringsinstallatie van het dorp en een vrij nieuwe blokhut.\t\t\t\t\t\t\n\t\t\t <!-- Overlay Wrapper Closed -->\n\t\t\t\t<\/a>\n\t\t\t\t\t\t\t<meta itemprop=\"width\" content=\"300\" \/>\n\t\t\t<meta itemprop=\"height\" content=\"200\" \/>\n\t\t\t\t<a\n\t\t\thref=\"https:\/\/sbm.webmaat.dev\/wp-content\/uploads\/__2018\/06\/019-Dreyerlei-1612x907-1024x576.jpg\"\n\t\t\t\t\t\tdata-fancybox=\"images\" \n\t\t\ttitle=\"019-Dreyerlei-1612x907\" \n\t\t\t\t\t\tdata-caption=\"\"\n\t\t\t\t\t\tdata-description=\"\" \n\t\t\titemprop=\"contentUrl\">\n\t\t<img decoding=\"async\" src=\"https:\/\/sbm.webmaat.dev\/wp-content\/uploads\/__2018\/06\/019-Dreyerlei-1612x907-300x169.jpg\" alt=\"\" data-no-lazy=\"1\" itemprop=\"thumbnail\" \/>\n\t\t\t<!-- Overlay Wrapper -->\n\t\t\t <!-- Overlay Wrapper Closed -->\n\t\t\t\t<\/a>\n\t\t\t\t\t\t\t<meta itemprop=\"width\" content=\"300\" \/>\n\t\t\t<meta itemprop=\"height\" content=\"169\" \/>\n\t\t\t\t<a\n\t\t\thref=\"https:\/\/sbm.webmaat.dev\/wp-content\/uploads\/__2018\/06\/018-Dreyerlei-1612x907-1024x576.jpg\"\n\t\t\t\t\t\tdata-fancybox=\"images\" \n\t\t\ttitle=\"018-Dreyerlei-1612x907\" \n\t\t\t\t\t\tdata-caption=\"Op een gegeven moment vind je een bord dat je de weg wijst naar de Klidinger waterval. Op deze zeer idyllische plek gaat het over een wel erg verrot bruggetje van twee naast elkaar gelegen boomstammen. Maar goed, ik kwam met mijn 100 kg veilig aan de overkant.\"\n\t\t\t\t\t\tdata-description=\"\" \n\t\t\titemprop=\"contentUrl\">\n\t\t<img decoding=\"async\" src=\"https:\/\/sbm.webmaat.dev\/wp-content\/uploads\/__2018\/06\/018-Dreyerlei-1612x907-300x169.jpg\" alt=\"\" data-no-lazy=\"1\" itemprop=\"thumbnail\" \/>\n\t\t\t<!-- Overlay Wrapper -->\n\t\t\t\t\t\t\tOp een gegeven moment vind je een bord dat je de weg wijst naar de Klidinger waterval. Op deze zeer idyllische plek gaat het over een wel erg verrot bruggetje van twee naast elkaar gelegen boomstammen. Maar goed, ik kwam met mijn 100 kg veilig aan de overkant.\t\t\t\t\t\t\n\t\t\t <!-- Overlay Wrapper Closed -->\n\t\t\t\t<\/a>\n\t\t\t\t\t\t\t<meta itemprop=\"width\" content=\"300\" \/>\n\t\t\t<meta itemprop=\"height\" content=\"169\" \/>\n\t\t\t\t<a\n\t\t\thref=\"https:\/\/sbm.webmaat.dev\/wp-content\/uploads\/__2018\/05\/002-Uessbach-02-1024x683.jpg\"\n\t\t\t\t\t\tdata-fancybox=\"images\" \n\t\t\ttitle=\"002-Uessbach-02\" \n\t\t\t\t\t\tdata-caption=\"\"\n\t\t\t\t\t\tdata-description=\"\" \n\t\t\titemprop=\"contentUrl\">\n\t\t<img decoding=\"async\" src=\"https:\/\/sbm.webmaat.dev\/wp-content\/uploads\/__2018\/05\/002-Uessbach-02-300x200.jpg\" alt=\"\" data-no-lazy=\"1\" itemprop=\"thumbnail\" \/>\n\t\t\t<!-- Overlay Wrapper -->\n\t\t\t <!-- Overlay Wrapper Closed -->\n\t\t\t\t<\/a>\n\t\t\t\t\t\t\t<meta itemprop=\"width\" content=\"300\" \/>\n\t\t\t<meta itemprop=\"height\" content=\"200\" \/>\n\t\t\t\t<a\n\t\t\thref=\"https:\/\/sbm.webmaat.dev\/wp-content\/uploads\/__2018\/06\/072-Dreyerlei-1612x907-1024x576.jpg\"\n\t\t\t\t\t\tdata-fancybox=\"images\" \n\t\t\ttitle=\"072-Dreyerlei-1612x907\" \n\t\t\t\t\t\tdata-caption=\"De route vervolgt haar weg via een aantal geologische highlights. Die Facher H\u00f6he is een Basalt sediementwand, waarin de verschillende vulkaanuitbarstingen kunt herkennen. Elke 'lijn' is er een&#8230;Via het uitkijkpunt 'Falkenley-Vulkans' wat ligt op een leisteenrotsformatie met daaronder een aantal holen, gaat het terug naar Kenfuss\"\n\t\t\t\t\t\tdata-description=\"\" \n\t\t\titemprop=\"contentUrl\">\n\t\t<img decoding=\"async\" src=\"https:\/\/sbm.webmaat.dev\/wp-content\/uploads\/__2018\/06\/072-Dreyerlei-1612x907-300x169.jpg\" alt=\"\" data-no-lazy=\"1\" itemprop=\"thumbnail\" \/>\n\t\t\t<!-- Overlay Wrapper -->\n\t\t\t\t\t\t\tDe route vervolgt haar weg via een aantal geologische highlights. Die Facher H\u00f6he is een Basalt sediementwand, waarin de verschillende vulkaanuitbarstingen kunt herkennen. Elke &#8216;lijn&#8217; is er een&#8230;Via het uitkijkpunt &#8216;Falkenley-Vulkans&#8217; wat ligt op een leisteenrotsformatie met daaronder een aantal holen, gaat het terug naar Kenfuss\t\t\t\t\t\t\n\t\t\t <!-- Overlay Wrapper Closed -->\n\t\t\t\t<\/a>\n\t\t\t\t\t\t\t<meta itemprop=\"width\" content=\"300\" \/>\n\t\t\t<meta itemprop=\"height\" content=\"169\" \/>\n\t\t\t\t<a\n\t\t\thref=\"https:\/\/sbm.webmaat.dev\/wp-content\/uploads\/__2018\/06\/053-Dreyerlei-1612x907-1024x576.jpg\"\n\t\t\t\t\t\tdata-fancybox=\"images\" \n\t\t\ttitle=\"053-Dreyerlei-1612x907\" \n\t\t\t\t\t\tdata-caption=\"Bad Bertrich is een oud Kurort. Voor mensen die energie overhebben is een trip naar Bad Bertrich zeker een aanrader. Ook voor een middagmaal is het dorp een prima keuze. Bovendien kan je er natuurlijk een paar uur doorbrengen in de thermen.\"\n\t\t\t\t\t\tdata-description=\"\" \n\t\t\titemprop=\"contentUrl\">\n\t\t<img decoding=\"async\" src=\"https:\/\/sbm.webmaat.dev\/wp-content\/uploads\/__2018\/06\/053-Dreyerlei-1612x907-300x169.jpg\" alt=\"\" data-no-lazy=\"1\" itemprop=\"thumbnail\" \/>\n\t\t\t<!-- Overlay Wrapper -->\n\t\t\t\t\t\t\tBad Bertrich is een oud Kurort. Voor mensen die energie overhebben is een trip naar Bad Bertrich zeker een aanrader. Ook voor een middagmaal is het dorp een prima keuze. Bovendien kan je er natuurlijk een paar uur doorbrengen in de thermen.\t\t\t\t\t\t\n\t\t\t <!-- Overlay Wrapper Closed -->\n\t\t\t\t<\/a>\n\t\t\t\t\t\t\t<meta itemprop=\"width\" content=\"300\" \/>\n\t\t\t<meta itemprop=\"height\" content=\"169\" \/>\n\t\t\t\t<a\n\t\t\thref=\"https:\/\/sbm.webmaat.dev\/wp-content\/uploads\/__2018\/06\/050-Dreyerlei-1612x907-1024x576.jpg\"\n\t\t\t\t\t\tdata-fancybox=\"images\" \n\t\t\ttitle=\"050-Dreyerlei-1612x907\" \n\t\t\t\t\t\tdata-caption=\"Van beiden uitkijkpunten heb een geweldig uitzicht op het diep in het dal liggende Bad Bertrich.\"\n\t\t\t\t\t\tdata-description=\"\" \n\t\t\titemprop=\"contentUrl\">\n\t\t<img decoding=\"async\" src=\"https:\/\/sbm.webmaat.dev\/wp-content\/uploads\/__2018\/06\/050-Dreyerlei-1612x907-300x169.jpg\" alt=\"\" data-no-lazy=\"1\" itemprop=\"thumbnail\" \/>\n\t\t\t<!-- Overlay Wrapper -->\n\t\t\t\t\t\t\tVan beiden uitkijkpunten heb een geweldig uitzicht op het diep in het dal liggende Bad Bertrich.\t\t\t\t\t\t\n\t\t\t <!-- Overlay Wrapper Closed -->\n\t\t\t\t<\/a>\n\t\t\t\t\t\t\t<meta itemprop=\"width\" content=\"300\" \/>\n\t\t\t<meta itemprop=\"height\" content=\"169\" \/>\n\t\t\t\t<a\n\t\t\thref=\"https:\/\/sbm.webmaat.dev\/wp-content\/uploads\/__2018\/06\/043-Dreyerlei-1612x907-1024x576.jpg\"\n\t\t\t\t\t\tdata-fancybox=\"images\" \n\t\t\ttitle=\"043-Dreyerlei-1612x907\" \n\t\t\t\t\t\tdata-caption=\"Om de rondwandeling niet al te lang te maken, nemen we dezelfde weg terug als dat we gekomen zijn. Eenmaal weer over het gammele bruggetje gaat het nu links en volg je het Erdenbachdal. via een scherpe bocht en vervolgens een vrij lang pad omhoog, brengt je bij de uitzichtpunten Hohenzollernturm en de Bismarckturm.\"\n\t\t\t\t\t\tdata-description=\"\" \n\t\t\titemprop=\"contentUrl\">\n\t\t<img decoding=\"async\" src=\"https:\/\/sbm.webmaat.dev\/wp-content\/uploads\/__2018\/06\/043-Dreyerlei-1612x907-300x169.jpg\" alt=\"\" data-no-lazy=\"1\" itemprop=\"thumbnail\" \/>\n\t\t\t<!-- Overlay Wrapper -->\n\t\t\t\t\t\t\tOm de rondwandeling niet al te lang te maken, nemen we dezelfde weg terug als dat we gekomen zijn. Eenmaal weer over het gammele bruggetje gaat het nu links en volg je het Erdenbachdal. via een scherpe bocht en vervolgens een vrij lang pad omhoog, brengt je bij de uitzichtpunten Hohenzollernturm en de Bismarckturm.\t\t\t\t\t\t\n\t\t\t <!-- Overlay Wrapper Closed -->\n\t\t\t\t<\/a>\n\t\t\t\t\t\t\t<meta itemprop=\"width\" content=\"300\" \/>\n\t\t\t<meta itemprop=\"height\" content=\"169\" \/>\n\t\t\t\t<a\n\t\t\thref=\"https:\/\/sbm.webmaat.dev\/wp-content\/uploads\/__2018\/05\/Uessbach-30-xt20-1-1024x683.jpg\"\n\t\t\t\t\t\tdata-fancybox=\"images\" \n\t\t\ttitle=\"Uessbach-30-xt20-1\" \n\t\t\t\t\t\tdata-caption=\"\"\n\t\t\t\t\t\tdata-description=\"\" \n\t\t\titemprop=\"contentUrl\">\n\t\t<img decoding=\"async\" src=\"https:\/\/sbm.webmaat.dev\/wp-content\/uploads\/__2018\/05\/Uessbach-30-xt20-1-300x200.jpg\" alt=\"\" data-no-lazy=\"1\" itemprop=\"thumbnail\" \/>\n\t\t\t<!-- Overlay Wrapper -->\n\t\t\t <!-- Overlay Wrapper Closed -->\n\t\t\t\t<\/a>\n\t\t\t\t\t\t\t<meta itemprop=\"width\" content=\"300\" \/>\n\t\t\t<meta itemprop=\"height\" content=\"200\" \/>\n\t\t\t\t<a\n\t\t\thref=\"https:\/\/sbm.webmaat.dev\/wp-content\/uploads\/__2018\/06\/016-Dreyerlei-1482x635-1024x439.jpg\"\n\t\t\t\t\t\tdata-fancybox=\"images\" \n\t\t\ttitle=\"016-Dreyerlei-1482x635\" \n\t\t\t\t\t\tdata-caption=\"Eenmaal over de brug gaat het ongeveer 400 meter steil bergopwaarts. Het pad is smal en rotsachtig een beetje zeker je voeten neerzetten is geen overbodige luxe. Maar de klim is meer dan de moeite waard, als beloning wacht de hoogste waterval van de Eifel met een valhoogte van 20 meter.\"\n\t\t\t\t\t\tdata-description=\"\" \n\t\t\titemprop=\"contentUrl\">\n\t\t<img decoding=\"async\" src=\"https:\/\/sbm.webmaat.dev\/wp-content\/uploads\/__2018\/06\/016-Dreyerlei-1482x635-300x129.jpg\" alt=\"\" data-no-lazy=\"1\" itemprop=\"thumbnail\" \/>\n\t\t\t<!-- Overlay Wrapper -->\n\t\t\t\t\t\t\tEenmaal over de brug gaat het ongeveer 400 meter steil bergopwaarts. Het pad is smal en rotsachtig een beetje zeker je voeten neerzetten is geen overbodige luxe. Maar de klim is meer dan de moeite waard, als beloning wacht de hoogste waterval van de Eifel met een valhoogte van 20 meter.\t\t\t\t\t\t\n\t\t\t <!-- Overlay Wrapper Closed -->\n\t\t\t\t<\/a>\n\t\t\t\t\t\t\t<meta itemprop=\"width\" content=\"300\" \/>\n\t\t\t<meta itemprop=\"height\" content=\"129\" \/>\n\t<h3><a href=\"https:\/\/sbm.webmaat.dev\/wandelen\/strohner-schweiz-wandeling\/\">Naar dag 6: Strohner Schweiz<\/a><\/h3>\n\n","protected":false},"excerpt":{"rendered":"<p>Dag 5: naar de klidingerwasserfall klidinger-wasserfall GPX file De wandeling naar de Klidingerwasserfall is in elk jaargetijde bijzonder. Zeker ook in de winter als het vriest en de waterval bevroren is. Gestart wordt er in Kenfuss, vijf minuten autorijden van de Strotzb\u00fcscher M\u00fchle, in de Neubornstra\u00dfe, tegenover huisnummer 18. Daar vind je een pad wat &#8230; <a title=\"klidingerwasserfall wandeling\" class=\"read-more\" href=\"https:\/\/sbm.webmaat.dev\/nl\/wandelen\/klidingerwasserfall-wandeling\/\" aria-label=\"Lees meer over klidingerwasserfall wandeling\">Lees verder<\/a><\/p>\n","protected":false},"author":1,"featured_media":13713,"parent":11477,"menu_order":0,"comment_status":"closed","ping_status":"closed","template":"","meta":{"_acf_changed":false,"iawp_total_views":8,"footnotes":""},"class_list":["post-12799","page","type-page","status-publish","has-post-thumbnail"],"acf":[],"_links":{"self":[{"href":"https:\/\/sbm.webmaat.dev\/nl\/wp-json\/wp\/v2\/pages\/12799","targetHints":{"allow":["GET"]}}],"collection":[{"href":"https:\/\/sbm.webmaat.dev\/nl\/wp-json\/wp\/v2\/pages"}],"about":[{"href":"https:\/\/sbm.webmaat.dev\/nl\/wp-json\/wp\/v2\/types\/page"}],"author":[{"embeddable":true,"href":"https:\/\/sbm.webmaat.dev\/nl\/wp-json\/wp\/v2\/users\/1"}],"replies":[{"embeddable":true,"href":"https:\/\/sbm.webmaat.dev\/nl\/wp-json\/wp\/v2\/comments?post=12799"}],"version-history":[{"count":0,"href":"https:\/\/sbm.webmaat.dev\/nl\/wp-json\/wp\/v2\/pages\/12799\/revisions"}],"up":[{"embeddable":true,"href":"https:\/\/sbm.webmaat.dev\/nl\/wp-json\/wp\/v2\/pages\/11477"}],"wp:featuredmedia":[{"embeddable":true,"href":"https:\/\/sbm.webmaat.dev\/nl\/wp-json\/wp\/v2\/media\/13713"}],"wp:attachment":[{"href":"https:\/\/sbm.webmaat.dev\/nl\/wp-json\/wp\/v2\/media?parent=12799"}],"curies":[{"name":"wp","href":"https:\/\/api.w.org\/{rel}","templated":true}]}}