{"id":12744,"date":"2020-11-05T10:10:45","date_gmt":"2020-11-05T09:10:45","guid":{"rendered":"https:\/\/sbm.webmaat.dev\/?page_id=12744"},"modified":"2024-10-25T21:20:00","modified_gmt":"2024-10-25T19:20:00","slug":"entersburg-wandeling","status":"publish","type":"page","link":"https:\/\/sbm.webmaat.dev\/nl\/wandelen\/entersburg-wandeling\/","title":{"rendered":"Entersburg wandeling"},"content":{"rendered":"\n<h2>\n\t\tDag 1: naar de Enterburg\n\t<\/h2>\n\t\t\t<a href=\"https:\/\/sbm.webmaat.dev\/wp-content\/uploads\/2020\/12\/entersburg-3.gpx\" download target=\"_self\" role=\"button\" rel=\"noopener\">\n\t\t\t\t\t\t\tEntersburg GPX file\n\t\t\t\t\t<\/a>\n\t\t\t\t<a\n\t\t\thref=\"https:\/\/sbm.webmaat.dev\/wp-content\/uploads\/__2018\/04\/Enterburg-1024x585.png\"\n\t\t\t\t\t\tdata-fancybox=\"images\" \n\t\t\ttitle=\"Wandelroute Enterburg\" \n\t\t\t\t\t\tdata-caption=\"Wandelroute Enterburg,\nlengte: 15.5 km\nmeters stijgen: 690 meter\n\"\n\t\t\t\t\t\tdata-description=\"omschrijving van de foto\" \n\t\t\titemprop=\"contentUrl\">\n\t\t<img decoding=\"async\" src=\"https:\/\/sbm.webmaat.dev\/wp-content\/uploads\/__2018\/04\/Enterburg-300x171.png\" alt=\"Wandelroute Enterburg\" data-no-lazy=\"1\" itemprop=\"thumbnail\" \/>\n\t\t\t<!-- Overlay Wrapper -->\n\t\t\t\t\t\t\tWandelroute Enterburg,\nlengte: 15.5 km\nmeters stijgen: 690 meter\n\t\t\t <!-- Overlay Wrapper Closed -->\n\t\t\t\t<\/a>\n\t\t\t\t\t\t\t<meta itemprop=\"width\" content=\"300\" \/>\n\t\t\t<meta itemprop=\"height\" content=\"171\" \/>\n\t\t\t\t<a\n\t\t\thref=\"https:\/\/sbm.webmaat.dev\/wp-content\/uploads\/__2018\/04\/Uessbach-01-xt200-1024x683.jpg\"\n\t\t\t\t\t\tdata-fancybox=\"images\" \n\t\t\ttitle=\"Uessbach-01-xt200\" \n\t\t\t\t\t\tdata-caption=\"Een wandeling die naar het zuiden voert door het bosrijke dal van de Ue\u00dfbach met als verste punt de Entersburg. Van daar gaat het door het Lutzerather Wald naar de 'Drei Eichenh\u00fctte en vervolgens terug naar de Strotzb\u00fcscher M\u00fchle.\"\n\t\t\t\t\t\tdata-description=\"omschrijving van de foto\" \n\t\t\titemprop=\"contentUrl\">\n\t\t<img decoding=\"async\" src=\"https:\/\/sbm.webmaat.dev\/wp-content\/uploads\/__2018\/04\/Uessbach-01-xt200-300x200.jpg\" alt=\"\" data-no-lazy=\"1\" itemprop=\"thumbnail\" \/>\n\t\t\t<!-- Overlay Wrapper -->\n\t\t\t\t\t\t\tEen wandeling die naar het zuiden voert door het bosrijke dal van de Ue\u00dfbach met als verste punt de Entersburg. Van daar gaat het door het Lutzerather Wald naar de &#8216;Drei Eichenh\u00fctte en vervolgens terug naar de Strotzb\u00fcscher M\u00fchle.\t\t\t\t\t\t\n\t\t\t <!-- Overlay Wrapper Closed -->\n\t\t\t\t<\/a>\n\t\t\t\t\t\t\t<meta itemprop=\"width\" content=\"300\" \/>\n\t\t\t<meta itemprop=\"height\" content=\"200\" \/>\n\t\t\t\t<a\n\t\t\thref=\"https:\/\/sbm.webmaat.dev\/wp-content\/uploads\/__2018\/04\/Uessbach-05-xt200-1024x683.jpg\"\n\t\t\t\t\t\tdata-fancybox=\"images\" \n\t\t\ttitle=\"Uessbach-05-xt200\" \n\t\t\t\t\t\tdata-caption=\"De Entersburg ligt niet ver van Bad Bertrich op een plateau in het dal van de \u00dc\u00dfbache. De Entersburg werd vermoedelijk in de 11e eeuw gebouwd en is kort daarna verwoest. In 1895 verrees er op het plateau, ter herinnering aan de burcht, een uitzichttoren. Deze toren wordt de  \"Steffenswarte\" wordt genoemd.\"\n\t\t\t\t\t\tdata-description=\"omschrijving van de foto\" \n\t\t\titemprop=\"contentUrl\">\n\t\t<img decoding=\"async\" src=\"https:\/\/sbm.webmaat.dev\/wp-content\/uploads\/__2018\/04\/Uessbach-05-xt200-300x200.jpg\" alt=\"\" data-no-lazy=\"1\" itemprop=\"thumbnail\" \/>\n\t\t\t<!-- Overlay Wrapper -->\n\t\t\t\t\t\t\tDe Entersburg ligt niet ver van Bad Bertrich op een plateau in het dal van de \u00dc\u00dfbache. De Entersburg werd vermoedelijk in de 11e eeuw gebouwd en is kort daarna verwoest. In 1895 verrees er op het plateau, ter herinnering aan de burcht, een uitzichttoren. Deze toren wordt de  &#8220;Steffenswarte&#8221; wordt genoemd.\t\t\t\t\t\t\n\t\t\t <!-- Overlay Wrapper Closed -->\n\t\t\t\t<\/a>\n\t\t\t\t\t\t\t<meta itemprop=\"width\" content=\"300\" \/>\n\t\t\t<meta itemprop=\"height\" content=\"200\" \/>\n\t\t\t\t<a\n\t\t\thref=\"https:\/\/sbm.webmaat.dev\/wp-content\/uploads\/__2018\/04\/Uessbach-50-xt200-1024x682.jpg\"\n\t\t\t\t\t\tdata-fancybox=\"images\" \n\t\t\ttitle=\"Uessbach-50-xt200\" \n\t\t\t\t\t\tdata-caption=\"Het is een meer dan prachtige wandeling door uitsluitend bos. Je steekt nergens een weg over of doorkruist nergens een dorp. Onderweg geen versnaperingen te vinden, dus genoeg proviand en water mee.\"\n\t\t\t\t\t\tdata-description=\"\" \n\t\t\titemprop=\"contentUrl\">\n\t\t<img decoding=\"async\" src=\"https:\/\/sbm.webmaat.dev\/wp-content\/uploads\/__2018\/04\/Uessbach-50-xt200-300x200.jpg\" alt=\"\" data-no-lazy=\"1\" itemprop=\"thumbnail\" \/>\n\t\t\t<!-- Overlay Wrapper -->\n\t\t\t\t\t\t\tHet is een meer dan prachtige wandeling door uitsluitend bos. Je steekt nergens een weg over of doorkruist nergens een dorp. Onderweg geen versnaperingen te vinden, dus genoeg proviand en water mee.\t\t\t\t\t\t\n\t\t\t <!-- Overlay Wrapper Closed -->\n\t\t\t\t<\/a>\n\t\t\t\t\t\t\t<meta itemprop=\"width\" content=\"300\" \/>\n\t\t\t<meta itemprop=\"height\" content=\"200\" \/>\n\t\t\t\t<a\n\t\t\thref=\"https:\/\/sbm.webmaat.dev\/wp-content\/uploads\/__2018\/05\/Uessbach-77-x200-1024x683.jpg\"\n\t\t\t\t\t\tdata-fancybox=\"images\" \n\t\t\ttitle=\"Uessbach-77-x200\" \n\t\t\t\t\t\tdata-caption=\"De Entersburcht lag op een gelaagd leisteenplateau en keek uit over het \u00dc\u00dfbachdal. Het plateau met een maximale hoogte van 262 meter, een breedte van 130 m en een lengte van 250 meter, wordt met uitzondering van de oostkant, beschermd door steile wanden.\"\n\t\t\t\t\t\tdata-description=\"\" \n\t\t\titemprop=\"contentUrl\">\n\t\t<img decoding=\"async\" src=\"https:\/\/sbm.webmaat.dev\/wp-content\/uploads\/__2018\/05\/Uessbach-77-x200-300x200.jpg\" alt=\"\" data-no-lazy=\"1\" itemprop=\"thumbnail\" \/>\n\t\t\t<!-- Overlay Wrapper -->\n\t\t\t\t\t\t\tDe Entersburcht lag op een gelaagd leisteenplateau en keek uit over het \u00dc\u00dfbachdal. Het plateau met een maximale hoogte van 262 meter, een breedte van 130 m en een lengte van 250 meter, wordt met uitzondering van de oostkant, beschermd door steile wanden.\t\t\t\t\t\t\n\t\t\t <!-- Overlay Wrapper Closed -->\n\t\t\t\t<\/a>\n\t\t\t\t\t\t\t<meta itemprop=\"width\" content=\"300\" \/>\n\t\t\t<meta itemprop=\"height\" content=\"200\" \/>\n\t\t\t\t<a\n\t\t\thref=\"https:\/\/sbm.webmaat.dev\/wp-content\/uploads\/__2018\/04\/Uessbach-41-xt200-1024x682.jpg\"\n\t\t\t\t\t\tdata-fancybox=\"images\" \n\t\t\ttitle=\"Uessbach-41-xt200\" \n\t\t\t\t\t\tdata-caption=\"De uitzichttoren, die ter ere van de Entersburcht is gebouwd, is jammergenoeg niet meer te beklimmen. Maar dat neemt niet weg dat je een geweldig uitzicht over de omgeving hebt. Een beetje rondlopen op het plateau is bovendien zeker de moeite waard.\"\n\t\t\t\t\t\tdata-description=\"\" \n\t\t\titemprop=\"contentUrl\">\n\t\t<img decoding=\"async\" src=\"https:\/\/sbm.webmaat.dev\/wp-content\/uploads\/__2018\/04\/Uessbach-41-xt200-300x200.jpg\" alt=\"\" data-no-lazy=\"1\" itemprop=\"thumbnail\" \/>\n\t\t\t<!-- Overlay Wrapper -->\n\t\t\t\t\t\t\tDe uitzichttoren, die ter ere van de Entersburcht is gebouwd, is jammergenoeg niet meer te beklimmen. Maar dat neemt niet weg dat je een geweldig uitzicht over de omgeving hebt. Een beetje rondlopen op het plateau is bovendien zeker de moeite waard.\t\t\t\t\t\t\n\t\t\t <!-- Overlay Wrapper Closed -->\n\t\t\t\t<\/a>\n\t\t\t\t\t\t\t<meta itemprop=\"width\" content=\"300\" \/>\n\t\t\t<meta itemprop=\"height\" content=\"200\" \/>\n\t\t\t\t<a\n\t\t\thref=\"https:\/\/sbm.webmaat.dev\/wp-content\/uploads\/__2018\/04\/Uessbach-53-xt200-1024x682.jpg\"\n\t\t\t\t\t\tdata-fancybox=\"images\" \n\t\t\ttitle=\"Uessbach-53-xt200\" \n\t\t\t\t\t\tdata-caption=\"Rond het jaar 1920 verloor een dame, die als \"Kurgast\" in Bad Bertrich verbleef, een kostbaar juweel bij een wandeling onder de Entersburg langs de \u00dcssbach . Toen het sieraard een paar dagen later gevonden werd, liet zij, in een kleine grot nabij de plek van de ontdekking een gedenkteken ter ere van de heilige Antonius van Padua inrichten. \"\n\t\t\t\t\t\tdata-description=\"\" \n\t\t\titemprop=\"contentUrl\">\n\t\t<img decoding=\"async\" src=\"https:\/\/sbm.webmaat.dev\/wp-content\/uploads\/__2018\/04\/Uessbach-53-xt200-300x200.jpg\" alt=\"\" data-no-lazy=\"1\" itemprop=\"thumbnail\" \/>\n\t\t\t<!-- Overlay Wrapper -->\n\t\t\t\t\t\t\tRond het jaar 1920 verloor een dame, die als &#8220;Kurgast&#8221; in Bad Bertrich verbleef, een kostbaar juweel bij een wandeling onder de Entersburg langs de \u00dcssbach . Toen het sieraard een paar dagen later gevonden werd, liet zij, in een kleine grot nabij de plek van de ontdekking een gedenkteken ter ere van de heilige Antonius van Padua inrichten. \t\t\t\t\t\t\n\t\t\t <!-- Overlay Wrapper Closed -->\n\t\t\t\t<\/a>\n\t\t\t\t\t\t\t<meta itemprop=\"width\" content=\"300\" \/>\n\t\t\t<meta itemprop=\"height\" content=\"200\" \/>\n\t\t\t\t<a\n\t\t\thref=\"https:\/\/sbm.webmaat.dev\/wp-content\/uploads\/__2018\/04\/Uessbach-43-xt200-1024x682.jpg\"\n\t\t\t\t\t\tdata-fancybox=\"images\" \n\t\t\ttitle=\"Uessbach-43-xt200\" \n\t\t\t\t\t\tdata-caption=\"Nadat je de brug over de \u00dc\u00dfbach bent overgestoken, gaat het linksaf en ben je begonnen aan de weg terug. Vanaf het smalle pad dat hooggelegen is, heb je een mooi overzicht over de vallei.\"\n\t\t\t\t\t\tdata-description=\"\" \n\t\t\titemprop=\"contentUrl\">\n\t\t<img decoding=\"async\" src=\"https:\/\/sbm.webmaat.dev\/wp-content\/uploads\/__2018\/04\/Uessbach-43-xt200-300x200.jpg\" alt=\"\" data-no-lazy=\"1\" itemprop=\"thumbnail\" \/>\n\t\t\t<!-- Overlay Wrapper -->\n\t\t\t\t\t\t\tNadat je de brug over de \u00dc\u00dfbach bent overgestoken, gaat het linksaf en ben je begonnen aan de weg terug. Vanaf het smalle pad dat hooggelegen is, heb je een mooi overzicht over de vallei.\t\t\t\t\t\t\n\t\t\t <!-- Overlay Wrapper Closed -->\n\t\t\t\t<\/a>\n\t\t\t\t\t\t\t<meta itemprop=\"width\" content=\"300\" \/>\n\t\t\t<meta itemprop=\"height\" content=\"200\" \/>\n\t<h3><a href=\"https:\/\/sbm.webmaat.dev\/wandelen\/sauerbrunnen-wandeling\/\">Naar dag 2: Sauerbrunnen<\/a><\/h3>\n\n","protected":false},"excerpt":{"rendered":"<p>Dag 1: naar de Enterburg Entersburg GPX file Wandelroute Enterburg, lengte: 15.5 km meters stijgen: 690 meter Een wandeling die naar het zuiden voert door het bosrijke dal van de Ue\u00dfbach met als verste punt de Entersburg. Van daar gaat het door het Lutzerather Wald naar de &#8216;Drei Eichenh\u00fctte en vervolgens terug naar de Strotzb\u00fcscher &#8230; <a title=\"Entersburg wandeling\" class=\"read-more\" href=\"https:\/\/sbm.webmaat.dev\/nl\/wandelen\/entersburg-wandeling\/\" aria-label=\"Lees meer over Entersburg wandeling\">Lees verder<\/a><\/p>\n","protected":false},"author":1,"featured_media":13253,"parent":11477,"menu_order":0,"comment_status":"closed","ping_status":"closed","template":"","meta":{"_acf_changed":false,"iawp_total_views":13,"footnotes":""},"class_list":["post-12744","page","type-page","status-publish","has-post-thumbnail"],"acf":[],"_links":{"self":[{"href":"https:\/\/sbm.webmaat.dev\/nl\/wp-json\/wp\/v2\/pages\/12744","targetHints":{"allow":["GET"]}}],"collection":[{"href":"https:\/\/sbm.webmaat.dev\/nl\/wp-json\/wp\/v2\/pages"}],"about":[{"href":"https:\/\/sbm.webmaat.dev\/nl\/wp-json\/wp\/v2\/types\/page"}],"author":[{"embeddable":true,"href":"https:\/\/sbm.webmaat.dev\/nl\/wp-json\/wp\/v2\/users\/1"}],"replies":[{"embeddable":true,"href":"https:\/\/sbm.webmaat.dev\/nl\/wp-json\/wp\/v2\/comments?post=12744"}],"version-history":[{"count":1,"href":"https:\/\/sbm.webmaat.dev\/nl\/wp-json\/wp\/v2\/pages\/12744\/revisions"}],"predecessor-version":[{"id":17904,"href":"https:\/\/sbm.webmaat.dev\/nl\/wp-json\/wp\/v2\/pages\/12744\/revisions\/17904"}],"up":[{"embeddable":true,"href":"https:\/\/sbm.webmaat.dev\/nl\/wp-json\/wp\/v2\/pages\/11477"}],"wp:featuredmedia":[{"embeddable":true,"href":"https:\/\/sbm.webmaat.dev\/nl\/wp-json\/wp\/v2\/media\/13253"}],"wp:attachment":[{"href":"https:\/\/sbm.webmaat.dev\/nl\/wp-json\/wp\/v2\/media?parent=12744"}],"curies":[{"name":"wp","href":"https:\/\/api.w.org\/{rel}","templated":true}]}}