{"id":11993,"date":"2019-11-25T11:39:11","date_gmt":"2019-11-25T10:39:11","guid":{"rendered":"https:\/\/sbm.webmaat.dev\/?page_id=11993"},"modified":"2024-12-01T22:48:32","modified_gmt":"2024-12-01T21:48:32","slug":"natuurkampeerterrein","status":"publish","type":"page","link":"https:\/\/sbm.webmaat.dev\/nl\/natuurkampeerterrein\/","title":{"rendered":"Het natuurkampeerterrein"},"content":{"rendered":"\n<h2>\n\t\tDe natuurcamping\n\t<\/h2>\n\t<blockquote><p><i>Op een adembenemende plek buiten zijn, er wakker worden. Dat is kamperen rond de Strotzb\u00fcscher M\u00fchle.<\/i><\/p><\/blockquote>\n\t<p>Op het terrein rond de Strotzb\u00fcscher M\u00fchle, ligt in het beekdal van het riviertje de Uessbach, de natuurcamping. Alleen via een kronkelend, doodlopend weggetje door het bos, is het terrein te bereiken. Beneden aangekomen baant het\u00a0water van de beek zich lieflijk een weg door het landschap. De vallei ligt in oost-westelijke richting en is daardoor de hele dag zonovergoten. De plek is\u00a0omsloten door bosrijke, rotsachtige hellingen vol beuken en eikenbomen. Op de oevers van het riviertje hebben zich grasvlaktes gevormd waarin verschillende (fruit)bomen het decor zijn. Tussen die bomen is het prima kamperen.<\/p>\n<p>Kamperen kan met je eigen tent, carvan, camper of anderszins. Ook hebben we drie geheel ingerichte hutten te huur en kun je &#8220;slapen in een wagen&#8221;. Op het natuurkampeerterrein kunnen maximaal 80 mensen tegelijkertijd te gast zijn.<\/p>\n\t\t\tHet kamperen\n\t\t\t\t\t\t<a href=\"https:\/\/sbm.webmaat.dev\/nl\/natuurcamping\/\" target=\"_self\" role=\"button\">\n\t\t\t\t\t\t\t<\/a>\n\t\t\tDe hutten\n\t\t\t\t\t\t<a href=\"https:\/\/sbm.webmaat.dev\/nl\/blokhutten\/\" target=\"_self\" role=\"button\">\n\t\t\t\t\t\t\t<\/a>\n\t\t\tSlapen in een wagen\n\t\t\t\t\t\t<a href=\"https:\/\/sbm.webmaat.dev\/nl\/bouwwagen\/\" target=\"_self\" role=\"button\">\n\t\t\t\t\t\t\t<\/a>\n<h3>\n\t\tWassen en plassen, chemisch toilette\n\t<\/h3>\n\t<p>Toiletten, douches en afwasgelegenheid zijn nieuw ingerichte ruimtes in de voormalige &#8220;M\u00fchle&#8221;-gebouwen. De toiletten zijn gescheiden van de douches en de afwasgelegenheid. Er zijn drie douches en een familiedouche. Verder zijn er vijf toiletten, drie vrouwen- en twee mannen-, plus twee urinoirs. Het sanitair is ruim voldoende en wordt elke dag grondig schoongemaakt. Ook kan er gebruik gemaakt worden van een wasmachine en een droger. We hebben geen mogelijkheid chemische toiletten te legen. Mocht je chemicali\u00ebn in je toilet gebruiken kan je die legen in het plaatsje Lutzerath (3 km van hier)<\/p>\n<h3>\n\t\tDe auto en vuurtje stoken\n\t<\/h3>\n\t<p>Het terrein is autovrij. Voor auto&#8217;s hebben we een parkeerplaats. Natuurlijk ben je wel met je camper, of auto met daktent op het terrein van harte welkom. Verder is het weggetje de vallei in 14% steil en heeft twee scherpe haarspeldbochten. Bestuurders die zich niet vertrouwd voelen om met de caravans of andersoortige aanhangers (tot 7,5 meter en 1300 kg zwaar) naar beneden te rijden, \u00a0kunnen wij op verzoek met onze eigen auto terzijde staan. Wij klaren dan het klusje. Er zijn meerdere tuinkachels waarin het goed vuurtje stoken is. Hout voor een vuurtje wordt zelf afgewogen en het aantal kilo&#8217;s op het bijbehorende lijstje ingevuld. Zelf hout meebrengen mag ook.<\/p>\n<h3>\n\t\tSonya kookt\n\t<\/h3>\n\t<p>Sonya kookt in Juli en Augustus 4 dagen per week en wel op donderdag, vrijdag, zaterdag en zondag. Bij het vallen van de avond (19.00 uur) wordt er, onder de overkapping voor de herberg,\u00a0de maaltijd geserveerd. Het is een ruime maaltijd met een hoofdgerecht, een salade of soep en een toetje toe. Waarna het bij een koffie of thee nog fijn natafelen is. In principe gaat het om \u00e9\u00e9n menu, maar er wordt rekening gehouden met allergie\u00ebn, uiteraard is vegetarisch eten helemaal geen probleem.<\/p>\n<h3>\n\t\tMee-eten, broodjes en ontbijt\n\t<\/h3>\n\t<p>Wanneer je vooraf aangeeft dat je mee wilt eten, kan je &#8217;s avonds plaatsnemen aan de lange tafel. Het is de plek om lekker te eten, maar ook om in contact te komen met andere mensen. Een fles wijn staat op de bar, uit de kast kan je een glas pakken. Een turfje achter je naam volstaat. In de ochtend hebben we bruine en witte broodjes voor bij de tent, maar het nuttigen van een volledig ontbijt kan ook.<\/p>\n<h3>\n\t\tWat te doen\n\t<\/h3>\n\t<p>In de omgeving is veel te zien en te doen. Uiteraard kan je hier prima wandelen en fietsen (voor de wat minder getrainde is een E-bike een aanrader). Maar er zijn ook verschillende kastelen en authentieke plaatsjes. Trier, als oudste stad van Duitsland, is de bekendste en de moeite van een bezoek waard. In de directe omgeving is er het wildpark in Daun, het wolfsadelaars park in Pelm , of de kletterwand in Manderscheid. \u00a0Het is maar een greep uit vele de mogelijkheden die er zijn. Kijk ook even onder <a href=\"https:\/\/sbm.webmaat.dev\/nl\/dagtrips\/\">&#8220;dagtrips&#8221;.<\/a><\/p>\n<p>Voor boodschappen is er het plaatsje Lutzerath, op drie kilometer hier vandaan, het dichtste bij. Een supermarkt en wat andere winkels zijn er te vinden.<\/p>\n\t\t\tHet kamperen\n\t\t\t\t\t\t<a href=\"https:\/\/sbm.webmaat.dev\/nl\/natuurcamping-boeken\/\" target=\"_self\" role=\"button\">\n\t\t\t\tboeken\t\t\t<\/a>\n\t\t\tDe hutten\n\t\t\t\t\t\t<a href=\"https:\/\/sbm.webmaat.dev\/nl\/blokhut-boeken\/\" target=\"_self\" role=\"button\">\n\t\t\t\tboeken\t\t\t<\/a>\n\t\t\tSlapen in een wagen\n\t\t\t\t\t\t<a href=\"https:\/\/sbm.webmaat.dev\/nl\/slapen-in-een-wagen-boeken\/\" target=\"_self\" role=\"button\">\n\t\t\t\tboeken\t\t\t<\/a>\n\n","protected":false},"excerpt":{"rendered":"<p>De natuurcamping Op een adembenemende plek buiten zijn, er wakker worden. Dat is kamperen rond de Strotzb\u00fcscher M\u00fchle. Op het terrein rond de Strotzb\u00fcscher M\u00fchle, ligt in het beekdal van het riviertje de Uessbach, de natuurcamping. Alleen via een kronkelend, doodlopend weggetje door het bos, is het terrein te bereiken. Beneden aangekomen baant het\u00a0water van &#8230; <a title=\"Het natuurkampeerterrein\" class=\"read-more\" href=\"https:\/\/sbm.webmaat.dev\/nl\/natuurkampeerterrein\/\" aria-label=\"Lees meer over Het natuurkampeerterrein\">Lees verder<\/a><\/p>\n","protected":false},"author":1,"featured_media":18258,"parent":0,"menu_order":0,"comment_status":"closed","ping_status":"closed","template":"","meta":{"_acf_changed":false,"iawp_total_views":305,"footnotes":""},"class_list":["post-11993","page","type-page","status-publish","has-post-thumbnail"],"acf":[],"_links":{"self":[{"href":"https:\/\/sbm.webmaat.dev\/nl\/wp-json\/wp\/v2\/pages\/11993","targetHints":{"allow":["GET"]}}],"collection":[{"href":"https:\/\/sbm.webmaat.dev\/nl\/wp-json\/wp\/v2\/pages"}],"about":[{"href":"https:\/\/sbm.webmaat.dev\/nl\/wp-json\/wp\/v2\/types\/page"}],"author":[{"embeddable":true,"href":"https:\/\/sbm.webmaat.dev\/nl\/wp-json\/wp\/v2\/users\/1"}],"replies":[{"embeddable":true,"href":"https:\/\/sbm.webmaat.dev\/nl\/wp-json\/wp\/v2\/comments?post=11993"}],"version-history":[{"count":30,"href":"https:\/\/sbm.webmaat.dev\/nl\/wp-json\/wp\/v2\/pages\/11993\/revisions"}],"predecessor-version":[{"id":18294,"href":"https:\/\/sbm.webmaat.dev\/nl\/wp-json\/wp\/v2\/pages\/11993\/revisions\/18294"}],"wp:featuredmedia":[{"embeddable":true,"href":"https:\/\/sbm.webmaat.dev\/nl\/wp-json\/wp\/v2\/media\/18258"}],"wp:attachment":[{"href":"https:\/\/sbm.webmaat.dev\/nl\/wp-json\/wp\/v2\/media?parent=11993"}],"curies":[{"name":"wp","href":"https:\/\/api.w.org\/{rel}","templated":true}]}}