{"id":11479,"date":"2019-09-03T13:53:58","date_gmt":"2019-09-03T11:53:58","guid":{"rendered":"https:\/\/sbm.webmaat.dev\/?page_id=11479"},"modified":"2024-10-25T21:22:17","modified_gmt":"2024-10-25T19:22:17","slug":"vliegvissen","status":"publish","type":"page","link":"https:\/\/sbm.webmaat.dev\/nl\/vliegvissen\/","title":{"rendered":"Vliegvissen"},"content":{"rendered":"\n<h2>\n\t\tVliegvissen op de Ue\u00dfbach<br data-mce-bogus=\"1\"\/>\n\t<\/h2>\n\t<blockquote><p><i>Op de terugweg neurie ik een ode aan de eenvoud. De eenvoud van het vliegvissen. En de eenvoud van die vlieg. En ik neem me voor om er maar weer eens dertig van te binden.<\/i><\/p><\/blockquote>\n\t<p>De Strotzb\u00fcscher M\u00fchle ligt in het &#8220;Siebenbachtal&#8221;. Wanneer je vanaf de hoger gelegen gronden in het dal kijkt, zie je een wirwar van stroompjes het beekdal doorkruisen. Het riviertje de \u00dc\u00dfbach speelt verstoppertje achter de verschillende rotsformaties om even verderop weer tevoorschijn te komen. Door het sterke meanderen van het riviertje heeft zich een landschap kunnen vormen waarbij het lijkt alsof hier niet \u00e9\u00e9n maar minstens zeven riviertjes hun weg zoeken&#8230;.<\/p>\n<p>De \u00dc\u00dfbach is een idyllisch snel stromend riviertje van 5 tot 6 meter breed. De oevers bestaan hoofdzakelijk uit grasland (in de zomer sterk begroeid) afgewisseld met steile hellingen. Van April t\/m November staat er gemiddeld 40 centimeter water, maar in de talrijke poelen kan het meer dan een meter diep zijn. Van December t\/m Maart is de waterstand gemiddeld 80 centimeter, een beetje afhankelijk van hoeveel het heeft geregend, kanovaren is op sommige momenten dan ook mogelijk.<\/p>\n<h2>\n\t\tDe vergunning\n\t<\/h2>\n\t<p>Wij pachten een traject viswater op de \u00dc\u00dfbach van 2,9 kilometer. Dit traject loopt van de dam, daar waar de \u00dc\u00dfbach deels in de molengang stroomt, tot aan de &#8220;Kreissgrenze Daun-Wittlich&#8221; (\u00dc\u00dfbach 3 Los 4).<\/p>\n<p>Strotzb\u00fcsch ligt in het Duitse Bundesland Rheinland Pfalz. Om in de Ue\u00dfbach op ons traject te mogen vissen heb je een &#8220;rheinland-pf\u00e4lzisch Fischereischein&#8221; nodig. Deze visvergunning is verplicht en moet bij eventuele controle door de dienstdoende ambtenaar worden getoond.<\/p>\n<p>Voor mensen die niet in Duitsland wonen kan deze worden aangevraagd op het gemeentehuis in <a href=\"https:\/\/www.vgv-daun.de\/vg_daun\/B\u00fcrgerservice\/Was%20erledige%20ich%20wo%3F\/?bsinst=0&amp;bsparentid=RLP%3Acategory%3A247228788%3AANLK&amp;bsparam=&amp;submit_button=Show&amp;submit_button=Show\" target=\"_blank\" rel=\"noopener\">Daun<\/a> of in <a href=\"https:\/\/www.gerolstein.de\/verwaltung\/mitarbeiterverzeichnis\/?q=Jagd,%20Fischerei%20und%20Forstwirtschaft\" target=\"_blank\" rel=\"noopener\">Gerolstein<\/a>. Daartoe moet je aantonen dat je in Rheinland Pfalz verblijft (Dat kan via onze boekingsbevestiging). De kosten voor een Fischereischein liggen rond de \u20ac 15,- (2023).<\/p>\n<p>Met zo&#8217;n vergunning mag je in heel Rheinland Pfalz vissen, mits je toestemming hebt van de pachter of rechthebbende van het viswater waar je wilt gaan vissen. De pachter is verantwoordelijk voor een deugdelijk beheer van het viswater. Naast die taak hebben ze hun eigen regels om invulling aan het beheer te geven.<\/p>\n<p>De meeste pachters betalen behoorlijke pachtbedragen aan de gemeentes waartoe het viswater behoort. Om die kosten enigszins te drukken vragen zij een vergoeding of tegenprestatie aan de visser. Op het door ons gepachte traject mag je uitsluitend vliegvissen met de voorwaarde dat je minimaal 4 overnachtingen boekt. Voor elke gedode vis betaal je \u20ac 8,50.<\/p>\n<p>Vissen is een jachtvorm. Een jager heeft respect voor het dier en laat zijn vangst niet onnodig lijden. Het vliegvissen gebeurd dan ook met een enkele haak zonder weerhaken. Dat maakt dat de vis, hoofdzakelijk Bachforel, door de beet in de haak niet onnodig ernstig verwond raakt. De vis moet in principe na de vangst worden teruggezet, waardoor de visstand in de beek op pijl blijft, zo wordt overbevissing voorkomen.<\/p>\n<h2>\n\t\tLeren vliegvissen\n\t<\/h2>\n\t<p>Het vissen met zelfgemaakte &#8220;nepvliegen&#8221; werd al gedaan door onze verre voorouders. De overwegingen en de keus voor een bepaalde vlieg waarmee je de vis probeert te verleiden, is wat het vliegvissen fascinerend maakt.<\/p>\n<p>De vliegvisser vist met namaak insecten. Dat zijn imitaties van insecten die in de echte wereld vanaf de oever in het water zijn gewaaid of geland. De verschillende soorten insecten laten zichzelf zien op het moment dat de tijd daar rijp voor is. Dat is afhankelijk van de periode in het jaar, het moment in de dag en ook het weer speelt een rol. De bachforel is een slimme roofvis en komt veel voor bij ons in de Ue\u00dfbach. Hij laat zich niet foppen door elke namaak vlieg die hem wordt voorgehouden. De visser laat zijn intu\u00eftie en ervaring spreken en kiest&#8230;<\/p>\n<p>Het is mogelijk een cursus te volgen bij bijvoorbeeld <a href=\"http:\/\/fliegenfischerschulevulkaneifel.de\" target=\"_blank\" rel=\"noopener\">Willi Schmitt<\/a> kijk op zijn website.<\/p>\n\n","protected":false},"excerpt":{"rendered":"<p>Vliegvissen op de Ue\u00dfbach Op de terugweg neurie ik een ode aan de eenvoud. De eenvoud van het vliegvissen. En de eenvoud van die vlieg. En ik neem me voor om er maar weer eens dertig van te binden. De Strotzb\u00fcscher M\u00fchle ligt in het &#8220;Siebenbachtal&#8221;. Wanneer je vanaf de hoger gelegen gronden in het &#8230; <a title=\"Vliegvissen\" class=\"read-more\" href=\"https:\/\/sbm.webmaat.dev\/nl\/vliegvissen\/\" aria-label=\"Lees meer over Vliegvissen\">Lees verder<\/a><\/p>\n","protected":false},"author":1,"featured_media":13292,"parent":0,"menu_order":0,"comment_status":"closed","ping_status":"closed","template":"","meta":{"_acf_changed":false,"iawp_total_views":53,"footnotes":""},"class_list":["post-11479","page","type-page","status-publish","has-post-thumbnail"],"acf":[],"_links":{"self":[{"href":"https:\/\/sbm.webmaat.dev\/nl\/wp-json\/wp\/v2\/pages\/11479","targetHints":{"allow":["GET"]}}],"collection":[{"href":"https:\/\/sbm.webmaat.dev\/nl\/wp-json\/wp\/v2\/pages"}],"about":[{"href":"https:\/\/sbm.webmaat.dev\/nl\/wp-json\/wp\/v2\/types\/page"}],"author":[{"embeddable":true,"href":"https:\/\/sbm.webmaat.dev\/nl\/wp-json\/wp\/v2\/users\/1"}],"replies":[{"embeddable":true,"href":"https:\/\/sbm.webmaat.dev\/nl\/wp-json\/wp\/v2\/comments?post=11479"}],"version-history":[{"count":1,"href":"https:\/\/sbm.webmaat.dev\/nl\/wp-json\/wp\/v2\/pages\/11479\/revisions"}],"predecessor-version":[{"id":17906,"href":"https:\/\/sbm.webmaat.dev\/nl\/wp-json\/wp\/v2\/pages\/11479\/revisions\/17906"}],"wp:featuredmedia":[{"embeddable":true,"href":"https:\/\/sbm.webmaat.dev\/nl\/wp-json\/wp\/v2\/media\/13292"}],"wp:attachment":[{"href":"https:\/\/sbm.webmaat.dev\/nl\/wp-json\/wp\/v2\/media?parent=11479"}],"curies":[{"name":"wp","href":"https:\/\/api.w.org\/{rel}","templated":true}]}}