{"id":17973,"date":"2024-11-18T19:09:21","date_gmt":"2024-11-18T18:09:21","guid":{"rendered":"https:\/\/sbm.webmaat.dev\/?page_id=17973"},"modified":"2024-11-25T17:10:07","modified_gmt":"2024-11-25T16:10:07","slug":"bauwagen","status":"publish","type":"page","link":"https:\/\/sbm.webmaat.dev\/de\/bauwagen\/","title":{"rendered":"Schlafen im Wagen"},"content":{"rendered":"<h2>\n\t\tDer Wagen<br data-mce-bogus=\"1\"\/>\n\t<\/h2>\n\t<blockquote><p>Een vertrek waar je je te ruste legt,\u00a0een ruimte ter afbakening met het &#8220;buiten&#8221;.<\/p><\/blockquote>\n\t<p>Tussen de appelbomen, direct aan de molengang staan vanaf de zomer van 2025 een bouwkeet. Dat klinkt een beetje oneerbiedig, maar zo&#8217;n bouwwagen bergt veel ruimtelijkheid in zich. Je hebt het gevoel alsof je in een kamer vertoeft, heel anders dan bijvoorbeeld in een caravan. De wanden, het dak en de vloer zijn bekleed met hout,\u00a0wat een warme en natuurlijke uitstraling geeft. Dankzij de grote glazen deuren valt er veel licht naar binnen, en zittend aan de multifunctionele tafel heb je een prachtig zicht op de omgeving. \u00a0Toch moet je de ruimte vooral zien als slaapvertrek. Want zodra je de\u00a0openslaande deuren openslaat, is daar via een trappetje de weg naar buiten. Buiten\u00a0is waar jullie leven. De leefplek is overdekt door een tarp die beschutting geeft tegen zon en regen. Onder de tarp is een keuken en een tafel om aan te zitten. Je kan er vuur stoken in de (tuin)kachel, welke je ook als grill kan gebruiken. De keuken is uitgerust met een gasfornuis, een koelkast en een ingebouwde watertank, die je vult via een tuinslang.<\/p>\n<h3>\n\t\tDer Umbau\n\t<\/h3>\n\t<p>So ein Bauwagen war fr\u00fcher ein Arbeitspferd und war ziemlich abgenutzt. Inzwischen haben wir das Innere des Wagens einem neuen Look verpasst. Es gibt einen Tisch, an dem man am Laptop arbeiten oder essen kann. Der Tisch dient auch als Nachttisch. Das Bett hat die Ma\u00dfe 140 x 200 cm und darunter befindet sich eine gro\u00dfe, rollbare Aufbewahrungsbox<\/p>\n<h3>\n\t\tDer Lebensbereich\n\t<\/h3>\n\t<p>Aan het &#8220;buiten&#8221; wordt nog gewerkt. Maar aan de tekeningen kan je goed zien hoe het gaat worden. Het trapje wat je vanuit de wagen naar buiten brengt, is onderdeel van de tafel. Het systeem van opbergen in de keuken\u00a0werkt als een vormenstoof. Dat bekende kinderspeelgoed bestaat uit kubus met uitsparingen in verschillende vormen en bijpassende blokken. Elk blok past maar op \u00e9\u00e9n manier door de kubusdeksel. In de keuken heeft elk bord, kopje of pan zijn eigen uitsparing. Maar in tegenstelling tot de vormstoof kunnen ze daar net niet doorheen vallen.\u00a0Wij zijn erg benieuwd of dit &#8220;spel&#8221; leidt naar een gedegen en helder opgeruimde keuken. Of wordt het ergernis&#8230;, omdat zoeken naar de juiste plek voor een mes of glas, helemaal niet leuk is. We horen het graag.<\/p>\n\t<em>Bieg ab!<\/em><br \/>\n<em>Nimm die steile und kurvenreiche Stra\u00dfe ins Tal.<\/em><br \/>\n<em>Wir erwarten dich.<\/em>\n\t\t\t<a href=\"https:\/\/www.strotzb\u00fcscherm\u00fchle.de\/nl\/slapen-in-een-wagen-boeken\/\" target=\"_self\">\n\t\t\t\t\t\t\tbuchen\n\t\t\t\t\t<\/a>\n\t\t\t\t\t<a href=\"#\" id=\"fl-accordion--label-0\" tabindex=\"0\" aria-controls=\"fl-accordion--panel-0\">Preise Schlafen in einem Bauwagen 2025<\/a>\n\t\t\t\t\t<p><strong>Preise 2025<\/strong><\/p>\n\n<table id=\"tablepress-52\" class=\"tablepress tablepress-id-52 tbody-has-connected-cells\">\n<thead>\n<tr class=\"row-1\">\n\t<td class=\"column-1\"><\/td><th class=\"column-2\">Preis pro Nacht (mindestens 2 N\u00e4chte)<\/th>\n<\/tr>\n<\/thead>\n<tbody class=\"row-striping row-hover\">\n<tr class=\"row-2\">\n\t<td class=\"column-1\">Der Bauwagen<\/td><td class=\"column-2\">\u20ac 80,-<\/td>\n<\/tr>\n<tr class=\"row-3\">\n\t<td colspan=\"2\" class=\"column-1\">Hunde 3,50 \u20ac pro Hund pro Nacht<\/td>\n<\/tr>\n<\/tbody>\n<\/table>\n<!-- #tablepress-52 from cache -->\n<p>&nbsp;<\/p>\n\t\t\t\t\t<a href=\"#\" id=\"fl-accordion--label-1\" tabindex=\"0\" aria-controls=\"fl-accordion--panel-1\">Verf\u00fcgbarkeit<\/a>\n\t\t\t\t\t\n<iframe id=\"schedule_map\" src=\"https:\/\/www.lodgit.com\/online-buchen\/08SWX-7PH22-5R9PB-WCTD8-2ST55-QCM38-CY\/calendar?months_per_row=4&amp;number_of_months=24\" frameborder=\"0\" scrolling=\"yes\"><br \/>\n<a href=\"\/de\/&quot;https:\/\/www.lodgit.com\/online-buchen\/08SWX-7PH22-5R9PB-WCTD8-2ST55-QCM38-CY\/calendar\/?months_per_row=4&amp;number_of_months=24&quot;\" target=\"schedule_map\">Show booking calendar<\/a><br \/>\n<\/iframe>\n\t\t\t\t\t<a href=\"#\" id=\"fl-accordion--label-2\" tabindex=\"0\" aria-controls=\"fl-accordion--panel-2\">Zahlungs- und Stornierungsbedingungen\u2028<\/a>\n\t\t\t\t\t<p><b>Zahlungsbedingungen<\/b><\/p>\n<p>Bei einer Buchung schicken wir dir eine Buchungsbest\u00e4tigung per Mail. Auf dieser ist der Gesamtbetrag des Aufenthalts zu finden. 40 % des Gesamtbetrags wird direkt als Anzahlung f\u00e4llig. Falls der Gesamtbetrag niedriger ist als \u20ac 200,- wird der vollst\u00e4ndige Betrag als Anzahlung f\u00e4llig. Sobald deine Anzahlung auf unserem Konto eingegangen ist, ist die Reservierung definitiv. Zur Best\u00e4tigung bekommst du eine Mail. Die restlichen 60 % werden vier Wochen vor Anreise f\u00e4llig.\u2028Bei Buchung unter vier Wochen vor Antritt des Aufenthalts wird der Gesamtbetrag der Buchungsbest\u00e4tigung vorab f\u00e4llig.<\/p>\n<p>Nach deinem Aufenthalt schicken wir die per Mail die (End-) Rechnung. Auf dieser wird die Anzahlung mit den Aufenthaltskosten verrechnet. Wenn dein Aufenthalt und die zugeh\u00f6rige Verwaltung so gelaufen sind wie es sein sollte, ist die Rechnung bereits vor Ort beglichen.<\/p>\n<p>Auf der Rechnung sind auch weitere Posten wie Brennholz, Br\u00f6tchen, Getr\u00e4nke und Mahlzeiten zu finden. Diese hast du selber notiert, zum Beispiel auf der Strichliste am K\u00fchlschrank, aus dem du dir Bier genommen hast oder neben der Wage, auf der du Brennholz abgewogen hast. Wir aktualisieren die Liste t\u00e4glich. Den noch offenen Betrag zahlst du bei Abfahrt bitte vor Ort.<\/p>\n<p><strong>Vor Ort eine Rechnung zahlen\u2028<\/strong><\/p>\n<p>Bei uns kannst du bar zahlen oder direkt \u00fcberweisen. Wir akzeptieren keine Karten.<\/p>\n<p><strong>Stornierungsbedingungen:<\/strong><\/p>\n<p>Je verheugt je en dan moet je door omstandigheden annuleren, dat is natuurlijk jammer. Daarom zullen we altijd eerst gezamenlijk bekijken of we je reservering kunnen verplaatsen zodat jullie op een ander tijdstip (buiten de schoolvakantie&#8217;s) toch van slapen in de wagen kunnen genieten. Mocht dit niet lukken, kunnen we onder voorwaarden je aanbetalingen terugstorten. Om niet gebukt te gaan onder die voorwaarden is een annuleringsverzekering een suggestie.<\/p>\n<p><strong>Der Moment der Stornierung ist auschlaggebend, n\u00e4mlich:<\/strong><\/p>\n<ul>\n<li>bis 28 Tage vor Ankunft werden \u20ac 25,- Verwaltungsgeb\u00fchr f\u00e4llig.<\/li>\n<li>Unter (und einschliesslich) 28 Tagen bis 14 Tage vor Ankunft werden 40 % des Gesamtbetrags f\u00e4llig.<\/li>\n<li>Unter 14 Tagen bis zum (und einschlie\u00dflich mit) Abreisedatum werden die Gesamtkosten in voller H\u00f6he f\u00e4llig.<\/li>\n<\/ul>","protected":false},"excerpt":{"rendered":"<p>De wagen Een vertrek waar je je te ruste legt,\u00a0een ruimte ter afbakening met het &#8220;buiten&#8221;. Tussen de appelbomen, direct aan de molengang staan vanaf de zomer van 2025 een bouwkeet. Dat klinkt een beetje oneerbiedig, maar zo&#8217;n bouwwagen bergt veel ruimtelijkheid in zich. Je hebt het gevoel alsof je in een kamer vertoeft, heel &#8230; <a title=\"Schlafen im Wagen\" class=\"read-more\" href=\"https:\/\/sbm.webmaat.dev\/de\/bauwagen\/\" aria-label=\"Mehr Informationen \u00fcber Slapen in een wagen\">Weiterlesen<\/a><\/p>","protected":false},"author":1,"featured_media":18033,"parent":0,"menu_order":0,"comment_status":"closed","ping_status":"closed","template":"","meta":{"_acf_changed":false,"iawp_total_views":112,"footnotes":""},"class_list":["post-17973","page","type-page","status-publish","has-post-thumbnail"],"acf":[],"_links":{"self":[{"href":"https:\/\/sbm.webmaat.dev\/de\/wp-json\/wp\/v2\/pages\/17973","targetHints":{"allow":["GET"]}}],"collection":[{"href":"https:\/\/sbm.webmaat.dev\/de\/wp-json\/wp\/v2\/pages"}],"about":[{"href":"https:\/\/sbm.webmaat.dev\/de\/wp-json\/wp\/v2\/types\/page"}],"author":[{"embeddable":true,"href":"https:\/\/sbm.webmaat.dev\/de\/wp-json\/wp\/v2\/users\/1"}],"replies":[{"embeddable":true,"href":"https:\/\/sbm.webmaat.dev\/de\/wp-json\/wp\/v2\/comments?post=17973"}],"version-history":[{"count":30,"href":"https:\/\/sbm.webmaat.dev\/de\/wp-json\/wp\/v2\/pages\/17973\/revisions"}],"predecessor-version":[{"id":18167,"href":"https:\/\/sbm.webmaat.dev\/de\/wp-json\/wp\/v2\/pages\/17973\/revisions\/18167"}],"wp:featuredmedia":[{"embeddable":true,"href":"https:\/\/sbm.webmaat.dev\/de\/wp-json\/wp\/v2\/media\/18033"}],"wp:attachment":[{"href":"https:\/\/sbm.webmaat.dev\/de\/wp-json\/wp\/v2\/media?parent=17973"}],"curies":[{"name":"wp","href":"https:\/\/api.w.org\/{rel}","templated":true}]}}