{"id":12852,"date":"2020-11-05T17:20:51","date_gmt":"2020-11-05T16:20:51","guid":{"rendered":"https:\/\/sbm.webmaat.dev\/?page_id=12852"},"modified":"2020-12-21T16:10:42","modified_gmt":"2020-12-21T15:10:42","slug":"datenschutz-2","status":"publish","type":"page","link":"https:\/\/sbm.webmaat.dev\/de\/datenschutz-2\/","title":{"rendered":"Datenschutz"},"content":{"rendered":"<h2>Datenschutzerkl\u00e4rung<\/h2>\n<h3>1. Hinweis, Datenschutz auf einen Blick<\/h3>\n<p>Die folgenden Hinweise geben einen einfachen \u00dcberblick dar\u00fcber, was mit Ihren personenbezogenen Daten passiert, wenn Sie unsere Website besuchen. Personenbezogene Daten sind alle Daten, mit denen Sie pers\u00f6nlich identifiziert werden k\u00f6nnen. Ausf\u00fchrliche Informationen zum Thema Datenschutz entnehmen Sie unserer unter diesem Text aufgef\u00fchrten Datenschutzerkl\u00e4rung.<\/p>\n<h3>Datenerfassung auf unserer Website<\/h3>\n<p>Wer ist verantwortlich f\u00fcr die Datenerfassung auf dieser Website?<\/p>\n<p>De gegevensverwerking op deze website wordt uitgevoerd door de websitebeheerder. U vindt hun contactgegevens in de sectie &#8220;Opmerking over de verantwoordelijke instantie&#8221; in deze gegevensbeschermingsverklaring.<\/p>\n<h3>Wie erfassen wir Ihre Daten?<\/h3>\n<p>Ihre Daten werden zum einen dadurch erhoben, dass Sie uns diese mitteilen. Hierbei kann es sich z. B. um Daten handeln, die Sie in ein Kontaktformular eingeben.<\/p>\n<p>Andere Daten werden automatisch oder nach Ihrer Einwilligung beim Besuch der Website durch unsere IT- Systeme erfasst. Das sind vor allem technische Daten (z. B. Internetbrowser, Betriebssystem oder Uhrzeit des Seitenaufrufs). Die Erfassung dieser Daten erfolgt automatisch, sobald Sie diese Website betreten.<\/p>\n<h3>Wofu\u0308r nutzen wir Ihre Daten?<\/h3>\n<p>Ein Teil der Daten wird erhoben, um eine fehlerfreie Bereitstellung der Website zu gewa\u0308hrleisten. Andere Daten ko\u0308nnen zur Analyse Ihres Nutzerverhaltens verwendet werden.<\/p>\n<h3>Welche Rechte haben Sie bezu\u0308glich Ihrer Daten?<\/h3>\n<p>Sie haben jederzeit das Recht, unentgeltlich Auskunft u\u0308ber Herkunft, Empfa\u0308nger und Zweck Ihrer gespeicherten personenbezogenen Daten zu erhalten. Sie haben au\u00dferdem ein Recht, die Berichtigung oder Lo\u0308schung dieser Daten zu verlangen. Wenn Sie eine Einwilligung zur Datenverarbeitung erteilt haben, ko\u0308nnen Sie diese Einwilligung jederzeit fu\u0308r die Zukunft widerrufen. Au\u00dferdem haben Sie das Recht, unter bestimmten Umsta\u0308nden die Einschra\u0308nkung der Verarbeitung Ihrer personenbezogenen Daten zu verlangen. Des Weiteren steht Ihnen ein Beschwerderecht bei der zusta\u0308ndigen Aufsichtsbeho\u0308rde zu.<\/p>\n<p>Hierzu sowie zu weiteren Fragen zum Thema Datenschutz ko\u0308nnen Sie sich jederzeit an uns wenden.<\/p>\n<h3>2. Hosting und Content Delivery Networks (CDN) Externes Hosting<\/h3>\n<p>Diese Website wird bei einem externen Dienstleister gehostet (Hoster). Die personenbezogenen Daten, die auf dieser Website erfasst werden, werden auf den Servern des Hosters gespeichert. Hierbei kann es sich v. a. um IP-Adressen, Kontaktanfragen, Meta- und Kommunikationsdaten, Vertragsdaten, Kontaktdaten, Namen, Websitezugriffe und sonstige Daten, die u\u0308ber eine Website generiert werden, handeln.<\/p>\n<p>Der Einsatz des Hosters erfolgt zum Zwecke der Vertragserfu\u0308llung gegenu\u0308ber unseren potenziellen und bestehenden Kunden (Art. 6 Abs. 1 lit. b DSGVO) und im Interesse einer sicheren, schnellen und effizienten Bereitstellung unseres Online-Angebots durch einen professionellen Anbieter (Art. 6 Abs. 1 lit. f DSGVO).<\/p>\n<p>Unser Hoster wird Ihre Daten nur insoweit verarbeiten, wie dies zur Erfu\u0308llung seiner Leistungspflichten erforderlich ist und unsere Weisungen in Bezug auf diese Daten befolgen.<\/p>\n<h3>Wir setzen folgenden Hoster ein:<\/h3>\nWEBMAAT<br \/>\nMartin Koedoot<br \/>\nZierikzeestraat 13<br \/>\n6845BL Arnhem<br \/>\nKVK 71384111\nSluiting van een contract voor orderverwerking<br \/>\nUm die datenschutzkonforme Verarbeitung zu gewa\u0308hrleisten, haben wir einen Vertrag u\u0308ber Auftragsverarbeitung mit unserem Hoster geschlossen.\n<h3>3. Allgemeine Hinweise und Pflichtinformationen Datenschutz<\/h3>\n<p>Die Betreiber dieser Seiten nehmen den Schutz Ihrer perso\u0308nlichen Daten sehr ernst. Wir behandeln Ihre personenbezogenen Daten vertraulich und entsprechend der gesetzlichen Datenschutzvorschriften sowie dieser Datenschutzerkla\u0308rung.<\/p>\n<p>Wenn Sie diese Website benutzen, werden verschiedene personenbezogene Daten erhoben.<\/p>\n<p>Personenbezogene Daten sind Daten, mit denen Sie perso\u0308nlich identifiziert werden ko\u0308nnen. Die vorliegende Datenschutzerkla\u0308rung erla\u0308utert, welche Daten wir erheben und wofu\u0308r wir sie nutzen. Sie erla\u0308utert auch, wie und zu welchem Zweck das geschieht.<\/p>\n<p>Wir weisen darauf hin, dass die Datenu\u0308bertragung im Internet (z. B. bei der Kommunikation per E-Mail) Sicherheitslu\u0308cken aufweisen kann. Ein lu\u0308ckenloser Schutz der Daten vor dem Zugriff durch Dritte ist nicht mo\u0308glich.<\/p>\n<h3>Hinweis zur verantwortlichen Stelle<\/h3>\n<p>Die verantwortliche Stelle fu\u0308r die Datenverarbeitung auf dieser Website ist:<\/p>\nHans-Christian Boer<br \/>\nStrotzb\u00fcschermolen 1<br \/>\n54552 Strotzb\u00fcsch<br \/>\nTelefoon: 00496573622<br \/>\nE-mail: strotzbueschermuehle@gmail.com\n<p>Verantwortliche Stelle ist die natu\u0308rliche oder juristische Person, die allein oder gemeinsam mit anderen u\u0308ber die Zwecke und Mittel der Verarbeitung von personenbezogenen Daten (z. B. Namen, E-Mail-Adressen o. A\u0308.) entscheidet.<\/p>\n<h3>Speicherdauer<\/h3>\n<p>Soweit innerhalb dieser Datenschutzerkla\u0308rung keine speziellere Speicherdauer genannt wurde, verbleiben Ihre personenbezogenen Daten bei uns, bis der Zweck fu\u0308r die Datenverarbeitung entfa\u0308llt. Wenn Sie ein berechtigtes Lo\u0308schersuchen geltend machen oder eine Einwilligung zur Datenverarbeitung widerrufen, werden Ihre Daten gelo\u0308scht, sofern wir keinen anderen rechtlich zula\u0308ssigen Gru\u0308nde fu\u0308r die Speicherung Ihrer personenbezogenen Daten haben (z.B. steuer- oder handelsrechtliche Aufbewahrungsfristen); im letztgenannten Fall erfolgt die Lo\u0308schung nach Fortfall dieser Gru\u0308nde.<\/p>\n<h3>Hinweis zur Datenweitergabe in die USA<\/h3>\n<p>Auf unserer Website sind unter anderem Tools von Unternehmen mit Sitz in den USA eingebunden. Wenn diese Tools aktiv sind, ko\u0308nnen Ihre personenbezogenen Daten an die US-Server der jeweiligen Unternehmen weitergegeben werden. Wir weisen darauf hin, dass die USA kein sicherer Drittstaat im Sinne des EU- Datenschutzrechts sind. US-Unternehmen sind dazu verpflichtet, personenbezogene Daten an Sicherheitsbeho\u0308rden herauszugeben, ohne dass Sie als Betroffener hiergegen gerichtlich vorgehen ko\u0308nnten. Es kann daher nicht ausgeschlossen werden, dass US-Beho\u0308rden (z.B. Geheimdienste) Ihre auf US-Servern befindlichen Daten zu U\u0308berwachungszwecken verarbeiten, auswerten und dauerhaft speichern. Wir haben auf diese Verarbeitungsta\u0308tigkeiten keinen Einfluss.<\/p>\n<h3>Widerruf Ihrer Einwilligung zur Datenverarbeitung<\/h3>\n<p>Viele Datenverarbeitungsvorga\u0308nge sind nur mit Ihrer ausdru\u0308cklichen Einwilligung mo\u0308glich. Sie ko\u0308nnen eine bereits erteilte Einwilligung jederzeit widerrufen. Die Rechtma\u0308\u00dfigkeit der bis zum Widerruf erfolgten Datenverarbeitung bleibt vom Widerruf unberu\u0308hrt.<\/p>\n<h3>Widerspruchsrecht gegen die Datenerhebung in besonderen Fa\u0308llen sowie gegen Direktwerbung (Art. 21 DSGVO)<\/h3>\n<p>WENN DIE DATENVERARBEITUNG AUF GRUNDLAGE VON ART. 6 ABS. 1 LIT. E ODER F DSGVO ERFOLGT, HABEN SIE JEDERZEIT DAS RECHT, AUS GRU\u0308NDEN, DIE SICH AUS IHRER BESONDEREN SITUATION ERGEBEN, GEGEN DIE VERARBEITUNG IHRER PERSONENBEZOGENEN DATEN WIDERSPRUCH EINZULEGEN; DIES GILT AUCH FU\u0308R EIN AUF DIESE BESTIMMUNGEN GESTU\u0308TZTES PROFILING. DIE JEWEILIGE RECHTSGRUNDLAGE, AUF DENEN EINE VERARBEITUNG BERUHT, ENTNEHMEN SIE DIESER DATENSCHUTZERKLA\u0308RUNG. WENN SIE WIDERSPRUCH EINLEGEN, WERDEN WIR IHRE BETROFFENEN PERSONENBEZOGENEN DATEN NICHT MEHR VERARBEITEN, ES SEI DENN, WIR KO\u0308NNEN ZWINGENDE SCHUTZWU\u0308RDIGE GRU\u0308NDE FU\u0308R DIE VERARBEITUNG NACHWEISEN, DIE IHRE INTERESSEN, RECHTE UND FREIHEITEN U\u0308BERWIEGEN ODER DIE VERARBEITUNG DIENT DER GELTENDMACHUNG, AUSU\u0308BUNG ODER VERTEIDIGUNG VON RECHTSANSPRU\u0308CHEN (WIDERSPRUCH NACH ART. 21 ABS. 1 DSGVO).<\/p>\n<p>WERDEN IHRE PERSONENBEZOGENEN DATEN VERARBEITET, UM DIREKTWERBUNG ZU BETREIBEN, SO HABEN SIE DAS RECHT, JEDERZEIT WIDERSPRUCH GEGEN DIE VERARBEITUNG SIE BETREFFENDER PERSONENBEZOGENER DATEN ZUM ZWECKE DERARTIGER WERBUNG EINZULEGEN; DIES GILT AUCH FU\u0308R DAS PROFILING, SOWEIT ES MIT SOLCHER DIREKTWERBUNG IN VERBINDUNG STEHT. WENN SIE WIDERSPRECHEN, WERDEN IHRE PERSONENBEZOGENEN DATEN ANSCHLIESSEND NICHT MEHR ZUM ZWECKE DER DIREKTWERBUNG VERWENDET (WIDERSPRUCH NACH ART. 21 ABS. 2 DSGVO).<\/p>\n<h3>Beschwerderecht bei der zusta\u0308ndigen Aufsichtsbeho\u0308rde<\/h3>\n<p>Im Falle von Versto\u0308\u00dfen gegen die DSGVO steht den Betroffenen ein Beschwerderecht bei einer Aufsichtsbeho\u0308rde, insbesondere in dem Mitgliedstaat ihres gewo\u0308hnlichen Aufenthalts, ihres Arbeitsplatzes oder des Orts des mutma\u00dflichen Versto\u00dfes zu. Das Beschwerderecht besteht unbeschadet anderweitiger verwaltungsrechtlicher oder gerichtlicher Rechtsbehelfe.<\/p>\n<h3>Recht auf Datenu\u0308bertragbarkeit<\/h3>\n<p>Sie haben das Recht, Daten, die wir auf Grundlage Ihrer Einwilligung oder in Erfu\u0308llung eines Vertrags automatisiert verarbeiten, an sich oder an einen Dritten in einem ga\u0308ngigen, maschinenlesbaren Format ausha\u0308ndigen zu lassen. Sofern Sie die direkte U\u0308bertragung der Daten an einen anderen Verantwortlichen verlangen, erfolgt dies nur, soweit es technisch machbar ist.<\/p>\n<h3>SSl- oder TLS codering<\/h3>\n<p>Om veiligheidsredenen en om de overdracht van vertrouwelijke inhoud te beschermen, zoals bestellingen of vragen die u ons als websitebeheerder stuurt, gebruikt deze website SSL- of TLS-codering. U herkent een versleutelde verbinding aan het feit dat de adresregel van de browser verandert van &#8220;http: \/\/&#8221; in &#8220;https: \/\/&#8221; en aan het slotsymbool in uw browserregel.<\/p>\n<p>Wenn die SSL- bzw. TLS-Verschlu\u0308sselung aktiviert ist, ko\u0308nnen die Daten, die Sie an uns u\u0308bermitteln, nicht von Dritten mitgelesen werden.<\/p>\n<h3>Auskunft, Lo\u0308schung und Berichtigung<\/h3>\n<p>Sie haben im Rahmen der geltenden gesetzlichen Bestimmungen jederzeit das Recht auf unentgeltliche Auskunft u\u0308ber Ihre gespeicherten personenbezogenen Daten, deren Herkunft und Empfa\u0308nger und den Zweck der Datenverarbeitung und ggf. ein Recht auf Berichtigung oder Lo\u0308schung dieser Daten. Hierzu sowie zu weiteren Fragen zum Thema personenbezogene Daten ko\u0308nnen Sie sich jederzeit an uns wenden.<\/p>\n<h3>Recht auf Einschra\u0308nkung der Verarbeitung<\/h3>\n<p>Sie haben das Recht, die Einschra\u0308nkung der Verarbeitung Ihrer personenbezogenen Daten zu verlangen. Hierzu ko\u0308nnen Sie sich jederzeit an uns wenden. Das Recht auf Einschra\u0308nkung der Verarbeitung besteht in folgenden Fa\u0308llen:<\/p>\nWenn Sie die Richtigkeit Ihrer bei uns gespeicherten personenbezogenen Daten bestreiten, beno\u0308tigen wir in der Regel Zeit, um dies zu u\u0308berpru\u0308fen. Fu\u0308r die Dauer der Pru\u0308fung haben Sie das Recht, die Einschra\u0308nkung der Verarbeitung Ihrer personenbezogenen Daten zu verlangen.<br \/>\nAls de verwerking van uw persoonsgegevens onrechtmatig is \/ is gebeurd, kunt u in plaats van verwijdering verzoeken om beperking van de gegevensverwerking.\nAls we uw persoonlijke gegevens niet langer nodig hebben, maar u ze nodig heeft om juridische claims uit te oefenen, te verdedigen of te doen gelden, heeft u het recht om te verzoeken dat de verwerking van uw persoonlijke gegevens wordt beperkt in plaats van te worden verwijderd.<br \/>\nWenn Sie einen Widerspruch nach Art. 21 Abs. 1 DSGVO eingelegt haben, muss eine Abwa\u0308gung zwischen Ihren und unseren Interessen vorgenommen werden. Solange noch nicht feststeht, wessen Interessen u\u0308berwiegen, haben Sie das Recht, die Einschra\u0308nkung der Verarbeitung Ihrer personenbezogenen Daten zu verlangen.\n<p>Als u de verwerking van uw persoonsgegevens heeft beperkt, mogen deze gegevens &#8211; afgezien van de opslag ervan &#8211; alleen worden gebruikt met uw toestemming of om rechtsvorderingen in te stellen, uit te oefenen of te verdedigen of om de rechten van een andere natuurlijke of rechtspersoon te beschermen of om redenen van zwaarwegend algemeen belang. verwerkt door de Europese Unie of een lidstaat.<\/p>\n<h3>Widerspruch gegen Werbe-E-Mails<\/h3>\n<p>Wij maken hierbij bezwaar tegen het gebruik van de contactgegevens die zijn gepubliceerd als onderdeel van de afdrukverplichting voor het verzenden van ongevraagde reclame- en informatiemateriaal. De exploitanten van de pagina&#8217;s behouden zich uitdrukkelijk het recht voor om gerechtelijke stappen te ondernemen in geval van ongevraagde verzending van advertentie-informatie, zoals spam-e-mails.<\/p>\n<h3>4. Datenerfassung auf dieser Website Cookies<\/h3>\n<p>Onze internetpagina&#8217;s maken gebruik van zogenaamde &#8220;cookies&#8221;. Cookies zijn kleine tekstbestanden en veroorzaken geen schade aan uw apparaat. Ze worden ofwel tijdelijk voor de duur van een sessie (sessiecookies) of permanent (permanente cookies) op uw apparaat opgeslagen. Sessiecookies worden na uw bezoek automatisch verwijderd. Permanente cookies blijven op uw eindapparaat opgeslagen totdat u ze zelf verwijdert of uw webbrowser ze automatisch verwijdert.<\/p>\n<p>Teilweise ko\u0308nnen auch Cookies von Drittunternehmen auf Ihrem Endgera\u0308t gespeichert werden, wenn Sie unsere Seite betreten (Third-Party-Cookies). Diese ermo\u0308glichen uns oder Ihnen die Nutzung bestimmter Dienstleistungen des Drittunternehmens (z.B. Cookies zur Abwicklung von Zahlungsdienstleistungen).<\/p>\n<p>Cookies hebben verschillende functies. Talrijke cookies zijn technisch noodzakelijk omdat bepaalde websitefuncties niet zouden werken zonder deze (bijv. De winkelwagenfunctie of de weergave van video&#8217;s). Andere cookies worden gebruikt om gebruikersgedrag te evalueren of om advertenties weer te geven.<\/p>\n<p>Cookies, die zur Durchfu\u0308hrung des elektronischen Kommunikationsvorgangs (notwendige Cookies) oder zur Bereitstellung bestimmter, von Ihnen erwu\u0308nschter Funktionen (funktionale Cookies, z. B. fu\u0308r die Warenkorbfunktion) oder zur Optimierung der Website (z.B. Cookies zur Messung des Webpublikums) erforderlich sind, werden auf Grundlage von Art. 6 Abs. 1 lit. f DSGVO gespeichert, sofern keine andere Rechtsgrundlage angegeben wird. Der Websitebetreiber hat ein berechtigtes Interesse an der Speicherung von Cookies zur technisch fehlerfreien und optimierten Bereitstellung seiner Dienste. Sofern eine Einwilligung zur Speicherung von Cookies abgefragt wurde, erfolgt die Speicherung der betreffenden Cookies ausschlie\u00dflich auf Grundlage dieser Einwilligung (Art. 6 Abs. 1 lit. a DSGVO); die Einwilligung ist jederzeit widerrufbar.<\/p>\n<p>Sie ko\u0308nnen Ihren Browser so einstellen, dass Sie u\u0308ber das Setzen von Cookies informiert werden und Cookies nur im Einzelfall erlauben, die Annahme von Cookies fu\u0308r bestimmte Fa\u0308lle oder generell ausschlie\u00dfen sowie das automatische Lo\u0308schen der Cookies beim Schlie\u00dfen des Browsers aktivieren. Bei der Deaktivierung von Cookies kann die Funktionalita\u0308t dieser Website eingeschra\u0308nkt sein.<\/p>\n<p>Soweit Cookies von Drittunternehmen oder zu Analysezwecken eingesetzt werden, werden wir Sie hieru\u0308ber im Rahmen dieser Datenschutzerkla\u0308rung gesondert informieren und ggf. eine Einwilligung abfragen.<\/p>\n<h3>Kontaktformular<\/h3>\n<p>Wenn Sie uns per Kontaktformular Anfragen zukommen lassen, werden Ihre Angaben aus dem Anfrageformular inklusive der von Ihnen dort angegebenen Kontaktdaten zwecks Bearbeitung der Anfrage und fu\u0308r den Fall von Anschlussfragen bei uns gespeichert. Diese Daten geben wir nicht ohne Ihre Einwilligung weiter.<\/p>\n<p>Die Verarbeitung dieser Daten erfolgt auf Grundlage von Art. 6 Abs. 1 lit. b DSGVO, sofern Ihre Anfrage mit der Erfu\u0308llung eines Vertrags zusammenha\u0308ngt oder zur Durchfu\u0308hrung vorvertraglicher Ma\u00dfnahmen erforderlich ist. In allen u\u0308brigen Fa\u0308llen beruht die Verarbeitung auf unserem berechtigten Interesse an der effektiven Bearbeitung der an uns gerichteten Anfragen (Art. 6 Abs. 1 lit. f DSGVO) oder auf Ihrer Einwilligung (Art. 6 Abs. 1 lit. a DSGVO) sofern diese abgefragt wurde.<\/p>\n<p>De gegevens die u in het contactformulier invoert, blijven bij ons totdat u ons vraagt \u200b\u200bdeze te verwijderen, uw toestemming voor opslag intrekt of het doel voor gegevensopslag niet langer van toepassing is (bijv. Nadat uw verzoek is verwerkt). Verplichte wettelijke bepalingen &#8211; in het bijzonder bewaartermijnen &#8211; blijven onaangetast.<\/p>\n<h3>Anfrage per E-Mail, Telefon oder Telefax<\/h3>\n<p>Wenn Sie uns per E-Mail, Telefon oder Telefax kontaktieren, wird Ihre Anfrage inklusive aller daraus hervorgehenden personenbezogenen Daten (Name, Anfrage) zum Zwecke der Bearbeitung Ihres Anliegens bei uns gespeichert und verarbeitet. Diese Daten geben wir nicht ohne Ihre Einwilligung weiter.<\/p>\n<p>Die Verarbeitung dieser Daten erfolgt auf Grundlage von Art. 6 Abs. 1 lit. b DSGVO, sofern Ihre Anfrage mit der Erfu\u0308llung eines Vertrags zusammenha\u0308ngt oder zur Durchfu\u0308hrung vorvertraglicher Ma\u00dfnahmen erforderlich ist. In allen u\u0308brigen Fa\u0308llen beruht die Verarbeitung auf unserem berechtigten Interesse an der effektiven Bearbeitung der an uns gerichteten Anfragen (Art. 6 Abs. 1 lit. f DSGVO) oder auf Ihrer Einwilligung (Art. 6 Abs. 1 lit. a DSGVO) sofern diese abgefragt wurde.<\/p>\n<p>De gegevens die u ons via contactverzoeken stuurt, blijven bij ons totdat u ons vraagt \u200b\u200bdeze te verwijderen, uw toestemming voor opslag intrekt of het doel voor gegevensopslag niet langer van toepassing is (bijv. Nadat uw verzoek is verwerkt). Verplichte wettelijke bepalingen &#8211; in het bijzonder wettelijke bewaartermijnen &#8211; blijven onaangetast.<\/p>\n<h3>5. Plugins und Tools<\/h3>\nVimeo ohne Tracking (Do-Not-Track)<br \/>\nDiese Website nutzt Plugins des Videoportals Vimeo. Anbieter ist die Vimeo Inc., 555 West 18th Street, New York, New York 10011, USA.\n<p>Wanneer u een van onze pagina&#8217;s bezoekt die is uitgerust met Vimeo-video&#8217;s, wordt een verbinding met de Vimeo-servers tot stand gebracht. De Vimeo-server wordt ge\u00efnformeerd welke van onze pagina&#8217;s u heeft bezocht. Vimeo verkrijgt ook uw IP-adres. We hebben Vimeo echter zo ingesteld dat Vimeo uw gebruikersactiviteiten niet bijhoudt en geen cookies plaatst.<\/p>\n<p>Die Nutzung von Vimeo erfolgt im Interesse einer ansprechenden Darstellung unserer Online-Angebote. Dies stellt ein berechtigtes Interesse im Sinne des Art. 6 Abs. 1 lit. f DSGVO dar. Sofern eine entsprechende Einwilligung abgefragt wurde, erfolgt die Verarbeitung ausschlie\u00dflich auf Grundlage von Art. 6 Abs. 1 lit. a DSGVO; die Einwilligung ist jederzeit widerrufbar.<\/p>\n<p>De gegevensoverdracht naar de VS is gebaseerd op de modelcontractbepalingen van de Europese Commissie en, volgens Vimeo, op &#8220;legitieme zakelijke belangen&#8221;. Details vindt u hier: https:\/\/vimeo.com\/privacy.<\/p>\nWeitere Informationen zum Umgang mit Nutzerdaten finden Sie in der Datenschutzerkla\u0308rung von Vimeo unter:\nhttps:\/\/vimeo.com\/privacy.<br \/>\nhttps:\/\/vimeo.com\/privacy.\n<h3>Google Maps<\/h3>\n<p>Deze site maakt gebruik van de kaartendienst Google Maps. De aanbieder is Google Ireland Limited (&#8220;Google&#8221;), Gordon House, Barrow Street, Dublin 4, Ierland.<\/p>\n<p>Zur Nutzung der Funktionen von Google Maps ist es notwendig, Ihre IP-Adresse zu speichern. Diese Informationen werden in der Regel an einen Server von Google in den USA u\u0308bertragen und dort gespeichert. Der Anbieter dieser Seite hat keinen Einfluss auf diese Datenu\u0308bertragung.<\/p>\n<p>Die Nutzung von Google Maps erfolgt im Interesse einer ansprechenden Darstellung unserer Online- Angebote und an einer leichten Auffindbarkeit der von uns auf der Website angegebenen Orte. Dies stellt ein berechtigtes Interesse im Sinne von Art. 6 Abs. 1 lit. f DSGVO dar. Sofern eine entsprechende Einwilligung abgefragt wurde, erfolgt die Verarbeitung ausschlie\u00dflich auf Grundlage von Art. 6 Abs. 1 lit. a DSGVO; die Einwilligung ist jederzeit widerrufbar.<\/p>\nDie Datenu\u0308bertragung in die USA wird auf die Standardvertragsklauseln der EU-Kommission gestu\u0308tzt. Details finden Sie hier:<br \/>\nhttps:\/\/privacy.google.com\/businesses\/gdprcontrollerterms\/ und https:\/\/privacy.google.com\/businesses\/gdprcontrollerterms\/sccs\/.\n<p>Mehr Informationen zum Umgang mit Nutzerdaten finden Sie in der Datenschutzerkla\u0308rung von Google: https:\/\/policies.google.com\/privacy?hl=de.<\/p>\n<p>&nbsp;<\/p>\n<h2>Impressum<\/h2>\n<strong>Angaben gema\u0308\u00df \u00a7 5 TMG<\/strong><br \/>\nStrotzb\u00fcscher M\u00fchle &#8220;Unterkunft in der Natur&#8221;<br \/>\nInhaber: Hans-Christian Boer<br \/>\nStrotzb\u00fcschermolen 1<br \/>\n54552 Strotzb\u00fcsch\n<strong>Kontakt<\/strong><br \/>\nTelefoon: 00496573622<br \/>\nFax: 00496573622<br \/>\nE-mail: strotzbueschermuehle@gmail.com\n<strong>Umsatzsteuer-ID<\/strong><br \/>\nUmsatzsteuer-Identifikationsnummer gema\u0308\u00df \u00a7 27 a<br \/>\nUmsatzsteuergesetz: Ust.-Id. Nr. DE 284422152\n<strong>Redaktionell Verantwortlicher<\/strong><br \/>\nHans-Christian Boer\nBeslechting van consumentengeschillen \/ universele arbitragecommissie<br \/>\nWir sind nicht bereit oder verpflichtet, an Streitbeilegungsverfahren vor einer Verbraucherschlichtungsstelle teilzunehmen.\n<strong>Haftung fu\u0308r Inhalte<\/strong><br \/>\nAls dienstverlener zijn wij verantwoordelijk voor onze eigen inhoud op deze pagina&#8217;s in overeenstemming met de algemene wetgeving in overeenstemming met artikel 7, lid 1 van de Duitse telemediawet. Volgens \u00a7\u00a7 8 tot 10 TMG zijn wij als dienstverlener niet verplicht om verzonden of opgeslagen informatie van derden te controleren of om omstandigheden te onderzoeken die duiden op illegale activiteiten.\n<p>Verpflichtungen zur Entfernung oder Sperrung der Nutzung von Informationen nach den allgemeinen Gesetzen bleiben hiervon unberu\u0308hrt. Eine diesbezu\u0308gliche Haftung ist jedoch erst ab dem Zeitpunkt der Kenntnis einer konkreten Rechtsverletzung mo\u0308glich. Bei Bekanntwerden von entsprechenden Rechtsverletzungen werden wir diese Inhalte umgehend entfernen.<\/p>\n<strong>Haftung fu\u0308r Links<\/strong><br \/>\nOns aanbod bevat links naar externe websites van derden, op de inhoud waarvan wij geen invloed hebben. Daarom kunnen wij geen aansprakelijkheid aanvaarden voor deze externe inhoud. De respectieve aanbieder of exploitant van de pagina&#8217;s is altijd verantwoordelijk voor de inhoud van de gelinkte pagina&#8217;s. De gelinkte pagina&#8217;s zijn op het moment van linken gecontroleerd op mogelijke juridische overtredingen. Er is geen illegale inhoud gevonden op het moment dat de link werd gemaakt.\n<p>Permanente controle van de inhoud van de gelinkte pagina&#8217;s is niet redelijk zonder concreet bewijs van een overtreding van de wet. Als we ons bewust worden van juridische overtredingen, zullen we dergelijke links onmiddellijk verwijderen.<\/p>\n<strong>Urheberrecht<\/strong><br \/>\nDe inhoud en werken op deze pagina&#8217;s gemaakt door de websitebeheerder zijn onderworpen aan het Duitse auteursrecht. Het dupliceren, verwerken, verspreiden en elke vorm van exploitatie buiten de grenzen van het auteursrecht vereist de schriftelijke toestemming van de respectievelijke auteur of maker. Downloads en kopie\u00ebn van deze website zijn alleen toegestaan \u200b\u200bvoor priv\u00e9, niet-commercieel gebruik.\n<p>Soweit die Inhalte auf dieser Seite nicht vom Betreiber erstellt wurden, werden die Urheberrechte Dritter beachtet. Insbesondere werden Inhalte Dritter als solche gekennzeichnet. Sollten Sie trotzdem auf eine Urheberrechtsverletzung aufmerksam werden, bitten wir um einen entsprechenden Hinweis. Bei Bekanntwerden von Rechtsverletzungen werden wir derartige Inhalte umgehend entfernen.<\/p>\nQuelle:\n<p>https:\/\/www.e-recht24.de<\/p>","protected":false},"excerpt":{"rendered":"<p>Gegevensbescherming 1. Algemene informatie, Gegevensbescherming in \u00e9\u00e9n oogopslag De volgende informatie geeft een eenvoudig overzicht van wat er met uw persoonlijke gegevens gebeurt als u deze website bezoekt. Persoonsgegevens zijn alle gegevens waarmee u persoonlijk kunt worden ge\u00efdentificeerd. Gedetailleerde informatie over het onderwerp gegevensbescherming vindt u in onze gegevensbeschermingsverklaring onder deze tekst. Gegevensverzameling op deze &#8230; <a title=\"Datenschutz\" class=\"read-more\" href=\"https:\/\/sbm.webmaat.dev\/de\/datenschutz-2\/\" aria-label=\"Mehr Informationen \u00fcber Privacy\">Weiterlesen<\/a><\/p>","protected":false},"author":1,"featured_media":11146,"parent":0,"menu_order":0,"comment_status":"closed","ping_status":"closed","template":"","meta":{"_acf_changed":false,"iawp_total_views":14,"footnotes":""},"class_list":["post-12852","page","type-page","status-publish","has-post-thumbnail"],"acf":[],"_links":{"self":[{"href":"https:\/\/sbm.webmaat.dev\/de\/wp-json\/wp\/v2\/pages\/12852","targetHints":{"allow":["GET"]}}],"collection":[{"href":"https:\/\/sbm.webmaat.dev\/de\/wp-json\/wp\/v2\/pages"}],"about":[{"href":"https:\/\/sbm.webmaat.dev\/de\/wp-json\/wp\/v2\/types\/page"}],"author":[{"embeddable":true,"href":"https:\/\/sbm.webmaat.dev\/de\/wp-json\/wp\/v2\/users\/1"}],"replies":[{"embeddable":true,"href":"https:\/\/sbm.webmaat.dev\/de\/wp-json\/wp\/v2\/comments?post=12852"}],"version-history":[{"count":0,"href":"https:\/\/sbm.webmaat.dev\/de\/wp-json\/wp\/v2\/pages\/12852\/revisions"}],"wp:featuredmedia":[{"embeddable":true,"href":"https:\/\/sbm.webmaat.dev\/de\/wp-json\/wp\/v2\/media\/11146"}],"wp:attachment":[{"href":"https:\/\/sbm.webmaat.dev\/de\/wp-json\/wp\/v2\/media?parent=12852"}],"curies":[{"name":"wp","href":"https:\/\/api.w.org\/{rel}","templated":true}]}}