{"id":12003,"date":"2019-11-25T11:53:29","date_gmt":"2019-11-25T10:53:29","guid":{"rendered":"https:\/\/sbm.webmaat.dev\/?page_id=12003"},"modified":"2024-11-23T17:15:33","modified_gmt":"2024-11-23T16:15:33","slug":"aktivitaeten","status":"publish","type":"page","link":"https:\/\/sbm.webmaat.dev\/de\/aktivitaeten\/","title":{"rendered":"Aktivit\u00e4ten"},"content":{"rendered":"<h2>\n\t\tdie Aktivit\u00e4ten\n\t<\/h2>\n\t<p>Sich mit etwas zu besch\u00e4ftigen, ist eigentlich immer angenehm und umso mehr, wenn es drau\u00dfen stattfindet. Man bekommt rote Wangen, die Gedanken flie\u00dfen leichter und es regt die Kreativit\u00e4t an. Am menschlichen Dasein schnuppern ist f\u00fcr Gruppen geeignet und bietet Einblick in die Einfachheit und Herrlichkeit das Lebens. Gemeinsam essen, Holz hacken, wandern, fischen, kochen, Spiele spielen, Feuer machen. Allesamt Aktivit\u00e4ten, die man auch alleine oder mit der Familie machen kann.<\/p>\n<p>Daarom vind je hier bijvoorbeeld verschillende (rond)wandelingen met start en finish bij de Strotzb\u00fcscher M\u00fchle en is er meer informatie te vinden over het vliegvissen op de Ue\u00dfbach. Klap op de vuurpijl is &#8220;het feest ter ere van de liefde&#8221;. Daarvoor zoeken wij stellen die een weekend lang het landgoed van hen willen maken, het zo kleur te geven dat het past bij hun (liefde).<\/p>\n\t<meta itemscope itemprop=\"mainEntityOfPage\" itemtype=\"https:\/\/schema.org\/WebPage\" itemid=\"http:\/\/11477\" content=\"Wandelen\" \/><meta itemprop=\"datePublished\" content=\"2019-09-03\" \/><meta itemprop=\"dateModified\" content=\"2021-02-22\" \/><meta itemprop=\"name\" content=\"Strotzb\u00fcscher M\u00fchle\"\/><meta itemprop=\"url\" content=\"https:\/\/sbm.webmaat.dev\/nl\/author\/f467cd81c1fe024c\/\" \/><meta itemprop=\"name\" content=\"Hans_Christian\" \/><meta itemprop=\"url\" content=\"https:\/\/sbm.webmaat.dev\/wp-content\/uploads\/2020\/11\/wandelen-hero.jpg\" \/><meta itemprop=\"width\" content=\"1900\" \/><meta itemprop=\"height\" content=\"525\" \/><meta itemprop=\"interactionType\" content=\"https:\/\/schema.org\/CommentAction\" \/><meta itemprop=\"userInteractionCount\" content=\"0\" \/>\n\t\t\t\t\t<a href=\"https:\/\/sbm.webmaat.dev\/de\/wandern\/\" title=\"Wanderungen\"><\/a>\n\t\t\t\t<img decoding=\"async\" src=\"https:\/\/sbm.webmaat.dev\/wp-content\/uploads\/bb-plugin\/cache\/wandelen-hero-1024x283-landscape-09634981e85ef34459ec49ca1f43c525-.jpg\" alt=\"wandelen-hero\" itemprop=\"image\" data-no-lazy=\"1\" height=\"283\" width=\"1024\" title=\"wandelen-hero\" onerror=\"this.style.display='none'\"  \/>\n\t\t\t\t\t\t\t\t\t<h3 itemprop=\"headline\">\n\t\t\t\t\t\t\t\t\t\t\t\t\t\tWanderungen\t\t\t\t\t\t\t\t\t\t\t<\/h3>\n\t<meta itemscope itemprop=\"mainEntityOfPage\" itemtype=\"https:\/\/schema.org\/WebPage\" itemid=\"http:\/\/11479\" content=\"Vliegvissen\" \/><meta itemprop=\"datePublished\" content=\"2019-09-03\" \/><meta itemprop=\"dateModified\" content=\"2024-10-25\" \/><meta itemprop=\"name\" content=\"Strotzb\u00fcscher M\u00fchle\"\/><meta itemprop=\"url\" content=\"https:\/\/sbm.webmaat.dev\/nl\/author\/f467cd81c1fe024c\/\" \/><meta itemprop=\"name\" content=\"Hans_Christian\" \/><meta itemprop=\"url\" content=\"https:\/\/sbm.webmaat.dev\/wp-content\/uploads\/2020\/11\/vliegvissen-hero-3.jpg\" \/><meta itemprop=\"width\" content=\"1900\" \/><meta itemprop=\"height\" content=\"525\" \/><meta itemprop=\"interactionType\" content=\"https:\/\/schema.org\/CommentAction\" \/><meta itemprop=\"userInteractionCount\" content=\"0\" \/>\n\t\t\t\t\t<a href=\"https:\/\/sbm.webmaat.dev\/de\/fliegenfischen\/\" title=\"Fliegenfischen\"><\/a>\n\t\t\t\t<img decoding=\"async\" src=\"https:\/\/sbm.webmaat.dev\/wp-content\/uploads\/bb-plugin\/cache\/vliegvissen-hero-3-1024x283-landscape-d8e9d1c81ba24e97db8e3f594bdc8757-.jpg\" alt=\"A fisherman fly fishes for Trout fish in Tongariro river near Taupo lake, New Zealand.\" itemprop=\"image\" data-no-lazy=\"1\" height=\"283\" width=\"1024\" title=\"Fly Fishing\" onerror=\"this.style.display='none'\"  \/>\n\t\t\t\t\t\t\t\t\t<h3 itemprop=\"headline\">\n\t\t\t\t\t\t\t\t\t\t\t\t\t\tFliegenfischen\t\t\t\t\t\t\t\t\t\t\t<\/h3>\n\t<meta itemscope itemprop=\"mainEntityOfPage\" itemtype=\"https:\/\/schema.org\/WebPage\" itemid=\"http:\/\/11481\" content=\"(Trouw)feest in de wildernis\" \/><meta itemprop=\"datePublished\" content=\"2019-09-03\" \/><meta itemprop=\"dateModified\" content=\"2024-01-23\" \/><meta itemprop=\"name\" content=\"Strotzb\u00fcscher M\u00fchle\"\/><meta itemprop=\"url\" content=\"https:\/\/sbm.webmaat.dev\/nl\/author\/f467cd81c1fe024c\/\" \/><meta itemprop=\"name\" content=\"Hans_Christian\" \/><meta itemprop=\"url\" content=\"https:\/\/sbm.webmaat.dev\/wp-content\/uploads\/2020\/11\/trouwfeest-hero-1.jpg\" \/><meta itemprop=\"width\" content=\"1900\" \/><meta itemprop=\"height\" content=\"525\" \/><meta itemprop=\"interactionType\" content=\"https:\/\/schema.org\/CommentAction\" \/><meta itemprop=\"userInteractionCount\" content=\"0\" \/>\n\t\t\t\t\t<a href=\"https:\/\/sbm.webmaat.dev\/de\/hochzeit-in-der-natur\/\" title=\"(Hochzeits-) Fest in der Wildnis\"><\/a>\n\t\t\t\t<img decoding=\"async\" src=\"https:\/\/sbm.webmaat.dev\/wp-content\/uploads\/bb-plugin\/cache\/trouwfeest-hero-1-1024x283-landscape-8646de946a72dfcbec6957dbf55c01f6-.jpg\" alt=\"trouwfeest-hero-1\" itemprop=\"image\" data-no-lazy=\"1\" height=\"283\" width=\"1024\" title=\"trouwfeest-hero-1\" onerror=\"this.style.display='none'\"  \/>\n\t\t\t\t\t\t\t\t\t<h3 itemprop=\"headline\">\n\t\t\t\t\t\t\t\t\t\t\t\t\t\t(Hochzeits-) Fest in der Wildnis\t\t\t\t\t\t\t\t\t\t\t<\/h3>\n\t<meta itemscope itemprop=\"mainEntityOfPage\" itemtype=\"https:\/\/schema.org\/WebPage\" itemid=\"http:\/\/16211\" content=\"Dagtrips\" \/><meta itemprop=\"datePublished\" content=\"2022-04-21\" \/><meta itemprop=\"dateModified\" content=\"2023-03-20\" \/><meta itemprop=\"name\" content=\"Strotzb\u00fcscher M\u00fchle\"\/><meta itemprop=\"url\" content=\"https:\/\/sbm.webmaat.dev\/nl\/author\/9400828b237980a2\/\" \/><meta itemprop=\"name\" content=\"Martin Koedoot\" \/><meta itemprop=\"interactionType\" content=\"https:\/\/schema.org\/CommentAction\" \/><meta itemprop=\"userInteractionCount\" content=\"0\" \/>\n\t\t\t\t\t<a href=\"https:\/\/sbm.webmaat.dev\/de\/dagtrips\/\" title=\"Tagesausfl\u00fcge\"><\/a>\n\t\t\t\t<img decoding=\"async\" src=\"https:\/\/sbm.webmaat.dev\/wp-content\/uploads\/bb-plugin\/cache\/placeholder-landscape-6acb2719fc93d0677f5ef469ef8b7ab2-.jpg\" alt=\"\" itemprop=\"image\" data-no-lazy=\"1\" onerror=\"this.style.display='none'\"  \/>\n\t\t\t\t\t\t\t\t\t<h3 itemprop=\"headline\">\n\t\t\t\t\t\t\t\t\t\t\t\t\t\tTagesausfl\u00fcge\t\t\t\t\t\t\t\t\t\t\t<\/h3>\n\t<meta itemscope itemprop=\"mainEntityOfPage\" itemtype=\"https:\/\/schema.org\/WebPage\" itemid=\"http:\/\/17679\" content=\"Sonya kookt\" \/><meta itemprop=\"datePublished\" content=\"2024-01-16\" \/><meta itemprop=\"dateModified\" content=\"2024-01-23\" \/><meta itemprop=\"name\" content=\"Strotzb\u00fcscher M\u00fchle\"\/><meta itemprop=\"url\" content=\"https:\/\/sbm.webmaat.dev\/nl\/author\/f467cd81c1fe024c\/\" \/><meta itemprop=\"name\" content=\"Hans_Christian\" \/><meta itemprop=\"url\" content=\"https:\/\/sbm.webmaat.dev\/wp-content\/uploads\/2020\/11\/etenendrinken-hero2.jpg\" \/><meta itemprop=\"width\" content=\"1900\" \/><meta itemprop=\"height\" content=\"525\" \/><meta itemprop=\"interactionType\" content=\"https:\/\/schema.org\/CommentAction\" \/><meta itemprop=\"userInteractionCount\" content=\"0\" \/>\n\t\t\t\t\t<a href=\"https:\/\/sbm.webmaat.dev\/de\/essen-und-trinken\/\" title=\"Sonya kocht\"><\/a>\n\t\t\t\t<img decoding=\"async\" src=\"https:\/\/sbm.webmaat.dev\/wp-content\/uploads\/bb-plugin\/cache\/etenendrinken-hero2-1024x283-landscape-b8d4e6c5bb0fb061cb35564a7603afe8-.jpg\" alt=\"etenendrinken-hero2\" itemprop=\"image\" data-no-lazy=\"1\" height=\"283\" width=\"1024\" title=\"etenendrinken-hero2\" onerror=\"this.style.display='none'\"  \/>\n\t\t\t\t\t\t\t\t\t<h3 itemprop=\"headline\">\n\t\t\t\t\t\t\t\t\t\t\t\t\t\tSonya kocht\t\t\t\t\t\t\t\t\t\t\t<\/h3>\n\t\t<!-- .pp-content-posts -->","protected":false},"excerpt":{"rendered":"<p>De activiteiten Ergens mee bezig zijn voelt eigenlijk altijd goed en zeker als die bezigheid buiten plaats vindt. Je krijgt er rode wangen van, je gedachten stromen beter en het wakkert de creativiteit aan. Proeven aan de basis van het menselijke bestaan is bedacht voor groepen en wil een inkijkje geven in hoe simpel en &#8230; <a title=\"Aktivit\u00e4ten\" class=\"read-more\" href=\"https:\/\/sbm.webmaat.dev\/de\/aktivitaeten\/\" aria-label=\"Mehr Informationen \u00fcber Activiteiten\">Weiterlesen<\/a><\/p>","protected":false},"author":1,"featured_media":13244,"parent":0,"menu_order":0,"comment_status":"closed","ping_status":"closed","template":"","meta":{"_acf_changed":false,"iawp_total_views":5,"footnotes":""},"class_list":["post-12003","page","type-page","status-publish","has-post-thumbnail"],"acf":[],"_links":{"self":[{"href":"https:\/\/sbm.webmaat.dev\/de\/wp-json\/wp\/v2\/pages\/12003","targetHints":{"allow":["GET"]}}],"collection":[{"href":"https:\/\/sbm.webmaat.dev\/de\/wp-json\/wp\/v2\/pages"}],"about":[{"href":"https:\/\/sbm.webmaat.dev\/de\/wp-json\/wp\/v2\/types\/page"}],"author":[{"embeddable":true,"href":"https:\/\/sbm.webmaat.dev\/de\/wp-json\/wp\/v2\/users\/1"}],"replies":[{"embeddable":true,"href":"https:\/\/sbm.webmaat.dev\/de\/wp-json\/wp\/v2\/comments?post=12003"}],"version-history":[{"count":1,"href":"https:\/\/sbm.webmaat.dev\/de\/wp-json\/wp\/v2\/pages\/12003\/revisions"}],"predecessor-version":[{"id":18082,"href":"https:\/\/sbm.webmaat.dev\/de\/wp-json\/wp\/v2\/pages\/12003\/revisions\/18082"}],"wp:featuredmedia":[{"embeddable":true,"href":"https:\/\/sbm.webmaat.dev\/de\/wp-json\/wp\/v2\/media\/13244"}],"wp:attachment":[{"href":"https:\/\/sbm.webmaat.dev\/de\/wp-json\/wp\/v2\/media?parent=12003"}],"curies":[{"name":"wp","href":"https:\/\/api.w.org\/{rel}","templated":true}]}}