{"id":11492,"date":"2019-09-03T14:00:24","date_gmt":"2019-09-03T12:00:24","guid":{"rendered":"https:\/\/sbm.webmaat.dev\/?page_id=11492"},"modified":"2024-10-29T10:56:32","modified_gmt":"2024-10-29T09:56:32","slug":"kontakt","status":"publish","type":"page","link":"https:\/\/sbm.webmaat.dev\/de\/kontakt\/","title":{"rendered":"Kontakt"},"content":{"rendered":"<h2>\n\t\tErz\u00e4hl uns!\n\t<\/h2>\n\t<p><strong>Schreib uns: <a href=\"mailto:info@strotzbueschermuehle.de\">info@strotzbueschermuehle.de<\/a><\/strong><\/p>\n\t<p><strong>ruf an: 0049 6573 622<\/strong><\/p>\n\t<iframe src=\"https:\/\/www.google.com\/maps\/embed\/v1\/place?q=Strotzb%C3%BCscher+M%C3%BChle+1%0A54552+Strotzb%C3%BCsch&#038;key=AIzaSyD09zQ9PNDNNy9TadMuzRV_UsPUoWKntt8\" aria-hidden=\"true\" title=\"Strotzb\u00fcscher M\u00fchle 1 54552 Strotzb\u00fcsch\"><\/iframe>\n<h3>\n\t\tStrotzb\u00fcscher M\u00fchle\n\t<\/h3>\n\tHans-Christian Boer und Sonya Belcheva<br \/>\nStrotzb\u00fcscher M\u00fchle 1<br \/>\n54552 Strotzb\u00fcsch.<br \/>\nDuitsland\n\t\n <div class='fluentform ff-default fluentform_wrapper_27 ffs_default_wrap'><form data-form_id=\"27\" id=\"fluentform_27\" class=\"frm-fluent-form fluent_form_27 ff-el-form-top ff_form_instance_27_1 ff-form-loading ffs_default\" data-form_instance=\"ff_form_instance_27_1\" method=\"POST\" action=\"\" ><fieldset  style=\"border: none!important;margin: 0!important;padding: 0!important;background-color: transparent!important;box-shadow: none!important;outline: none!important; min-inline-size: 100%;\">\n                    <legend class=\"ff_screen_reader_title\" style=\"display: block; margin: 0!important;padding: 0!important;height: 0!important;text-indent: -999999px;width: 0!important;overflow:hidden;\">Kontakt<\/legend>        <span style=\"display: none !important;\"><input type=\"checkbox\"\n                name=\"item__27__fluent_checkme_\"\n                value=\"1\" style=\"display:none !important;\" tabindex=\"-1\" aria-hidden=\"true\"><\/span>\n        <input type='hidden' name='__fluent_form_embded_post_id' value='11492' \/><input type=\"hidden\" id=\"_fluentform_27_fluentformnonce\" name=\"_fluentform_27_fluentformnonce\" value=\"3d01a3a3be\" \/><input type=\"hidden\" name=\"_wp_http_referer\" value=\"\/de\/wp-json\/wp\/v2\/pages\/11492\" \/><div class='ff-el-group'><div class=\"ff-el-input--label ff-el-is-required asterisk-right\"><label for='ff_27_name_1608055903670' >Name<\/label><\/div><div class='ff-el-input--content'><input type=\"text\" name=\"name_1608055903670\" class=\"ff-el-form-control\" id=\"ff_27_name_1608055903670\" data-name=\"name_1608055903670\" tabindex=\"1\"  aria-invalid=\"false\" aria-required=\"true\"><\/div><\/div><div class='ff-el-group'><div class=\"ff-el-input--label ff-el-is-required asterisk-right\"><label for='ff_27_email' aria-label=\"Email\">Email<\/label><\/div><div class='ff-el-input--content'><input type=\"email\" name=\"email\" class=\"ff-el-form-control\" id=\"ff_27_email\" data-name=\"email\" tabindex=\"2\"  aria-invalid=\"false\" aria-required=\"true\"><\/div><\/div><div class='ff-el-group'><div class=\"ff-el-input--label ff-el-is-required asterisk-right\"><label for='ff_27_nachricht_oder_frage_1608056107462' aria-label=\"Nachricht oder Frage\">Nachricht oder Frage<\/label><\/div><div class='ff-el-input--content'><textarea aria-invalid=\"false\" aria-required=\"true\" name=\"nachricht_oder_frage_1608056107462\" class=\"ff-el-form-control\" id=\"ff_27_nachricht_oder_frage_1608056107462\" cols=\"2\" data-name=\"nachricht_oder_frage_1608056107462\" tabindex=\"3\" ><\/textarea><\/div><\/div><div class='ff-el-group ff-text-left ff_submit_btn_wrapper'><button type=\"submit\" class=\"ff-btn ff-btn-submit ff-btn-md ff_btn_style\" tabindex=\"4\" >Senden<\/button><\/div><\/fieldset><input type=\"hidden\" name=\"trp-form-language\" value=\"de\"\/><\/form><div id='fluentform_27_errors' class='ff-errors-in-stack ff_form_instance_27_1 ff-form-loading_errors ff_form_instance_27_1_errors'><\/div><\/div>        <script type=\"text\/javascript\">\n            window.fluent_form_ff_form_instance_27_1 = {\"id\":\"27\",\"settings\":{\"layout\":{\"labelPlacement\":\"top\",\"helpMessagePlacement\":\"with_label\",\"errorMessagePlacement\":\"inline\",\"cssClassName\":\"\",\"asteriskPlacement\":\"asterisk-right\"},\"restrictions\":{\"denyEmptySubmission\":{\"enabled\":false}}},\"form_instance\":\"ff_form_instance_27_1\",\"form_id_selector\":\"fluentform_27\",\"rules\":{\"name_1608055903670\":{\"required\":{\"value\":true,\"message\":\"This field is required\"}},\"email\":{\"required\":{\"value\":true,\"message\":\"This field is required\"},\"email\":{\"value\":1,\"message\":\"This field must contain a valid email\"}},\"nachricht_oder_frage_1608056107462\":{\"required\":{\"value\":true,\"message\":\"This field is required\"}}},\"debounce_time\":300};\n                    <\/script>\n         \n<h3>\n\t\tBankkontonummern\n\t<\/h3>\n\t<p>In Deutschland:<br \/>Kreissparkasse Vulkaneifel, Daun<br \/>i.N.v. H.C. Boer in Strotzb\u00fcsch (D).<br \/>IBAN: DE88586512400000190447<br \/>BIC: (Swift) MALADE51DAU<br \/>Bankleitzahl: 586 512 40<\/p>\n<p>In den Niederlanden:<br \/>ASN bank Nederland<br \/>i.N.v. H.C. Boer in Strotzb\u00fcsch (D).<br \/>IBAN: NL92ASNB0707519543<br \/>BIC: ASNB NL21<\/p>\n<p>Finanzamt Wittlich:<br \/>Ust.-Id. Nr. DE 284422152<br \/>Steuer-Nr.:43\/017\/80442<\/p>","protected":false},"excerpt":{"rendered":"<p>Vertel ons! Schrijf ons: info@strotzbueschermuehle.de of bel: tel 00496573622 Strotzb\u00fcscher M\u00fchle Hans-Christian Boer en Sonya Belcheva Strotzb\u00fcscher M\u00fchle 1 54552 Strotzb\u00fcsch. Duitsland Bankrekeningnummers In Duitsland:Kreissparkasse Vulkaneifel, Daunt.n.v. H.C. Boer in Strotzb\u00fcsch (D).IBAN: DE88586512400000190447BIC: (Swift) MALADE51DAUBankleitzahl: 586 512 40 In Nederland:ASN bank Nederlandt.n.v. H.C. Boer in Strotzb\u00fcsch (D).IBAN: NL92ASNB0707519543BIC: ASNB NL21 Finanzamt Wittlich:Ust.-Id. Nr. DE 284422152 &#8230; <a title=\"Kontakt\" class=\"read-more\" href=\"https:\/\/sbm.webmaat.dev\/de\/kontakt\/\" aria-label=\"Mehr Informationen \u00fcber Contact\">Weiterlesen<\/a><\/p>","protected":false},"author":1,"featured_media":13262,"parent":0,"menu_order":0,"comment_status":"closed","ping_status":"closed","template":"","meta":{"_acf_changed":false,"iawp_total_views":105,"footnotes":""},"class_list":["post-11492","page","type-page","status-publish","has-post-thumbnail"],"acf":[],"_links":{"self":[{"href":"https:\/\/sbm.webmaat.dev\/de\/wp-json\/wp\/v2\/pages\/11492","targetHints":{"allow":["GET"]}}],"collection":[{"href":"https:\/\/sbm.webmaat.dev\/de\/wp-json\/wp\/v2\/pages"}],"about":[{"href":"https:\/\/sbm.webmaat.dev\/de\/wp-json\/wp\/v2\/types\/page"}],"author":[{"embeddable":true,"href":"https:\/\/sbm.webmaat.dev\/de\/wp-json\/wp\/v2\/users\/1"}],"replies":[{"embeddable":true,"href":"https:\/\/sbm.webmaat.dev\/de\/wp-json\/wp\/v2\/comments?post=11492"}],"version-history":[{"count":3,"href":"https:\/\/sbm.webmaat.dev\/de\/wp-json\/wp\/v2\/pages\/11492\/revisions"}],"predecessor-version":[{"id":17926,"href":"https:\/\/sbm.webmaat.dev\/de\/wp-json\/wp\/v2\/pages\/11492\/revisions\/17926"}],"wp:featuredmedia":[{"embeddable":true,"href":"https:\/\/sbm.webmaat.dev\/de\/wp-json\/wp\/v2\/media\/13262"}],"wp:attachment":[{"href":"https:\/\/sbm.webmaat.dev\/de\/wp-json\/wp\/v2\/media?parent=11492"}],"curies":[{"name":"wp","href":"https:\/\/api.w.org\/{rel}","templated":true}]}}