{"id":11490,"date":"2019-09-03T13:59:37","date_gmt":"2019-09-03T11:59:37","guid":{"rendered":"https:\/\/sbm.webmaat.dev\/?page_id=11490"},"modified":"2021-01-14T11:55:07","modified_gmt":"2021-01-14T10:55:07","slug":"uber-uns","status":"publish","type":"page","link":"https:\/\/sbm.webmaat.dev\/de\/uber-uns\/","title":{"rendered":"\u00dcber uns"},"content":{"rendered":"<h2>\n\t\tVerirre dich in dir selbst und erz\u00e4hle, was dort lebt.\n\t<\/h2>\n<h3>\n\t\tHans\n\t<\/h3>\n\t<p>Ik ben geen hoogvlieger en ik heb geen uitzonderlijke talenten, bovendien wist ik nooit wat ik wilde. Ik was en ben wel altijd opzoek naar datgene wat me past. Om dat uit te vinden is &#8220;iets&#8221; gaan doen een goede raadgever. Het maakte me tot het type &#8220;kan niets maar doet alles&#8221;. Hoewel ik mezelf met die uitspraak enigszins tekort doe, want ik ben inmiddels ook de vijftig gepasseerd en dus vele ervaringen rijker, heb ik niet meer de illusie dat ik ooit nog een vak leer. Ik heb lang gedacht dat dat het doel van mijn zoektocht was. Maar inmiddels weet ik dat die zoektocht een deel van mij is, een voortdurend proces waaraan geen einde komt. De Strotzb\u00fcscher M\u00fchle blijkt hiervoor een uitstekend voertuig te zijn.<\/p>\n<p>Samen met Sonya, mijn geliefde, exploiteer ik de herberg &#8220;Strotzb\u00fcscher M\u00fchle&#8221; en het natuurkampeerterrein. Dat doen we vanuit de waardes waarin wij geloven. Elke dag probeer ik die scherper te zien, door me bewust af te vragen wat ik voel, wat ik denk of wat vind. De mensen met wie ik in contact ben spelen hierbij een belangrijke rol. Ze helpen me te zijn en mijn houding te ontwikkelen. In essentie gaat het mij om het welzijn van mens en natuur, om datgene wat het leven de moeite waard maakt.<\/p>\n<h3>\n\t\tSonya\n\t<\/h3>\n\t<p>Sonya ist hinter dem eisernen Vorhang gross geworden. Nach dem Mauerfall fiel die Macht in die H\u00e4nde von Kriminellen und das ist auch heute noch so. In einem Land mit so wenig Chancen sind die Erwartungen nicht all zu hoch und man nimmt das Leben wie es kommt. Alles was ich hier schreibe, findet sie verschwendete Worte und wenn sie daran eine Sekunde zweifeln w\u00fcrde, w\u00fcrde sie sagen, dass niemand es lesen will oder dass es zu privat w\u00e4re. Sie w\u00fcrde das sagen, weil sie weiss, dass das Mysterium des Lebens nicht zu durchschauen ist und ebensowenig zu beherschen. So bleibt man sich selbst treu und dann kann man entdecken und kreieren. So kann man offen bleiben, erleben aber auch durchleben. Verwundert sein, Sch\u00f6nheit sehen und lieb haben. Kurzum, man verirrt sich, um danach das Leben noch mehr zu umarmen. Und genau das ist es, was ich jedem Menschen g\u00f6nne.<\/p>\n<h2>\n\t\tDie community\n\t<\/h2>\n<h2>\n\t\tDie community\n\t<\/h2>\n\t\n\t<meta itemscope itemprop=\"mainEntityOfPage\" itemtype=\"https:\/\/schema.org\/WebPage\" itemid=\"https:\/\/sbm.webmaat.dev\/nl\/filmfestival-in-de-vallei\/\" content=\"Filmfestival in de vallei\" \/><meta itemprop=\"datePublished\" content=\"2020-12-17\" \/><meta itemprop=\"dateModified\" content=\"2021-01-03\" \/><meta itemprop=\"name\" content=\"Strotzb\u00fcscher M\u00fchle\"\/><meta itemprop=\"url\" content=\"https:\/\/sbm.webmaat.dev\/nl\/author\/hans_christian\/\" \/><meta itemprop=\"name\" content=\"Hans_Christian\" \/><meta itemprop=\"url\" content=\"https:\/\/sbm.webmaat.dev\/wp-content\/uploads\/2020\/12\/e699d7e2-205a-4f59-a53f-eaa3086a6039-1-201-a.jpeg\" \/><meta itemprop=\"width\" content=\"480\" \/><meta itemprop=\"height\" content=\"480\" \/><meta itemprop=\"interactionType\" content=\"https:\/\/schema.org\/CommentAction\" \/><meta itemprop=\"userInteractionCount\" content=\"0\" \/>\n\t\t\t\t\t<a href=\"https:\/\/sbm.webmaat.dev\/de\/filmfestival-im-tal\/\" title=\"Filmfestival im Tal\"><\/a>\n\t\t\t\t<img decoding=\"async\" src=\"https:\/\/sbm.webmaat.dev\/wp-content\/uploads\/bb-plugin\/cache\/e699d7e2-205a-4f59-a53f-eaa3086a6039-1-201-a-300x300-landscape.jpeg\" alt=\"E699D7E2-205A-4F59-A53F-EAA3086A6039_1_201_a\" itemprop=\"image\" data-no-lazy=\"1\" height=\"300\" width=\"300\" title=\"E699D7E2-205A-4F59-A53F-EAA3086A6039_1_201_a\" onerror=\"this.style.display='none'\"  \/>\n\t\t\t\t\t\t\t\t\t<h3 itemprop=\"headline\">\n\t\t\t\t\t\t\t\t\t\t\t\t\t\tFilmfestival im Tal\t\t\t\t\t\t\t\t\t\t\t<\/h3>\n    \n\t<meta itemscope itemprop=\"mainEntityOfPage\" itemtype=\"https:\/\/schema.org\/WebPage\" itemid=\"https:\/\/sbm.webmaat.dev\/nl\/het-dorp-nieuw-uitgevonden\/\" content=\"Het dorp nieuw uitgevonden.\" \/><meta itemprop=\"datePublished\" content=\"2020-12-12\" \/><meta itemprop=\"dateModified\" content=\"2020-12-19\" \/><meta itemprop=\"name\" content=\"Strotzb\u00fcscher M\u00fchle\"\/><meta itemprop=\"url\" content=\"https:\/\/sbm.webmaat.dev\/nl\/author\/hans_christian\/\" \/><meta itemprop=\"name\" content=\"Hans_Christian\" \/><meta itemprop=\"url\" content=\"https:\/\/sbm.webmaat.dev\/wp-content\/uploads\/2020\/12\/1200.jpg\" \/><meta itemprop=\"width\" content=\"1200\" \/><meta itemprop=\"height\" content=\"900\" \/><meta itemprop=\"interactionType\" content=\"https:\/\/schema.org\/CommentAction\" \/><meta itemprop=\"userInteractionCount\" content=\"0\" \/>\n\t\t\t\t\t<a href=\"https:\/\/sbm.webmaat.dev\/de\/das-dorf-neu-erfunden\/\" title=\"Das Dorf neu erfunden\"><\/a>\n\t\t\t\t<img decoding=\"async\" src=\"https:\/\/sbm.webmaat.dev\/wp-content\/uploads\/bb-plugin\/cache\/1200-300x225-landscape.jpg\" alt=\"1200\" itemprop=\"image\" data-no-lazy=\"1\" height=\"225\" width=\"300\" title=\"1200\" onerror=\"this.style.display='none'\"  \/>\n\t\t\t\t\t\t\t\t\t<h3 itemprop=\"headline\">\n\t\t\t\t\t\t\t\t\t\t\t\t\t\tDas Dorf neu erfunden\t\t\t\t\t\t\t\t\t\t\t<\/h3>\n    \n\t<meta itemscope itemprop=\"mainEntityOfPage\" itemtype=\"https:\/\/schema.org\/WebPage\" itemid=\"https:\/\/sbm.webmaat.dev\/nl\/verbind-je-met-de-natuur\/\" content=\"Verbind je met je natuur\" \/><meta itemprop=\"datePublished\" content=\"2020-12-02\" \/><meta itemprop=\"dateModified\" content=\"2020-12-19\" \/><meta itemprop=\"name\" content=\"Strotzb\u00fcscher M\u00fchle\"\/><meta itemprop=\"url\" content=\"https:\/\/sbm.webmaat.dev\/nl\/author\/martin-webmaat\/\" \/><meta itemprop=\"name\" content=\"Martin Koedoot\" \/><meta itemprop=\"url\" content=\"https:\/\/sbm.webmaat.dev\/wp-content\/uploads\/2020\/11\/20201027_123140.jpeg\" \/><meta itemprop=\"width\" content=\"800\" \/><meta itemprop=\"height\" content=\"600\" \/><meta itemprop=\"interactionType\" content=\"https:\/\/schema.org\/CommentAction\" \/><meta itemprop=\"userInteractionCount\" content=\"0\" \/>\n\t\t\t\t\t<a href=\"https:\/\/sbm.webmaat.dev\/de\/verbinde-dich-mit-der-natur\/\" title=\"Verbinde dich mit der Natur\"><\/a>\n\t\t\t\t<img decoding=\"async\" src=\"https:\/\/sbm.webmaat.dev\/wp-content\/uploads\/bb-plugin\/cache\/20201027_123140-300x225-landscape.jpeg\" alt=\"20201027_123140\" itemprop=\"image\" data-no-lazy=\"1\" height=\"225\" width=\"300\" title=\"20201027_123140\" onerror=\"this.style.display='none'\"  \/>\n\t\t\t\t\t\t\t\t\t<h3 itemprop=\"headline\">\n\t\t\t\t\t\t\t\t\t\t\t\t\t\tVerbinde dich mit der Natur<br data-mce-bogus=\"1\"\/>\t\t\t\t\t\t\t\t\t\t\t<\/h3>\n    \n\t\t<!-- .pp-content-posts -->","protected":false},"excerpt":{"rendered":"<p>Verdwaal in jezelf en vertaal wat er leeft. Hans Ik ben geen hoogvlieger en ik heb geen uitzonderlijke talenten, bovendien wist ik nooit wat ik wilde. Ik was en ben wel altijd opzoek naar datgene wat me past. Om dat uit te vinden is &#8220;iets&#8221; gaan doen een goede raadgever. Het maakte me tot het &#8230; <a title=\"\u00dcber uns\" class=\"read-more\" href=\"https:\/\/sbm.webmaat.dev\/de\/uber-uns\/\" aria-label=\"Mehr Informationen \u00fcber Over ons\">Weiterlesen<\/a><\/p>","protected":false},"author":1,"featured_media":13299,"parent":0,"menu_order":0,"comment_status":"closed","ping_status":"closed","template":"","meta":{"_acf_changed":false,"iawp_total_views":94,"footnotes":""},"class_list":["post-11490","page","type-page","status-publish","has-post-thumbnail"],"acf":[],"_links":{"self":[{"href":"https:\/\/sbm.webmaat.dev\/de\/wp-json\/wp\/v2\/pages\/11490","targetHints":{"allow":["GET"]}}],"collection":[{"href":"https:\/\/sbm.webmaat.dev\/de\/wp-json\/wp\/v2\/pages"}],"about":[{"href":"https:\/\/sbm.webmaat.dev\/de\/wp-json\/wp\/v2\/types\/page"}],"author":[{"embeddable":true,"href":"https:\/\/sbm.webmaat.dev\/de\/wp-json\/wp\/v2\/users\/1"}],"replies":[{"embeddable":true,"href":"https:\/\/sbm.webmaat.dev\/de\/wp-json\/wp\/v2\/comments?post=11490"}],"version-history":[{"count":0,"href":"https:\/\/sbm.webmaat.dev\/de\/wp-json\/wp\/v2\/pages\/11490\/revisions"}],"wp:featuredmedia":[{"embeddable":true,"href":"https:\/\/sbm.webmaat.dev\/de\/wp-json\/wp\/v2\/media\/13299"}],"wp:attachment":[{"href":"https:\/\/sbm.webmaat.dev\/de\/wp-json\/wp\/v2\/media?parent=11490"}],"curies":[{"name":"wp","href":"https:\/\/api.w.org\/{rel}","templated":true}]}}