{"id":11481,"date":"2019-09-03T13:55:03","date_gmt":"2019-09-03T11:55:03","guid":{"rendered":"https:\/\/sbm.webmaat.dev\/?page_id=11481"},"modified":"2026-03-30T17:46:42","modified_gmt":"2026-03-30T15:46:42","slug":"hochzeit-in-der-natur","status":"publish","type":"page","link":"https:\/\/sbm.webmaat.dev\/de\/hochzeit-in-der-natur\/","title":{"rendered":"(Hochzeits-) Fest in der Wildnis"},"content":{"rendered":"<h2>\n\t\tEin Fest zu Ehren der Liebe\n\t<\/h2>\n\t<blockquote><p>met de natuur als getuige &#8211; dat is een feest ter ere van de liefde rond de Strotzb\u00fcscher M\u00fchle. Want hoe romantisch klinkt een akoestische gitaar op het ritme van de ruisende beek? Hoe vertelt een vader als het maanlicht zo intens is, dat het donker jullie liefdevol omarmt. Hoeveel warmte geven je vrienden als je met zijn allen rond het vuur danst<\/p><\/blockquote>\n<h3>\n\t\tEin m\u00f6glicher Tagesrhythmus\n\t<\/h3>\n\t<p>Die Wegbereiter machen das Geb\u00e4ude und das Gel\u00e4nde zu eurem Reich, und die R\u00e4ume sind in eurem Sinne dekoriert. Drau\u00dfen steht ein zus\u00e4tzlicher Zelt, und das Gel\u00e4nde ist stimmungsvoll beleuchtet. Noch einmal wird der Ablaufplan durchgegangen; alle Zutaten f\u00fcr ein superintimes Minifestival sind vorhanden. Nach getaner Arbeit schmeckt das Chili hervorragend, und der unglaublich gem\u00fctliche Abend dauert viel l\u00e4nger als gedacht. Am n\u00e4chsten Morgen treffen die ersten G\u00e4ste schon fr\u00fch ein. Kinder beginnen wie von selbst drau\u00dfen zu spielen. Ein Wohnwagen wird an seinen Platz geschoben.<\/p>\n<h3>\n\t\tDer Nachmittag\n\t<\/h3>\n\t<p>De middag brengt soep met brood. De wat oudere mensen installeren zich in de herberg en begroetingen zijn hartelijk. Ook knijpt een aantal mensen ertussen uit voor een wandeling. Ondertussen draait het spit een &#8216;wild zwijn&#8217; langzaam gaar. Rook stijgt op uit de rookoven waarin forellen de smaak van walnotenhout in zich opnemen. Vuren worden opgestookt en buiten staan mooi gedekte, lange tafels te wachten. De avond valt, mooie woorden klinken in de vorm van toespraak of gedicht en een persoonlijk cadeau wordt overhandigd. De ene na de andere gang rolt uit de keuken. Wijn vloeit rijkelijk, het gezelschap tafelt na, het combo speelt.<\/p>\n<h3>\n\t\tDer Abend\n\t<\/h3>\n\t<p>De nacht breekt aan. Plotseling komen er honderden lichtjes over de rivier aangedreven. Ze nemen jullie stroomafwaarts mee naar een stille plek midden in de natuur. Daar staat een grote tent. Binnen verlichten kaarsen het hemelbed en de butler heet je welkom. Hij schenkt champagne, zingt en leest voor waarna hij stilletjes vertrekt. De volgende morgen stookt hij de hottube warm en roept jullie als het bad klaar is. Koffie, fruit en croissants worden geserveerd. Jullie gasten zijn allang ontwaakt en zitten samen te ontbijten. Er wordt gevoetbald, visjes gevangen in de beek, een kind klimt in een boom&#8230;Hoe relaxed kan de &#8220;day after&#8221; zijn!<\/p>\n\t<h3>Der Gesamtpreis betr\u00e4gt 4800 \u20ac. F\u00fcr (An)fragen sendet uns bitte eine E-Mail an:<\/h3>\n<p><a href=\"mailto:info@strotzbueschermuehle.de\">info@strotzbueschermuehle.de<\/a><\/p>","protected":false},"excerpt":{"rendered":"<p>Feest ter ere van de liefde met de natuur als getuige &#8211; dat is een feest ter ere van de liefde rond de Strotzb\u00fcscher M\u00fchle. Want hoe romantisch klinkt een akoestische gitaar op het ritme van de ruisende beek? Hoe vertelt een vader als het maanlicht zo intens is, dat het donker jullie liefdevol omarmt. &#8230; <a title=\"(Hochzeits-) Fest in der Wildnis\" class=\"read-more\" href=\"https:\/\/sbm.webmaat.dev\/de\/hochzeit-in-der-natur\/\" aria-label=\"Mehr Informationen \u00fcber (Trouw)feest in de wildernis\">Weiterlesen<\/a><\/p>","protected":false},"author":1,"featured_media":13277,"parent":0,"menu_order":0,"comment_status":"closed","ping_status":"closed","template":"","meta":{"_acf_changed":false,"iawp_total_views":54,"footnotes":""},"class_list":["post-11481","page","type-page","status-publish","has-post-thumbnail"],"acf":[],"_links":{"self":[{"href":"https:\/\/sbm.webmaat.dev\/de\/wp-json\/wp\/v2\/pages\/11481","targetHints":{"allow":["GET"]}}],"collection":[{"href":"https:\/\/sbm.webmaat.dev\/de\/wp-json\/wp\/v2\/pages"}],"about":[{"href":"https:\/\/sbm.webmaat.dev\/de\/wp-json\/wp\/v2\/types\/page"}],"author":[{"embeddable":true,"href":"https:\/\/sbm.webmaat.dev\/de\/wp-json\/wp\/v2\/users\/1"}],"replies":[{"embeddable":true,"href":"https:\/\/sbm.webmaat.dev\/de\/wp-json\/wp\/v2\/comments?post=11481"}],"version-history":[{"count":15,"href":"https:\/\/sbm.webmaat.dev\/de\/wp-json\/wp\/v2\/pages\/11481\/revisions"}],"predecessor-version":[{"id":18172,"href":"https:\/\/sbm.webmaat.dev\/de\/wp-json\/wp\/v2\/pages\/11481\/revisions\/18172"}],"wp:featuredmedia":[{"embeddable":true,"href":"https:\/\/sbm.webmaat.dev\/de\/wp-json\/wp\/v2\/media\/13277"}],"wp:attachment":[{"href":"https:\/\/sbm.webmaat.dev\/de\/wp-json\/wp\/v2\/media?parent=11481"}],"curies":[{"name":"wp","href":"https:\/\/api.w.org\/{rel}","templated":true}]}}