{"id":11479,"date":"2019-09-03T13:53:58","date_gmt":"2019-09-03T11:53:58","guid":{"rendered":"https:\/\/sbm.webmaat.dev\/?page_id=11479"},"modified":"2024-10-25T21:22:17","modified_gmt":"2024-10-25T19:22:17","slug":"fliegenfischen","status":"publish","type":"page","link":"https:\/\/sbm.webmaat.dev\/de\/fliegenfischen\/","title":{"rendered":"Fliegenfischen"},"content":{"rendered":"<h2>\n\t\tFliegenfischen am \u00dc\u00dfbach<br data-mce-bogus=\"1\"\/>\n\t<\/h2>\n\t<blockquote><p><i>Auf dem R\u00fcckweg summe ich eine Ode an die Einfachheit. Die Einfachheit des Fliegenfischens. Die Einfachheit der Fliege. Ich nehme mir vor, mal wieder drei\u00dfig zu binden.<\/i><\/p><\/blockquote>\n\t<p>De Strotzb\u00fcscher M\u00fchle ligt in het &#8220;Siebenbachtal&#8221;. Wanneer je vanaf de hoger gelegen gronden in het dal kijkt, zie je een wirwar van stroompjes het beekdal doorkruisen. Het riviertje de \u00dc\u00dfbach speelt verstoppertje achter de verschillende rotsformaties om even verderop weer tevoorschijn te komen. Door het sterke meanderen van het riviertje heeft zich een landschap kunnen vormen waarbij het lijkt alsof hier niet \u00e9\u00e9n maar minstens zeven riviertjes hun weg zoeken&#8230;.<\/p>\n<p>Der \u00dc\u00dfbach ist ein idyllisch str\u00f6mender Bach, der etwa 5 bis 6 Meter breit ist. Am Ufer befinden sich haupts\u00e4chlich Gr\u00fcnfl\u00e4chen (im Sommer stark bewachsen), die sich abwechseln mit Steilw\u00e4nde. Von April bis November betr\u00e4gt die Wassertiefe durchschnittlich 40 cm, aber die zahlreichen Gumpen k\u00f6nnen auch mehr als einen Meter tief sein. Von Dezember bis M\u00e4rz ist steigt der Wasserstand auf 80 cm und je nachdem, wie viel es geregnet hat, kann man manchmal auch Kanu fahren.<\/p>\n<h2>\n\t\tLizenz\n\t<\/h2>\n\t<p>Wij pachten een traject viswater op de \u00dc\u00dfbach van 2,9 kilometer. Dit traject loopt van de dam, daar waar de \u00dc\u00dfbach deels in de molengang stroomt, tot aan de &#8220;Kreissgrenze Daun-Wittlich&#8221; (\u00dc\u00dfbach 3 Los 4).<\/p>\n<p>Strotzb\u00fcsch ligt in het Duitse Bundesland Rheinland Pfalz. Om in de Ue\u00dfbach op ons traject te mogen vissen heb je een &#8220;rheinland-pf\u00e4lzisch Fischereischein&#8221; nodig. Deze visvergunning is verplicht en moet bij eventuele controle door de dienstdoende ambtenaar worden getoond.<\/p>\n<p class=\"translation-block\">Diejenigen, die nicht in Deutschland wohnen, k\u00f6nnen die Lizenz im Gemeindehaus Daun order Gerolstein beantragen. Daf\u00fcr muss man nachweisen k\u00f6nnen, dass man in Rheinland-Pfalz verbleibt (daf\u00fcr ist unsere Buchungsbest\u00e4tigung ausreichend).\u2028<\/p>\n<p>Met zo&#8217;n vergunning mag je in heel Rheinland Pfalz vissen, mits je toestemming hebt van de pachter of rechthebbende van het viswater waar je wilt gaan vissen. De pachter is verantwoordelijk voor een deugdelijk beheer van het viswater. Naast die taak hebben ze hun eigen regels om invulling aan het beheer te geven.<\/p>\n<p>Die meisten P\u00e4chter zahlen erhebliche Pachtbetr\u00e4ge an die Gemeinden, denen das Fischwasser geh\u00f6rt. Um diese Kosten etwas zu reduzieren, bitten sie den Fischer um eine Geb\u00fchr oder Gegenleistung. Auf der von uns gepachteten Strecke ist das Fliegenfischen nur unter der Bedingung erlaubt, dass du mindestens 4 N\u00e4chte bei uns bucht. F\u00fcr jeden erlegten Fisch zahlst du 8,50 \u20ac.<\/p>\n<p>Fischen ist eine Form der Jagt. Ein J\u00e4ger hat Respekt f\u00fcr das Tier und l\u00e4sst seinen Fang nicht unn\u00f6tig leiden. Beim Fliegenfischen benutzt man dann auch einzelne Haken ohne Widerhaken. Dadurch wird der Fisch, meistens Bachforellen, beim Biss nicht unn\u00f6tig verwundet, wodurch er sterben k\u00f6nnte. Der Fisch muss in Prinzip nach dem Fangen zur\u00fcckgesetzt werden, damit der Fischbestand gesichert ist.<\/p>\n<h2>\n\t\tFliegenfischen lernen\n\t<\/h2>\n\t<p>Het vissen met zelfgemaakte &#8220;nepvliegen&#8221; werd al gedaan door onze verre voorouders. De overwegingen en de keus voor een bepaalde vlieg waarmee je de vis probeert te verleiden, is wat het vliegvissen fascinerend maakt.<\/p>\n<p>De vliegvisser vist met namaak insecten. Dat zijn imitaties van insecten die in de echte wereld vanaf de oever in het water zijn gewaaid of geland. De verschillende soorten insecten laten zichzelf zien op het moment dat de tijd daar rijp voor is. Dat is afhankelijk van de periode in het jaar, het moment in de dag en ook het weer speelt een rol. De bachforel is een slimme roofvis en komt veel voor bij ons in de Ue\u00dfbach. Hij laat zich niet foppen door elke namaak vlieg die hem wordt voorgehouden. De visser laat zijn intu\u00eftie en ervaring spreken en kiest&#8230;<\/p>\n<p class=\"translation-block\">Es besteht die M\u00f6glichkeit, einen Kurs beispielsweise bei Willi Schmitt zu absolvieren, schau dir seine Homepage an<\/p>","protected":false},"excerpt":{"rendered":"<p>Vliegvissen op de Ue\u00dfbach Op de terugweg neurie ik een ode aan de eenvoud. De eenvoud van het vliegvissen. En de eenvoud van die vlieg. En ik neem me voor om er maar weer eens dertig van te binden. De Strotzb\u00fcscher M\u00fchle ligt in het &#8220;Siebenbachtal&#8221;. Wanneer je vanaf de hoger gelegen gronden in het &#8230; <a title=\"Fliegenfischen\" class=\"read-more\" href=\"https:\/\/sbm.webmaat.dev\/de\/fliegenfischen\/\" aria-label=\"Mehr Informationen \u00fcber Vliegvissen\">Weiterlesen<\/a><\/p>","protected":false},"author":1,"featured_media":13292,"parent":0,"menu_order":0,"comment_status":"closed","ping_status":"closed","template":"","meta":{"_acf_changed":false,"iawp_total_views":53,"footnotes":""},"class_list":["post-11479","page","type-page","status-publish","has-post-thumbnail"],"acf":[],"_links":{"self":[{"href":"https:\/\/sbm.webmaat.dev\/de\/wp-json\/wp\/v2\/pages\/11479","targetHints":{"allow":["GET"]}}],"collection":[{"href":"https:\/\/sbm.webmaat.dev\/de\/wp-json\/wp\/v2\/pages"}],"about":[{"href":"https:\/\/sbm.webmaat.dev\/de\/wp-json\/wp\/v2\/types\/page"}],"author":[{"embeddable":true,"href":"https:\/\/sbm.webmaat.dev\/de\/wp-json\/wp\/v2\/users\/1"}],"replies":[{"embeddable":true,"href":"https:\/\/sbm.webmaat.dev\/de\/wp-json\/wp\/v2\/comments?post=11479"}],"version-history":[{"count":1,"href":"https:\/\/sbm.webmaat.dev\/de\/wp-json\/wp\/v2\/pages\/11479\/revisions"}],"predecessor-version":[{"id":17906,"href":"https:\/\/sbm.webmaat.dev\/de\/wp-json\/wp\/v2\/pages\/11479\/revisions\/17906"}],"wp:featuredmedia":[{"embeddable":true,"href":"https:\/\/sbm.webmaat.dev\/de\/wp-json\/wp\/v2\/media\/13292"}],"wp:attachment":[{"href":"https:\/\/sbm.webmaat.dev\/de\/wp-json\/wp\/v2\/media?parent=11479"}],"curies":[{"name":"wp","href":"https:\/\/api.w.org\/{rel}","templated":true}]}}