{"id":11477,"date":"2019-09-03T13:52:56","date_gmt":"2019-09-03T11:52:56","guid":{"rendered":"https:\/\/sbm.webmaat.dev\/?page_id=11477"},"modified":"2021-02-22T10:02:16","modified_gmt":"2021-02-22T09:02:16","slug":"wandern","status":"publish","type":"page","link":"https:\/\/sbm.webmaat.dev\/de\/wandern\/","title":{"rendered":"Wanderungen"},"content":{"rendered":"<h2>\n\t\tWanderungen\n\t<\/h2>\n\t<blockquote><p>Unsere Gespr\u00e4che wurden langsam, unsere Fragen beantworteten wir mit Blicken auf die langsame Welt um uns herum. D\u00f6rfer und L\u00e4ndereien in der Ferne, die V\u00f6gel beinah vom vom Himmel verschwindend. Wir sa\u00dfen und schauten uns diese sch\u00f6ne Unbek\u00fcmmertheit der Welt an und den Unn\u00f6tigkeit unserer Fragen.\u2028<\/p>\n<\/blockquote>\n<h2>\n\t\tDie sechs Rundwanderungen\n\t<\/h2>\n\t<p>Die Strotzb\u00fcscher M\u00fchle liegt Mitten in der Vulkaneifel. Die auff\u00e4lligsten \u00dcberbleibsel der Vulkanaktivit\u00e4ten sind die Maare, mit Wasser gef\u00fcllte Vulkankrater. Die beinah perfekt runden Wasserkreise sind in der Landschaft gut zu sehen und im Sommer kann man dort herrlich schwimmen.<\/p>\n<p>Die geologischen Entwicklungen in diesem Gebied haben auch in der unmittelbaren Umgebung der Strotzb\u00fcscher M\u00fchle ihre Spuren hinterlassen. Die Natur ist geradezu \u00fcberw\u00e4ltigen und ausserdem trifft man unterwegs selten eine Menschenseele. Das macht wandern in dieser Gegend zu einem echten Erlebnis. Unsere Wanderungen f\u00fchren durch diese abwechslungsreiche Landschaft. Die Bacht\u00e4ler sind sehr unterschiedlich, manche sind weitl\u00e4ufig mit Weidefl\u00e4chen an den Ufern des Baches, andere haben steile Schiefernh\u00e4nge. Abseits der T\u00e4ler wandert man auf den H\u00f6hen der Vulkaneifel mit ihren atemberaubenden Panoramen zu den Maaren. Man passiert von Obstplantagen umgebene D\u00f6rfer, die eine Atmosph\u00e4re vergangener Zeiten ausstrahlen.<\/p>\n<p>Vier der Rundwanderungen starten bei der Strotzb\u00fcscher M\u00fchle. F\u00fcr die beiden anderen sind etwa 5 Minuten Autofahrt bis zum Start einzuplanen. Die Rundwege variieren in der L\u00e4nge zwischen 15 und 20 Kilometern. Bei einem ruhigen Wandertempo und wenn man ab und zu stehen bleibt oder sich hinsetzt ist man ungef\u00e4hr 5 Stunden unterwegs.<\/p>\n\t<h3>Wandern mit Kinder<\/h3>\n<p>Kleine kinderen vinden wandelen vaak vreselijk, maar zodra ze eenmaal op weg zijn worden ze al snel gegrepen door alles wat er op hun pad komt. Het meenemen van Dolfje, onze hond, is vaak een prima ver- en aanleiding om je kinderen mee te krijgen. Bovendien zal Dolfje jullie eeuwig dankbaar zijn. Wandelen is namelijk zijn lust en zijn leven. Het &#8220;Dolfjerondje&#8221; is 4 kilometer lang. Het afgebeelde kaartje wijst jullie de weg. Eventueel kunnen wij voor jullie een exemplaar afdrukken.<\/p>\n<h2>\n\t\tMitwandern\n\t<\/h2>\n\t<p>Ich bin leidenschaftlicher Wanderer und kenne die meisten Wanderrouten in der Umgebung. Inzwischen weiss ich auch einiges von der Geschichte und Geologie dieses Gebietes. Auch einige Anekdoten sind mit bekannt. Ich wander gerne mit euch zusammen. Wir geniessen gemeinsam von der Sch\u00f6nheit der Natur und ich erz\u00e4hle etwas \u00fcber das, was man sieht, aber nicht sofort erkennt.\u00a0<\/p>\n<p>Kosten: \u20ac 80,- je Wanderung<\/p>\n\t<h3>GPX Daten zum Downloaden<\/h3>\n<p>F\u00fcr alle sechs Wanderungen halten wir eine Beschreibung in Bild und Text und die GPX-Daten bereit. Wenn du eine App wie \"GPX Viewer\" \"View Ranger\" oder \"Koomot\" auf deinem Smartphone installiert hast, kannst du diese Daten in einer interaktiven Karte darstellen. Sich zu verirren ist eigentlich nicht mehr m\u00f6glich. Wenn du Hilfe bei der Installation oder Nutzung der App brauchst, helfen wir dir nat\u00fcrlich gerne weiter. F\u00fcr den eher traditionellen Kartennutzer stehen Wanderkarten zur Verf\u00fcgung.<\/p>\n<h2>\n\t\tDie sechs Rundwanderungen auf GPX Daten\n\t<\/h2>\n\t\t\t<a href=\"https:\/\/sbm.webmaat.dev\/wp-content\/uploads\/2020\/12\/entersburg-3.gpx\" download target=\"_self\" role=\"button\" rel=\"noopener\">\n\t\t\t\t\t\t\tEntersburg\n\t\t\t\t\t<\/a>\n\t\t\t<a href=\"https:\/\/sbm.webmaat.dev\/wp-content\/uploads\/2020\/12\/sauerbrunnen-2.gpx\" download target=\"_self\" role=\"button\" rel=\"noopener\">\n\t\t\t\t\t\t\tSauerbrunnen\n\t\t\t\t\t<\/a>\n\t\t\t<a href=\"https:\/\/sbm.webmaat.dev\/wp-content\/uploads\/2020\/12\/neumuehle.gpx\" download target=\"_self\" role=\"button\" rel=\"noopener\">\n\t\t\t\t\t\t\tNeumuehle\n\t\t\t\t\t<\/a>\n\t\t\t<a href=\"https:\/\/sbm.webmaat.dev\/wp-content\/uploads\/2020\/12\/pulvermaar-1.gpx\" download target=\"_self\" role=\"button\" rel=\"noopener\">\n\t\t\t\t\t\t\tPulvermaar\n\t\t\t\t\t<\/a>\n\t\t\t<a href=\"https:\/\/sbm.webmaat.dev\/wp-content\/uploads\/2020\/12\/klidinger-wasserfall.gpx\" download target=\"_self\" role=\"button\" rel=\"noopener\">\n\t\t\t\t\t\t\tKildinger-Wasserfall\n\t\t\t\t\t<\/a>\n\t\t\t<a href=\"https:\/\/sbm.webmaat.dev\/wp-content\/uploads\/2020\/12\/strohner-schweiz.gpx\" download target=\"_self\" role=\"button\" rel=\"noopener\">\n\t\t\t\t\t\t\tStrohner-Schweiz\n\t\t\t\t\t<\/a>\n\t\t\t\t<img decoding=\"async\" src=\"https:\/\/sbm.webmaat.dev\/wp-content\/uploads\/2020\/11\/wandelkaart.jpg\" alt=\"wandelkaart\" itemprop=\"image\" height=\"548\" width=\"960\" title=\"wandelkaart\" onerror=\"this.style.display='none'\"  \/>\n<h2>\n\t\tfoto&#8217;s van de wandelroutes\n\t<\/h2>\n<h6>\n\t\t<a href=\"https:\/\/sbm.webmaat.dev\/de\/wandern\/entersburg-wanderung\/\" title=\"Entersburg\" target=\"_self\" rel=\"noopener\">\n\t\tEntersburg\n\t\t<\/a>\n\t<\/h6>\n<h6>\n\t\t<a href=\"https:\/\/sbm.webmaat.dev\/de\/wandern\/sauerbrunnen-wanderung\/\" title=\"Sauerbrunnen\" target=\"_self\" rel=\"noopener\">\n\t\tSauerbrunnen\n\t\t<\/a>\n\t<\/h6>\n<h6>\n\t\t<a href=\"https:\/\/sbm.webmaat.dev\/de\/wandern\/neumuehle-wanderung\/\" title=\"Neumuehle\" target=\"_self\" rel=\"noopener\">\n\t\tNeumuehle\n\t\t<\/a>\n\t<\/h6>\n<h6>\n\t\t<a href=\"https:\/\/sbm.webmaat.dev\/de\/wandern\/pulvermaar-wanderung\/\" title=\"Pulvermaar\" target=\"_self\" rel=\"noopener\">\n\t\tPulvermaar\n\t\t<\/a>\n\t<\/h6>\n<h6>\n\t\t<a href=\"https:\/\/sbm.webmaat.dev\/de\/wandern\/klidingerwasserfall-wanderung\/\" title=\"Kildinger-Wasserfall\" target=\"_self\" rel=\"noopener\">\n\t\tKildinger-Wasserfall\n\t\t<\/a>\n\t<\/h6>\n<h6>\n\t\t<a href=\"https:\/\/sbm.webmaat.dev\/de\/wandern\/strohner-schweiz-wanderung\/\" title=\"Strohner-Schweiz\" target=\"_self\" rel=\"noopener\">\n\t\tStrohner-Schweiz\n\t\t<\/a>\n\t<\/h6>","protected":false},"excerpt":{"rendered":"<p>Wandelen Onze gesprekken werden langzaam,\u00a0onze vragen beantwoordden we met kijken,\u00a0naar de langzame wereld om ons heen. De dorpen en landerijen in de diepte,\u00a0de vogels bijna verdwijnend in de hemel. We gingen zitten kijken naar deze prachtige\u00a0onverschilligheid van de wereld,\u00a0naar de overbodigheid van onze vragen. De zes rondwandelingen De Strotzb\u00fcscher M\u00fchle ligt middenin de Vulkaaneifel. Meest &#8230; <a title=\"Wanderungen\" class=\"read-more\" href=\"https:\/\/sbm.webmaat.dev\/de\/wandern\/\" aria-label=\"Mehr Informationen \u00fcber Wandelen\">Weiterlesen<\/a><\/p>","protected":false},"author":1,"featured_media":13249,"parent":0,"menu_order":0,"comment_status":"closed","ping_status":"closed","template":"","meta":{"_acf_changed":false,"iawp_total_views":61,"footnotes":""},"class_list":["post-11477","page","type-page","status-publish","has-post-thumbnail"],"acf":[],"_links":{"self":[{"href":"https:\/\/sbm.webmaat.dev\/de\/wp-json\/wp\/v2\/pages\/11477","targetHints":{"allow":["GET"]}}],"collection":[{"href":"https:\/\/sbm.webmaat.dev\/de\/wp-json\/wp\/v2\/pages"}],"about":[{"href":"https:\/\/sbm.webmaat.dev\/de\/wp-json\/wp\/v2\/types\/page"}],"author":[{"embeddable":true,"href":"https:\/\/sbm.webmaat.dev\/de\/wp-json\/wp\/v2\/users\/1"}],"replies":[{"embeddable":true,"href":"https:\/\/sbm.webmaat.dev\/de\/wp-json\/wp\/v2\/comments?post=11477"}],"version-history":[{"count":0,"href":"https:\/\/sbm.webmaat.dev\/de\/wp-json\/wp\/v2\/pages\/11477\/revisions"}],"wp:featuredmedia":[{"embeddable":true,"href":"https:\/\/sbm.webmaat.dev\/de\/wp-json\/wp\/v2\/media\/13249"}],"wp:attachment":[{"href":"https:\/\/sbm.webmaat.dev\/de\/wp-json\/wp\/v2\/media?parent=11477"}],"curies":[{"name":"wp","href":"https:\/\/api.w.org\/{rel}","templated":true}]}}