{"id":11469,"date":"2019-09-03T13:49:10","date_gmt":"2019-09-03T11:49:10","guid":{"rendered":"https:\/\/sbm.webmaat.dev\/?page_id=11469"},"modified":"2024-11-25T17:01:03","modified_gmt":"2024-11-25T16:01:03","slug":"blockhuetten","status":"publish","type":"page","link":"https:\/\/sbm.webmaat.dev\/de\/blockhuetten\/","title":{"rendered":"H\u00fctten"},"content":{"rendered":"<h2>\n\t\tH\u00fctten\n\t<\/h2>\n\t<blockquote><p>Meine H\u00fctte ist weit weg und ich wei\u00df nichts (russisches Sprichwort).<\/p><\/blockquote>\n\t<p>Direct aan de molengang staan drie hutten.\u00a0Een goeie hut heeft een naam. Zo hebben we &#8220;de blokhut&#8221;\u00a0(omdat deze hut nooit anders heeft geheten), &#8220;Werner&#8217;s Blokhut&#8221; (omdat Werner hem gebouwd heeft). En sinds kort hebben we ook het A-frame. (Omdat de vorm van de hut eruit ziet als een &#8220;A&#8221;) Kleine pareltjes op de mooiste plekken rond de Strotzb\u00fcscher M\u00fchle.<\/p>\n<p>Alle H\u00fctten bieten Platz f\u00fcr 4 Personen. Die Einrichtung ist jeweils \u00e4hnlich. In der K\u00fcche sind T\u00f6pfe, Pfannen, Herd, K\u00fchlschrank und eine Jerrycan f\u00fcr Wasser (Das A-Frame hat ein Wasserhahn) zu finden und nat\u00fcrlich bequeme St\u00fchle und einen Tisch. Alle Betten sind mit guten Matratzen und Kissen ausger\u00fcstet und mit Spannbettlaken bezogen. An k\u00fchlen Abenden oder wenn du es dir gem\u00fctlich machen willst, kannst du den Kamin an machen. Alles was man ben\u00f6tigt ist da. <strong>Du brauchst nur noch deine pers\u00f6nlichen Gegenst\u00e4nde, einen Schlafsack und eventuell was Brennholz mit zu bringen.\u00a0<\/strong>Brennholz kann man auch bei uns kaufen (\u20ac 0,90 pro kg). Vor der H\u00fctte befindet sich ein Tisch mit zwei B\u00e4nken, eine Feuerstelle und ein Grill. Dusche und Toilette sind 40 Meter entfernt, komfortabel also und trotzdem ein bisschen campen.<\/p>\n<h3>\n\t\tSommer- und Winteraufstellung.\n\t<\/h3>\n\t<p>In de winter wordt dat doek opgeborgen, de veranda afgebroken en het dak gesloten. De keuken verplaatst zich daardoor &#8220;automatisch&#8221; van buiten naar binnen. Het tenthuisje verandert in een hut. Een fijne plek waar je lekker de kachel kan stoken en mag hopen op een dik pak sneeuw.<\/p>\n<p>Im Sommer ist die Veranda dein Zuhause und der Tarp bietet Schutz vor strahlender Sonne oder ein wenig Regen. Die Au\u00dfenk\u00fcche mit flie\u00dfendem Wasser (ja, ja) ist leicht zu erreichen. Es gibt vier Schlafpl\u00e4tze im First des A-frames, ein Doppelbett und zwei Einzelbetten.<\/p>\n\t<em>Bieg ab!<\/em><br \/>\n<em>Nimm die steile und kurvenreiche Stra\u00dfe ins Tal.<\/em><br \/>\n<em>Wir erwarten dich.<\/em>\n\t\t\t<a href=\"https:\/\/sbm.webmaat.dev\/de\/blockhuette-buchen\/\" target=\"_self\">\n\t\t\t\t\t\t\tbuchen\n\t\t\t\t\t<\/a>\n\t\t\t\t\t<a href=\"#\" id=\"fl-accordion--label-0\" tabindex=\"0\" aria-controls=\"fl-accordion--panel-0\">Preise H\u00fctte 2024<\/a>\n\t\t\t\t\t\n \n<table id=\"tablepress-22\" class=\"tablepress tablepress-id-22 tbody-has-connected-cells\">\n<thead>\n<tr class=\"row-1\">\n\t<td class=\"column-1\"><\/td><th class=\"column-2\">Preise pro Nacht (mindestens zwei N\u00e4chte)<\/th>\n<\/tr>\n<\/thead>\n<tbody class=\"row-striping row-hover\">\n<tr class=\"row-2\">\n\t<td class=\"column-1\">Die Blockh\u00fctte<\/td><td class=\"column-2\">\u20ac 65,-<\/td>\n<\/tr>\n<tr class=\"row-3\">\n\t<td class=\"column-1\">Werner's Blockh\u00fctte<\/td><td class=\"column-2\">\u20ac 75,-<\/td>\n<\/tr>\n<tr class=\"row-4\">\n\t<td class=\"column-1\">Das A-frame<\/td><td class=\"column-2\">\u20ac 85,-<\/td>\n<\/tr>\n<tr class=\"row-5\">\n\t<td colspan=\"2\" class=\"column-1\">Hunden \u20ac 3,50 pro Hund pro Nacht<\/td>\n<\/tr>\n<\/tbody>\n<\/table>\n<!-- #tablepress-22 from cache --> \n<p>&nbsp;<\/p>\n<p>&nbsp;<\/p>\n<p>&nbsp;<\/p>\n\t\t\t\t\t<a href=\"#\" id=\"fl-accordion--label-1\" tabindex=\"0\" aria-controls=\"fl-accordion--panel-1\">Beschikbaarheid Werner&#8217;s blokhut<\/a>\n\t\t\t\t\t\n<iframe id=\"schedule_map\" src=\"https:\/\/www.lodgit.com\/online-buchen\/0GHVQ-STSHR-50AB8-XT361-FGP2S-7763N-QM\/calendar?months_per_row=4&amp;number_of_months=24\" frameborder=\"0\" scrolling=\"yes\"><br \/>\n<a href=\"https:\/\/www.lodgit.com\/online-buchen\/0GHVQ-STSHR-50AB8-XT361-FGP2S-7763N-QM\/calendar?months_per_row=4&amp;number_of_months=24\" target=\"schedule_map\">Show booking calendar<\/a><br \/>\n<\/iframe>\n\t\t\t\t\t<a href=\"#\" id=\"fl-accordion--label-2\" tabindex=\"0\" aria-controls=\"fl-accordion--panel-2\">Verf\u00fcgbarkeit Blockh\u00fctte<\/a>\n\t\t\t\t\t\n<iframe id=\"schedule_map\" src=\"https:\/\/www.lodgit.com\/online-buchen\/U8J4U-TEU2X-D2KLE-DVRBU-1SWR0-J9S86-AK\/calendar?months_per_row=4&amp;number_of_months=24\" frameborder=\"0\" scrolling=\"yes\"><br \/>\n<a href=\"https:\/\/www.lodgit.com\/online-buchen\/U8J4U-TEU2X-D2KLE-DVRBU-1SWR0-J9S86-AK\/calendar?months_per_row=4&amp;number_of_months=24\" target=\"schedule_map\">Show booking calendar<\/a><br \/>\n<\/iframe>\n\t\t\t\t\t<a href=\"#\" id=\"fl-accordion--label-3\" tabindex=\"0\" aria-controls=\"fl-accordion--panel-3\">Verf\u00fcgbarkeit A-frame<\/a>\n\t\t\t\t\t\n<iframe id=\"schedule_map\" src=\"https:\/\/www.lodgit.com\/online-buchen\/S6ARX-4KYZR-WA4V2-6T6JK-CJ7AS-9VLCL-H1\/calendar?months_per_row=4&amp;number_of_months=24\" frameborder=\"0\" scrolling=\"yes\"><br \/>\n<a href=\"https:\/\/www.lodgit.com\/online-buchen\/S6ARX-4KYZR-WA4V2-6T6JK-CJ7AS-9VLCL-H1\/calendar?months_per_row=4&amp;number_of_months=24\" target=\"schedule_map\">Show booking calendar<\/a><br \/>\n<\/iframe>\n\t\t\t\t\t<a href=\"#\" id=\"fl-accordion--label-4\" tabindex=\"0\" aria-controls=\"fl-accordion--panel-4\">Zahlungs- und Stornierungsbedingungen\u2028<\/a>\n\t\t\t\t\t<p><b><br \/>Zahlungsbedingungen<\/b><\/p>\n<p>Bei einer Buchung schicken wir dir eine Buchungsbest\u00e4tigung per Mail. Auf dieser ist der Gesamtbetrag des Aufenthalts zu finden. 40 % des Gesamtbetrags wird direkt als Anzahlung f\u00e4llig. Falls der Gesamtbetrag niedriger ist als \u20ac 200,- wird der vollst\u00e4ndige Betrag als Anzahlung f\u00e4llig. Sobald deine Anzahlung auf unserem Konto eingegangen ist, ist die Reservierung definitiv. Zur Best\u00e4tigung bekommst du eine Mail. Die restlichen 60 % werden vier Wochen vor Anreise f\u00e4llig.\u2028 Bei Buchung unter vier Wochen vor Antritt des Aufenthalts wird der Gesamtbetrag der Buchungsbest\u00e4tigung vorab f\u00e4llig.<\/p>\n<p>Nach deinem Aufenthalt schicken wir die per Mail die (End-) Rechnung. Auf dieser wird die Anzahlung mit den Aufenthaltskosten verrechnet. Wenn dein Aufenthalt und die zugeh\u00f6rige Verwaltung so gelaufen sind wie es sein sollte, ist die Rechnung bereits vor Ort beglichen.<\/p>\n<p>Auf der Rechnung sind auch weitere Posten wie Brennholz, Br\u00f6tchen, Getr\u00e4nke und Mahlzeiten zu finden. Diese hast du selber notiert, zum Beispiel auf der Strichliste am K\u00fchlschrank, aus dem du dir Bier genommen hast oder neben der Wage, auf der du Brennholz abgewogen hast. Wir aktualisieren die Liste t\u00e4glich. Den noch offenen Betrag zahlst du bei Abfahrt bitte vor Ort.<\/p>\n<p><strong>Vor Ort eine Rechnung zahlen\u2028<\/strong><\/p>\n<p>Bei uns kannst du bar zahlen oder direkt \u00fcberweisen. Wir akzeptieren keine Karten.<\/p>\n<p><b>Stornierungsbedingungen\u2028<\/b><\/p>\n<p>je verheugt je en dan moet je door omstandigheden annuleren, dat is natuurlijk jammer. Daarom zullen we altijd eerst gezamenlijk bekijken of we je reservering kunnen verplaatsen zodat jullie op een ander tijdstip (buiten de schoolvakantie&#8217;s) toch van een of beide blokhutten kunnen genieten. Mocht dit niet lukken, kunnen we onder voorwaarden je aanbetalingen terugstorten. Om niet gebukt te gaan onder die voorwaarden is een annuleringsverzekering een suggestie.<\/p>\n<p><strong>Der Moment der Stornierung ist auschlaggebend, n\u00e4mlich:<\/strong><\/p>\n<ul>\n<li>bis 28 Tage vor Ankunft werden \u20ac 25,- Verwaltungsgeb\u00fchr f\u00e4llig.<\/li>\n<li>Unter (und einschliesslich) 28 Tagen bis 14 Tage vor Ankunft werden 40 % des Gesamtbetrags f\u00e4llig.<\/li>\n<li>Unter 14 Tagen bis zum (und einschlie\u00dflich mit) Abreisedatum werden die Gesamtkosten in voller H\u00f6he f\u00e4llig.<\/li>\n<\/ul>","protected":false},"excerpt":{"rendered":"<p>De hutten Mijn hut is ver en ik weet van niets (Russisch spreekwoord). Direct aan de molengang staan drie hutten.\u00a0Een goeie hut heeft een naam. Zo hebben we &#8220;de blokhut&#8221;\u00a0(omdat deze hut nooit anders heeft geheten), &#8220;Werner&#8217;s Blokhut&#8221; (omdat Werner hem gebouwd heeft). En sinds kort hebben we ook het A-frame. (Omdat de vorm van &#8230; <a title=\"H\u00fctten\" class=\"read-more\" href=\"https:\/\/sbm.webmaat.dev\/de\/blockhuetten\/\" aria-label=\"Mehr Informationen \u00fcber De hutten\">Weiterlesen<\/a><\/p>","protected":false},"author":1,"featured_media":18152,"parent":0,"menu_order":0,"comment_status":"closed","ping_status":"closed","template":"","meta":{"_acf_changed":false,"iawp_total_views":285,"footnotes":""},"class_list":["post-11469","page","type-page","status-publish","has-post-thumbnail"],"acf":[],"_links":{"self":[{"href":"https:\/\/sbm.webmaat.dev\/de\/wp-json\/wp\/v2\/pages\/11469","targetHints":{"allow":["GET"]}}],"collection":[{"href":"https:\/\/sbm.webmaat.dev\/de\/wp-json\/wp\/v2\/pages"}],"about":[{"href":"https:\/\/sbm.webmaat.dev\/de\/wp-json\/wp\/v2\/types\/page"}],"author":[{"embeddable":true,"href":"https:\/\/sbm.webmaat.dev\/de\/wp-json\/wp\/v2\/users\/1"}],"replies":[{"embeddable":true,"href":"https:\/\/sbm.webmaat.dev\/de\/wp-json\/wp\/v2\/comments?post=11469"}],"version-history":[{"count":16,"href":"https:\/\/sbm.webmaat.dev\/de\/wp-json\/wp\/v2\/pages\/11469\/revisions"}],"predecessor-version":[{"id":18165,"href":"https:\/\/sbm.webmaat.dev\/de\/wp-json\/wp\/v2\/pages\/11469\/revisions\/18165"}],"wp:featuredmedia":[{"embeddable":true,"href":"https:\/\/sbm.webmaat.dev\/de\/wp-json\/wp\/v2\/media\/18152"}],"wp:attachment":[{"href":"https:\/\/sbm.webmaat.dev\/de\/wp-json\/wp\/v2\/media?parent=11469"}],"curies":[{"name":"wp","href":"https:\/\/api.w.org\/{rel}","templated":true}]}}