{"id":11463,"date":"2019-09-03T13:45:21","date_gmt":"2019-09-03T11:45:21","guid":{"rendered":"https:\/\/sbm.webmaat.dev\/?page_id=11463"},"modified":"2024-01-17T17:53:25","modified_gmt":"2024-01-17T16:53:25","slug":"einzelzimmer","status":"publish","type":"page","link":"https:\/\/sbm.webmaat.dev\/de\/einzelzimmer\/","title":{"rendered":"Einzelzimmer\u2028"},"content":{"rendered":"<h2>\n\t\tEinzelzimmer\u2028\n\t<\/h2>\n\t<blockquote><p><i>Die Herberge ist nur \u00fcber einen kurvenreichen Waldweg zu erreichen. Ein Bach und der M\u00fchlengraben bahnen sich sanft ihren Weg durch das Gel\u00e4nde.\u2028<\/i><\/p><\/blockquote>\n<h2>\n\t\tDas Zimmer und die Au\u00dfenk\u00fcche\n\t<\/h2>\n\t<p>In een herberg kan je een kamer &#8220;nemen&#8221;. Zo ook in de Strotzb\u00fcscher M\u00fchle. Er zijn losse 4 kamers, die zijn te boeken in de maanden juli en augustus. In de zomermaanden is het in het gebouw goed toeven. Door de dikke muren is het koel en in de gelagkamer is het meestal rustig. Daar kan je een boek lezen of wat achter je computer rommelen.<\/p>\n<p>Ein separates Zimmer hat keine K\u00fcche, aber es verf\u00fcgt \u00fcber ein eigenes Kochgeschirr, Teller und Besteck. Alles was du brauchst um deine eigene Mahlzeit zuzubereiten und den Tisch zu decken. Das Kochen kann in der Au\u00dfenk\u00fcche erfolgen. Dort gibt es eine gro\u00dfe Arbeitsfl\u00e4che mit einem Kochfeld. Das Decken deines eigenen Tisches kann auf der Terrasse vor der Herberge, unter der \u00dcberdachung, oder einfach an einem guten Ort auf dem Gel\u00e4nde erfolgen. Oh, und es gibt auch einen K\u00fchlschrank, in dem du deine Lebensmittel aufbewahren kannst.<\/p>\n<p>Wanneer je geen zin hebt om te koken, kan je bij het vallen van de avond, aanschuiven aan de lange tafel. Daar wordt om 19.00 uur, onder de overkapping voor de herberg, de maaltijd opgediend, (kijk even op &#8220;<a href=\"https:\/\/sbm.webmaat.dev\/de\/essen-und-trinken\/\">Sonya kocht<\/a>&#8220;). Het is de plek om lekker te eten, maar ook om in contact te komen met andere mensen. De volgende morgen hebben we bruine en witte broodjes voor op je eigen gedekte tafel, maar als je je liever een ontbijt laat serveren, kan dat ook.<\/p>\n<h2>\n\t\tDie Zimmer\n\t<\/h2>\n\t<h3><strong>Das Familienzimmer<\/strong><\/h3>\n<p>Allereerst de familiekamer. Een kamer en suite met een slaapkamer waar een tweepersoonsbed staat. In de aangrenzende ruimte vind je twee lossen bedden, elk voor een persoon. Die twee ruimtes samen zijn groot genoeg om er, naast lekker te slapen, ook gewoon te verblijven. Er is een eigen douche en wc. Zeer geschikt voor een&#8230;.familie met twee kinderen.<\/p>\n<h3><strong>Zimmer 1<\/strong><\/h3>\n<p>Dan de kamer 1, in de volksmond &#8220;de rustieke&#8221; kamer genoemd. Kamer 1 is een twee persoons kamer, met een tweepersoonsbed, en eigen douche en wc.<\/p>\n<h3><strong>Zimmer 2<\/strong><\/h3>\n<p>Zimmer 2, auch bekannt als das Zimmer mit dem blauen Bett (wo fr\u00fcher einmal stand). Es handelt sich um ein Doppelzimmer mit einem Doppelbett. Das Zimmer verf\u00fcgt \u00fcber ein Waschbecken. Dusche und WC befinden sich auf dem Flur. Es besteht die M\u00f6glichkeit, dass du diese mit zwei weiteren Personen teilst, die sich im Zimmer 5 befinden<\/p>\n<h3><strong>Zimmer 5<\/strong><\/h3>\n<p>Zuletzt Zimmer 5. Das ist ein Doppelzimmer mit zwei Einzelbetten. Das Zimmer verf\u00fcgt \u00fcber ein Waschbecken. Dusche und WC befinden sich auf dem Flur. Es besteht die M\u00f6glichkeit, dass du diese mit zwei weiteren Personen teilst, die sich im Zimmer 2 befinden.<\/p>\n\t<p><em>Bieg ab!<\/em><br \/><em>Nimm die steile und kurvenreiche Stra\u00dfe ins Tal.<\/em><br \/><em>Wir erwarten dich.<\/em><\/p>\n\t\t\t<a href=\"https:\/\/sbm.webmaat.dev\/de\/einzelzimmer-buchen\/\" target=\"_self\" rel=\"noopener\">\n\t\t\t\t\t\t\tbuchen\n\t\t\t\t\t<\/a>\n\t\t\t\t\t<a href=\"javascript:void(0);\" id=\"fl-accordion--label-0\" tabindex=\"0\" aria-controls=\"fl-accordion--panel-0\">Prijzen losse kamers juli &#038; augustus 2024<\/a>\n\t\t\t\t\t\n \n<table id=\"tablepress-30\" class=\"tablepress tablepress-id-30\">\n<thead>\n<tr class=\"row-1\">\n\t<th colspan=\"2\" class=\"column-1\">Preis pro Zimmer pro Nacht<\/th>\n<\/tr>\n<\/thead>\n<tbody class=\"row-striping row-hover\">\n<tr class=\"row-2\">\n\t<td class=\"column-1\">Bei 1 Erwachsene <\/td><td class=\"column-2\">\u20ac 50,-<\/td>\n<\/tr>\n<tr class=\"row-3\">\n\t<td class=\"column-1\">Bei 2 Erwachsene<\/td><td class=\"column-2\">\u20ac 70,-<\/td>\n<\/tr>\n<tr class=\"row-4\">\n\t<td class=\"column-1\">Kindern bis 18 Jahre<\/td><td class=\"column-2\">\u20ac 10,50 pppn<\/td>\n<\/tr>\n<\/tbody>\n<\/table>\n<!-- #tablepress-30 from cache --> \n<p>&nbsp;<\/p>\n\t\t\t\t\t<a href=\"javascript:void(0);\" id=\"fl-accordion--label-1\" tabindex=\"0\" aria-controls=\"fl-accordion--panel-1\">Verf\u00fcgbarkeit<\/a>\n\t\t\t\t\t<iframe id=\"schedule_map\" src=\"https:\/\/www.lodgit.com\/online-buchen\/8BV0B-QDZL4-4MY5T-6SNJJ-AQVUA-HEU5T-V5\/calendar?months_per_row=4&amp;number_of_months=24\" frameborder=\"0\" scrolling=\"yes\"><br \/>\n<a href=\"https:\/\/www.lodgit.com\/online-buchen\/8BV0B-QDZL4-4MY5T-6SNJJ-AQVUA-HEU5T-V5\/calendar?months_per_row=4&amp;number_of_months=24\" target=\"schedule_map\" rel=\"noopener\">Show booking calendar<\/a><br \/>\n<\/iframe>\n\t\t\t\t\t<a href=\"javascript:void(0);\" id=\"fl-accordion--label-2\" tabindex=\"0\" aria-controls=\"fl-accordion--panel-2\">Zahlungs- und Stornierungsbedingungen\u2028<\/a>\n\t\t\t\t\t<p><b>Zahlungsbedingungen<\/b><\/p>\n<p>Bei einer Buchung schicken wir dir eine Buchungsbest\u00e4tigung per Mail. Auf dieser ist der Gesamtbetrag des Aufenthalts zu finden. 40 % des Gesamtbetrags wird direkt als Anzahlung f\u00e4llig. Falls der Gesamtbetrag niedriger ist als \u20ac 200,- wird der vollst\u00e4ndige Betrag als Anzahlung f\u00e4llig. Sobald deine Anzahlung auf unserem Konto eingegangen ist, ist die Reservierung definitiv. Zur Best\u00e4tigung bekommst du eine Mail. Die restlichen 60 % werden vier Wochen vor Anreise f\u00e4llig.\u2028Bei Buchung unter vier Wochen vor Antritt des Aufenthalts wird der Gesamtbetrag der Buchungsbest\u00e4tigung vorab f\u00e4llig.<\/p>\n<p>Nach deinem Aufenthalt schicken wir die per Mail die (End-) Rechnung. Auf dieser wird die Anzahlung mit den Aufenthaltskosten verrechnet. Wenn dein Aufenthalt und die zugeh\u00f6rige Verwaltung so gelaufen sind wie es sein sollte, ist die Rechnung bereits vor Ort beglichen.<\/p>\n<p>Auf der Rechnung sind auch weitere Posten wie Brennholz, Br\u00f6tchen, Getr\u00e4nke und Mahlzeiten zu finden. Diese hast du selber notiert, zum Beispiel auf der Strichliste am K\u00fchlschrank, aus dem du dir Bier genommen hast oder neben der Wage, auf der du Brennholz abgewogen hast. Wir aktualisieren die Liste t\u00e4glich. Den noch offenen Betrag zahlst du bei Abfahrt bitte vor Ort.<\/p>\n<p><strong>Vor Ort eine Rechnung zahlen\u2028<\/strong><\/p>\n<p>Bei uns kannst du bar zahlen oder direkt \u00fcberweisen. Wir akzeptieren keine Karten.<\/p>\n<p><strong>Stornierungsbedingungen\u2028<\/strong><\/p>\n<p>Je verheugt je en dan moet je door omstandigheden annuleren, dat is natuurlijk jammer. Daarom zullen we altijd eerst gezamenlijk bekijken of we je reservering kunnen verplaatsen zodat jullie op een ander tijdstip (buiten de schoolvakantie&#8217;s) toch van een of beide blokhutten kunnen genieten. Mocht dit niet lukken, kunnen we onder voorwaarden je aanbetalingen terugstorten. Om niet gebukt te gaan onder die voorwaarden is een annuleringsverzekering een suggestie.<\/p>\n<p><strong>Der Moment der Stornierung ist auschlaggebend, n\u00e4mlich:<\/strong><\/p>\n<ul>\n<li>bis 28 Tage vor Ankunft werden \u20ac 25,- Verwaltungsgeb\u00fchr f\u00e4llig.<\/li>\n<li>Unter (und einschliesslich) 28 Tagen bis 14 Tage vor Ankunft werden 40 % des Gesamtbetrags f\u00e4llig.<\/li>\n<li>Unter 14 Tagen bis zum (und einschlie\u00dflich mit) Abreisedatum werden die Gesamtkosten in voller H\u00f6he f\u00e4llig.<\/li>\n<\/ul>","protected":false},"excerpt":{"rendered":"<p>Losse kamers Alleen via een kronkelend weggetje door het bos is de herberg te bereiken. Rivier en\u00a0molengang banen zich liefelijk een weg door het terrein. De kamer en de buitenkeuken In een herberg kan je een kamer &#8220;nemen&#8221;. Zo ook in de Strotzb\u00fcscher M\u00fchle. Er zijn losse 4 kamers, die zijn te boeken in de &#8230; <a title=\"Einzelzimmer\u2028\" class=\"read-more\" href=\"https:\/\/sbm.webmaat.dev\/de\/einzelzimmer\/\" aria-label=\"Mehr Informationen \u00fcber Losse kamers\">Weiterlesen<\/a><\/p>","protected":false},"author":1,"featured_media":13598,"parent":0,"menu_order":0,"comment_status":"closed","ping_status":"closed","template":"","meta":{"_acf_changed":false,"iawp_total_views":56,"footnotes":""},"class_list":["post-11463","page","type-page","status-publish","has-post-thumbnail"],"acf":[],"_links":{"self":[{"href":"https:\/\/sbm.webmaat.dev\/de\/wp-json\/wp\/v2\/pages\/11463","targetHints":{"allow":["GET"]}}],"collection":[{"href":"https:\/\/sbm.webmaat.dev\/de\/wp-json\/wp\/v2\/pages"}],"about":[{"href":"https:\/\/sbm.webmaat.dev\/de\/wp-json\/wp\/v2\/types\/page"}],"author":[{"embeddable":true,"href":"https:\/\/sbm.webmaat.dev\/de\/wp-json\/wp\/v2\/users\/1"}],"replies":[{"embeddable":true,"href":"https:\/\/sbm.webmaat.dev\/de\/wp-json\/wp\/v2\/comments?post=11463"}],"version-history":[{"count":0,"href":"https:\/\/sbm.webmaat.dev\/de\/wp-json\/wp\/v2\/pages\/11463\/revisions"}],"wp:featuredmedia":[{"embeddable":true,"href":"https:\/\/sbm.webmaat.dev\/de\/wp-json\/wp\/v2\/media\/13598"}],"wp:attachment":[{"href":"https:\/\/sbm.webmaat.dev\/de\/wp-json\/wp\/v2\/media?parent=11463"}],"curies":[{"name":"wp","href":"https:\/\/api.w.org\/{rel}","templated":true}]}}