{"id":11461,"date":"2019-09-03T13:44:02","date_gmt":"2019-09-03T11:44:02","guid":{"rendered":"https:\/\/sbm.webmaat.dev\/?page_id=11461"},"modified":"2024-10-25T21:16:25","modified_gmt":"2024-10-25T19:16:25","slug":"apartements","status":"publish","type":"page","link":"https:\/\/sbm.webmaat.dev\/de\/apartements\/","title":{"rendered":"Apartments"},"content":{"rendered":"<h2>\n\t\tApartments\n\t<\/h2>\n\t<blockquote><p>Immer wieder auf der Suche nach einem Rastplatz, einem Ort, an dem ich Ruhe finden kann und mich gerne aufhalte. Weg von der Hektik des Alltags, am liebsten weit weg von der gro\u00dfen Menschenmasse, in der ich nicht gerne ertrinke.\u2028<\/p>\n<p><strong>Frei \u00fcbersetzt nach Koen Snyers\u2028<\/strong><\/p><\/blockquote>\n\t<p>Die Herberge hat drei 4-Personen Apartments mit eigenem Badezimmer, K\u00fcche und Wi-Fi, die das ganze Jahr \u00fcber zu mieten sind. Die Apartments sind vollst\u00e4ndig selbstst\u00e4ndig und deshalb besonders geeignet f\u00fcr Familien mit Kindern. Auch f\u00fcr Menschen, die gerne mehr Privatsph\u00e4re haben, ist ein Apartment eine gute Option. Und nat\u00fcrlich ist es auch ein guter Startpunkt f\u00fcr verschiedene Wanderungen in der Umgebung.\u2028<\/p>\n<h2>\n\t\tDie Apartments von innen\n\t<\/h2>\n\t<h3><strong>Apartment 1<\/strong><\/h3>\n<p>Heeft een eigen opgang, betonnen trappetje af, voordeur door en je staat in de keuken. Verder is er een slaapkamer met een tweepersoons bed en een woonkamer met twee prima eenpersoons slaapbanken.<\/p>\n<h3><strong>Apartment 2<\/strong><\/h3>\n<p>Hat ebenfalls einen eigenen Aufgang, durch die Eingangst\u00fcr geht es in den Flur. Rechts davon die K\u00fcche, links das Badezimmer und \u00fcber dir ein Dachboden zum Schlafen, \u00fcbrigens sehr geeignet f\u00fcr Kinder. Au\u00dferdem verf\u00fcgt dieses Apartment \u00fcber ein Wohn- und Schlafzimmer.\u2028<\/p>\n<h3><strong>Apartment 3<\/strong><\/h3>\n<p>Ist das gr\u00f6\u00dfte Apartment und befindet sich im Obergeschoss des Hauptgeb\u00e4udes. Hat ein Schlafzimmer mit Doppelbett und ein Wohnzimmer mit Doppelschlafsofa.\u2028<\/p>\n<h2>\n\t\tDie Apartments im Juli und August\n\t<\/h2>\n\t<p class=\"translation-block\">Dann ver\u00e4ndert sich der private Charakter der Herberge von Gruppenunterkunft zu einem Ort der Begegnung, an dem auch Campingg\u00e4ste und andere willkommen sind. Die Gaststube wird zum Gemeinschaftsraum. Kinder k\u00f6nnen hier spielen oder fernsehen. Es gibt auch jede Menge Spiele, Zeitschriften und Zeitungen.<\/p>\n<p>Bij het vallen van de avond (19.00 uur) wordt er, onder de grote luifel voor de herberg, een maaltijd geserveerd. In principe verzorgt de kok een menu, maar er wordt natuurlijk rekening gehouden met allergie\u00ebn en uiteraard is vegetarisch eten helemaal geen probleem. Wanneer je vooraf aangeeft dat je mee wilt eten, kan je &#8217;s avonds aanschuiven aan de lange tafel. Het is de plek om lekker te eten, maar ook om in contact te komen met andere mensen. Een fles wijn staat op de bar, uit de kast kan je een glas pakken. Een turfje achter je naam volstaat. In de ochtend bakken we bruine en witte broodjes om mee te nemen naar appartement of tent. Maar je ontbijt onder de luifel voor de herberg nuttigen kan ook.<\/p>\n\t<p><em>Bieg ab!<\/em><br><em>Nimm die steile und kurvenreiche Stra\u00dfe ins Tal.<\/em><br><em>Wir erwarten dich.<\/em><\/p>\n\t\t\t<a href=\"https:\/\/sbm.webmaat.dev\/de\/apartment-buchen\/\" target=\"_self\" rel=\"noopener\">\n\t\t\t\t\t\t\tbuchen\n\t\t\t\t\t<\/a>\n\t\t\t\t\t<a href=\"#\" id=\"fl-accordion--label-0\" tabindex=\"0\" aria-controls=\"fl-accordion--panel-0\">Preise Apartments 2024<\/a>\n\t\t\t\t\t\n \n<table id=\"tablepress-32\" class=\"tablepress tablepress-id-32 tbody-has-connected-cells\">\n<thead>\n<tr class=\"row-1\">\n\t<th class=\"column-1\">pro Apartment<\/th><th class=\"column-2\">Preis pro Nacht<\/th>\n<\/tr>\n<\/thead>\n<tbody class=\"row-striping row-hover\">\n<tr class=\"row-2\">\n\t<td class=\"column-1\">1 bis zu 4 Personen<\/td><td class=\"column-2\">\u20ac 85,-<\/td>\n<\/tr>\n<tr class=\"row-3\">\n\t<td class=\"column-1\">Hund<\/td><td class=\"column-2\">\u20ac 5,-<\/td>\n<\/tr>\n<tr class=\"row-4\">\n\t<td colspan=\"2\" class=\"column-1\">Die Preise beinhalten Bettw\u00e4sche und Handt\u00fccher sowie Geschirrt\u00fccher.<\/td>\n<\/tr>\n<\/tbody>\n<\/table>\n<!-- #tablepress-32 from cache -->\n\t\t\t\t\t<a href=\"#\" id=\"fl-accordion--label-1\" tabindex=\"0\" aria-controls=\"fl-accordion--panel-1\">Verf\u00fcgbarkeit Apartment 1<\/a>\n\t\t\t\t\t\n<iframe id=\"schedule_map\" src=\"https:\/\/www.lodgit.com\/online-buchen\/HSAP4-MG0KL-1SV3Z-E9WM6-ZJPVM-5ZX7C-8G\/calendar?months_per_row=4&amp;number_of_months=24\" frameborder=\"0\" scrolling=\"yes\">&lt;br \/&gt;\n&lt;a href=&quot;\/de\/&rdquo;\/\/www.lodgit.com\/online-buchen\/HSAP4-MG0KL-1SV3Z-E9WM6-ZJPVM-5ZX7C-8G\/calendar\/?months_per_row=4&amp;amp;number_of_months=24&amp;quot;&rdquo;&quot; target=&quot;&rdquo;schedule_map&rdquo;&quot; rel=&quot;&rdquo;noopener&rdquo;&quot;&gt;Show booking calendar&lt;\/a&gt;&lt;br \/&gt;\n<\/iframe>\n\t\t\t\t\t<a href=\"#\" id=\"fl-accordion--label-2\" tabindex=\"0\" aria-controls=\"fl-accordion--panel-2\">Verf\u00fcgbarkeit Apartment 2<\/a>\n\t\t\t\t\t\n<iframe id=\"schedule_map\" src=\"https:\/\/www.lodgit.com\/online-buchen\/05755-WSDHT-MR18R-TTER9-JVSXK-BWPNL-Z9\/calendar?months_per_row=4&amp;number_of_months=24\" frameborder=\"0\" scrolling=\"yes\">&lt;br \/&gt;\n&lt;a href=&quot;\/de\/&rdquo;\/\/www.lodgit.com\/online-buchen\/05755-WSDHT-MR18R-TTER9-JVSXK-BWPNL-Z9\/calendar\/?months_per_row=4&amp;amp;number_of_months=24&amp;quot;&rdquo;&quot; target=&quot;&rdquo;schedule_map&rdquo;&quot; rel=&quot;&rdquo;noopener&rdquo;&quot;&gt;Show booking calendar&lt;\/a&gt;&lt;br \/&gt;\n<\/iframe>\n\t\t\t\t\t<a href=\"#\" id=\"fl-accordion--label-3\" tabindex=\"0\" aria-controls=\"fl-accordion--panel-3\">Verf\u00fcgbarkeit Apartment 3<\/a>\n\t\t\t\t\t\n<iframe id=\"schedule_map\" src=\"https:\/\/www.lodgit.com\/online-buchen\/LBVRK-8NFXM-1Q0RZ-PTA64-VLGNG-U4HYG-0S\/calendar?months_per_row=4&amp;number_of_months=24\" frameborder=\"0\" scrolling=\"yes\">&lt;br \/&gt;\n&lt;a href=&quot;\/de\/&rdquo;\/\/www.lodgit.com\/online-buchen\/LBVRK-8NFXM-1Q0RZ-PTA64-VLGNG-U4HYG-0S\/calendar\/?months_per_row=4&amp;amp;number_of_months=24&amp;quot;&rdquo;&quot; target=&quot;&rdquo;schedule_map&rdquo;&quot; rel=&quot;&rdquo;noopener&rdquo;&quot;&gt;Show booking calendar&lt;\/a&gt;&lt;br \/&gt;\n<\/iframe>\n\t\t\t\t\t<a href=\"#\" id=\"fl-accordion--label-4\" tabindex=\"0\" aria-controls=\"fl-accordion--panel-4\">Zahlungs- und Stornierungsbedingungen\u2028<\/a>\n\t\t\t\t\t<p><b>Zahlungsbedingungen<\/b><\/p>\n<p>Bei einer Buchung schicken wir dir eine Buchungsbest\u00e4tigung per Mail. Auf dieser ist der Gesamtbetrag des Aufenthalts zu finden. 40 % des Gesamtbetrags wird direkt als Anzahlung f\u00e4llig. Falls der Gesamtbetrag niedriger ist als \u20ac 200,- wird der vollst\u00e4ndige Betrag als Anzahlung f\u00e4llig. Sobald deine Anzahlung auf unserem Konto eingegangen ist, ist die Reservierung definitiv. Zur Best\u00e4tigung bekommst du eine Mail. Die restlichen 60 % werden vier Wochen vor Anreise f\u00e4llig.\u2028Bei Buchung unter vier Wochen vor Antritt des Aufenthalts wird der Gesamtbetrag der Buchungsbest\u00e4tigung vorab f\u00e4llig.<\/p>\n<p>Nach deinem Aufenthalt schicken wir die per Mail die (End-) Rechnung. Auf dieser wird die Anzahlung mit den Aufenthaltskosten verrechnet. Wenn dein Aufenthalt und die zugeh\u00f6rige Verwaltung so gelaufen sind wie es sein sollte, ist die Rechnung bereits vor Ort beglichen.<\/p>\n<p>Auf der Rechnung sind auch weitere Posten wie Brennholz, Br\u00f6tchen, Getr\u00e4nke und Mahlzeiten zu finden. Diese hast du selber notiert, zum Beispiel auf der Strichliste am K\u00fchlschrank, aus dem du dir Bier genommen hast oder neben der Wage, auf der du Brennholz abgewogen hast. Wir aktualisieren die Liste t\u00e4glich. Den noch offenen Betrag zahlst du bei Abfahrt bitte vor Ort.<\/p>\n<p><strong>Vor Ort eine Rechnung zahlen\u2028<\/strong><\/p>\n<p>Bei uns kannst du bar zahlen oder direkt \u00fcberweisen. Wir akzeptieren keine Karten.<\/p>\n<p><strong>Stornierungsbedingungen\u2028<\/strong><\/p>\n<p>Je verheugt je en dan moet je door omstandigheden annuleren, dat is natuurlijk jammer. Daarom zullen we altijd eerst gezamenlijk bekijken of we je reservering kunnen verplaatsen zodat jullie op een ander tijdstip (buiten de schoolvakantie&#8217;s) toch van een of beide blokhutten kunnen genieten. Mocht dit niet lukken, kunnen we onder voorwaarden je aanbetalingen terugstorten. Om niet gebukt te gaan onder die voorwaarden is een annuleringsverzekering een suggestie.<\/p>\n<p><strong>Der Moment der Stornierung ist auschlaggebend, n\u00e4mlich:<\/strong><\/p>\n<ul>\n<li>bis 28 Tage vor Ankunft werden \u20ac 25,- Verwaltungsgeb\u00fchr f\u00e4llig.<\/li>\n<li>Unter (und einschliesslich) 28 Tagen bis 14 Tage vor Ankunft werden 40 % des Gesamtbetrags f\u00e4llig.<\/li>\n<li>Unter 14 Tagen bis zum (und einschlie\u00dflich mit) Abreisedatum werden die Gesamtkosten in voller H\u00f6he f\u00e4llig.<\/li>\n<\/ul>\n<h2>\n\t\tApartment 1\n\t<\/h2>\n\t\t\t\t<a href=\"https:\/\/sbm.webmaat.dev\/wp-content\/uploads\/2020\/10\/ap.-1-724x1024.png\" data-fancybox=\"images\" title=\"ap. 1\" data-caption=\"\" data-description=\"\" itemprop=\"contentUrl\">\n\t\t\t<img decoding=\"async\" src=\"https:\/\/sbm.webmaat.dev\/wp-content\/uploads\/2020\/10\/ap.-1-212x300.png\" alt=\"\" data-no-lazy=\"1\" itemprop=\"thumbnail\" width=\"212\" height=\"300\">\n\t\t\t<!-- Overlay Wrapper -->\n\t\t\t <!-- Overlay Wrapper Closed -->\n\t\t\t\t<\/a>\n\t\t\t\t\t\t\t<meta itemprop=\"width\" content=\"212\">\n\t\t\t<meta itemprop=\"height\" content=\"300\">\n\t\t\t\t<a href=\"https:\/\/sbm.webmaat.dev\/wp-content\/uploads\/2020\/11\/Apartement-1-3D-kopie.png\" data-fancybox=\"images\" title=\"Apartement 1 (3D) kopie\" data-caption=\"\" data-description=\"\" itemprop=\"contentUrl\">\n\t\t\t<img decoding=\"async\" src=\"https:\/\/sbm.webmaat.dev\/wp-content\/uploads\/2020\/11\/Apartement-1-3D-kopie-300x190.png\" alt=\"\" data-no-lazy=\"1\" itemprop=\"thumbnail\" width=\"300\" height=\"190\">\n\t\t\t<!-- Overlay Wrapper -->\n\t\t\t <!-- Overlay Wrapper Closed -->\n\t\t\t\t<\/a>\n\t\t\t\t\t\t\t<meta itemprop=\"width\" content=\"300\">\n\t\t\t<meta itemprop=\"height\" content=\"190\">\n\t\t\t\t<a href=\"https:\/\/sbm.webmaat.dev\/wp-content\/uploads\/2020\/11\/Y3KBTZkA.jpeg\" data-fancybox=\"images\" title=\"Y3KBTZkA\" data-caption=\"\" data-description=\"\" itemprop=\"contentUrl\">\n\t\t\t<img decoding=\"async\" src=\"https:\/\/sbm.webmaat.dev\/wp-content\/uploads\/2020\/11\/Y3KBTZkA-224x300.jpeg\" alt=\"\" data-no-lazy=\"1\" itemprop=\"thumbnail\" width=\"224\" height=\"300\">\n\t\t\t<!-- Overlay Wrapper -->\n\t\t\t <!-- Overlay Wrapper Closed -->\n\t\t\t\t<\/a>\n\t\t\t\t\t\t\t<meta itemprop=\"width\" content=\"224\">\n\t\t\t<meta itemprop=\"height\" content=\"300\">\n\t\t\t\t<a href=\"https:\/\/sbm.webmaat.dev\/wp-content\/uploads\/2020\/11\/BKpmy2Hw.jpeg\" data-fancybox=\"images\" title=\"BKpmy2Hw\" data-caption=\"\" data-description=\"\" itemprop=\"contentUrl\">\n\t\t\t<img decoding=\"async\" src=\"https:\/\/sbm.webmaat.dev\/wp-content\/uploads\/2020\/11\/BKpmy2Hw-300x242.jpeg\" alt=\"\" data-no-lazy=\"1\" itemprop=\"thumbnail\" width=\"300\" height=\"242\">\n\t\t\t<!-- Overlay Wrapper -->\n\t\t\t <!-- Overlay Wrapper Closed -->\n\t\t\t\t<\/a>\n\t\t\t\t\t\t\t<meta itemprop=\"width\" content=\"300\">\n\t\t\t<meta itemprop=\"height\" content=\"242\">\n\t\t\t\t<a href=\"https:\/\/sbm.webmaat.dev\/wp-content\/uploads\/2020\/11\/S3vpdruQ.jpeg\" data-fancybox=\"images\" title=\"S3vpdruQ\" data-caption=\"\" data-description=\"\" itemprop=\"contentUrl\">\n\t\t\t<img decoding=\"async\" src=\"https:\/\/sbm.webmaat.dev\/wp-content\/uploads\/2020\/11\/S3vpdruQ-300x225.jpeg\" alt=\"\" data-no-lazy=\"1\" itemprop=\"thumbnail\" width=\"300\" height=\"225\">\n\t\t\t<!-- Overlay Wrapper -->\n\t\t\t <!-- Overlay Wrapper Closed -->\n\t\t\t\t<\/a>\n\t\t\t\t\t\t\t<meta itemprop=\"width\" content=\"300\">\n\t\t\t<meta itemprop=\"height\" content=\"225\">\n\t\t\t\t<a href=\"https:\/\/sbm.webmaat.dev\/wp-content\/uploads\/2020\/11\/xx7XPogA.jpeg\" data-fancybox=\"images\" title=\"xx7XPogA\" data-caption=\"\" data-description=\"\" itemprop=\"contentUrl\">\n\t\t\t<img decoding=\"async\" src=\"https:\/\/sbm.webmaat.dev\/wp-content\/uploads\/2020\/11\/xx7XPogA-300x225.jpeg\" alt=\"\" data-no-lazy=\"1\" itemprop=\"thumbnail\" width=\"300\" height=\"225\">\n\t\t\t<!-- Overlay Wrapper -->\n\t\t\t <!-- Overlay Wrapper Closed -->\n\t\t\t\t<\/a>\n\t\t\t\t\t\t\t<meta itemprop=\"width\" content=\"300\">\n\t\t\t<meta itemprop=\"height\" content=\"225\">\n\t\t\t\t<a href=\"https:\/\/sbm.webmaat.dev\/wp-content\/uploads\/2020\/11\/rXziyUcQ.jpeg\" data-fancybox=\"images\" title=\"rXziyUcQ\" data-caption=\"\" data-description=\"\" itemprop=\"contentUrl\">\n\t\t\t<img decoding=\"async\" src=\"https:\/\/sbm.webmaat.dev\/wp-content\/uploads\/2020\/11\/rXziyUcQ-218x300.jpeg\" alt=\"\" data-no-lazy=\"1\" itemprop=\"thumbnail\" width=\"218\" height=\"300\">\n\t\t\t<!-- Overlay Wrapper -->\n\t\t\t <!-- Overlay Wrapper Closed -->\n\t\t\t\t<\/a>\n\t\t\t\t\t\t\t<meta itemprop=\"width\" content=\"218\">\n\t\t\t<meta itemprop=\"height\" content=\"300\">\n\t\t\t\t<a href=\"https:\/\/sbm.webmaat.dev\/wp-content\/uploads\/__2016\/04\/DSC00489-691x1024.jpg\" data-fancybox=\"images\" title=\"DSC00489\" data-caption=\"\" data-description=\"\" itemprop=\"contentUrl\">\n\t\t\t<img decoding=\"async\" src=\"https:\/\/sbm.webmaat.dev\/wp-content\/uploads\/__2016\/04\/DSC00489-203x300.jpg\" alt=\"\" data-no-lazy=\"1\" itemprop=\"thumbnail\" width=\"203\" height=\"300\">\n\t\t\t<!-- Overlay Wrapper -->\n\t\t\t <!-- Overlay Wrapper Closed -->\n\t\t\t\t<\/a>\n\t\t\t\t\t\t\t<meta itemprop=\"width\" content=\"203\">\n\t\t\t<meta itemprop=\"height\" content=\"300\">\n\t<h2>\n\t\tApartment 2\n\t<\/h2>\n\t\t\t\t<a href=\"https:\/\/sbm.webmaat.dev\/wp-content\/uploads\/2020\/11\/Apartment-2-Erdgeschos-kopie.png\" data-fancybox=\"images\" title=\"Apartment 2 Erdgescho\u00df kopie\" data-caption=\"\" data-description=\"\" itemprop=\"contentUrl\">\n\t\t\t<img decoding=\"async\" src=\"https:\/\/sbm.webmaat.dev\/wp-content\/uploads\/2020\/11\/Apartment-2-Erdgeschos-kopie-300x222.png\" alt=\"\" data-no-lazy=\"1\" itemprop=\"thumbnail\" width=\"300\" height=\"222\">\n\t\t\t<!-- Overlay Wrapper -->\n\t\t\t <!-- Overlay Wrapper Closed -->\n\t\t\t\t<\/a>\n\t\t\t\t\t\t\t<meta itemprop=\"width\" content=\"300\">\n\t\t\t<meta itemprop=\"height\" content=\"222\">\n\t\t\t\t<a href=\"https:\/\/sbm.webmaat.dev\/wp-content\/uploads\/2020\/10\/Ap.2.png\" data-fancybox=\"images\" title=\"Ap.2\" data-caption=\"\" data-description=\"\" itemprop=\"contentUrl\">\n\t\t\t<img decoding=\"async\" src=\"https:\/\/sbm.webmaat.dev\/wp-content\/uploads\/2020\/10\/Ap.2-297x300.png\" alt=\"\" data-no-lazy=\"1\" itemprop=\"thumbnail\" width=\"297\" height=\"300\">\n\t\t\t<!-- Overlay Wrapper -->\n\t\t\t <!-- Overlay Wrapper Closed -->\n\t\t\t\t<\/a>\n\t\t\t\t\t\t\t<meta itemprop=\"width\" content=\"297\">\n\t\t\t<meta itemprop=\"height\" content=\"300\">\n\t\t\t\t<a href=\"https:\/\/sbm.webmaat.dev\/wp-content\/uploads\/2020\/10\/Ap.2-Schlafh\u00f6hle.png\" data-fancybox=\"images\" title=\"Ap.2 Schlafh\u00f6hle\" data-caption=\"\" data-description=\"\" itemprop=\"contentUrl\">\n\t\t\t<img decoding=\"async\" src=\"https:\/\/sbm.webmaat.dev\/wp-content\/uploads\/2020\/10\/Ap.2-Schlafh\u00f6hle-284x300.png\" alt=\"\" data-no-lazy=\"1\" itemprop=\"thumbnail\" width=\"284\" height=\"300\">\n\t\t\t<!-- Overlay Wrapper -->\n\t\t\t <!-- Overlay Wrapper Closed -->\n\t\t\t\t<\/a>\n\t\t\t\t\t\t\t<meta itemprop=\"width\" content=\"284\">\n\t\t\t<meta itemprop=\"height\" content=\"300\">\n\t\t\t\t<a href=\"https:\/\/sbm.webmaat.dev\/wp-content\/uploads\/2020\/11\/4V5kWr5Q.jpeg\" data-fancybox=\"images\" title=\"4V5kWr5Q\" data-caption=\"\" data-description=\"\" itemprop=\"contentUrl\">\n\t\t\t<img decoding=\"async\" src=\"https:\/\/sbm.webmaat.dev\/wp-content\/uploads\/2020\/11\/4V5kWr5Q-225x300.jpeg\" alt=\"\" data-no-lazy=\"1\" itemprop=\"thumbnail\" width=\"225\" height=\"300\">\n\t\t\t<!-- Overlay Wrapper -->\n\t\t\t <!-- Overlay Wrapper Closed -->\n\t\t\t\t<\/a>\n\t\t\t\t\t\t\t<meta itemprop=\"width\" content=\"225\">\n\t\t\t<meta itemprop=\"height\" content=\"300\">\n\t\t\t\t<a href=\"https:\/\/sbm.webmaat.dev\/wp-content\/uploads\/2020\/11\/7i3jfSlQ.jpeg\" data-fancybox=\"images\" title=\"7i3jfSlQ\" data-caption=\"\" data-description=\"\" itemprop=\"contentUrl\">\n\t\t\t<img decoding=\"async\" src=\"https:\/\/sbm.webmaat.dev\/wp-content\/uploads\/2020\/11\/7i3jfSlQ-300x254.jpeg\" alt=\"\" data-no-lazy=\"1\" itemprop=\"thumbnail\" width=\"300\" height=\"254\">\n\t\t\t<!-- Overlay Wrapper -->\n\t\t\t <!-- Overlay Wrapper Closed -->\n\t\t\t\t<\/a>\n\t\t\t\t\t\t\t<meta itemprop=\"width\" content=\"300\">\n\t\t\t<meta itemprop=\"height\" content=\"254\">\n\t\t\t\t<a href=\"https:\/\/sbm.webmaat.dev\/wp-content\/uploads\/2020\/11\/QoGPpjaQ.jpeg\" data-fancybox=\"images\" title=\"QoGPpjaQ\" data-caption=\"\" data-description=\"\" itemprop=\"contentUrl\">\n\t\t\t<img decoding=\"async\" src=\"https:\/\/sbm.webmaat.dev\/wp-content\/uploads\/2020\/11\/QoGPpjaQ-300x225.jpeg\" alt=\"\" data-no-lazy=\"1\" itemprop=\"thumbnail\" width=\"300\" height=\"225\">\n\t\t\t<!-- Overlay Wrapper -->\n\t\t\t <!-- Overlay Wrapper Closed -->\n\t\t\t\t<\/a>\n\t\t\t\t\t\t\t<meta itemprop=\"width\" content=\"300\">\n\t\t\t<meta itemprop=\"height\" content=\"225\">\n\t\t\t\t<a href=\"https:\/\/sbm.webmaat.dev\/wp-content\/uploads\/__2016\/05\/DSC09083-2-1024x683.jpg\" data-fancybox=\"images\" title=\"DSC09083-2\" data-caption=\"\" data-description=\"\" itemprop=\"contentUrl\">\n\t\t\t<img decoding=\"async\" src=\"https:\/\/sbm.webmaat.dev\/wp-content\/uploads\/__2016\/05\/DSC09083-2-300x200.jpg\" alt=\"\" data-no-lazy=\"1\" itemprop=\"thumbnail\" width=\"300\" height=\"200\">\n\t\t\t<!-- Overlay Wrapper -->\n\t\t\t <!-- Overlay Wrapper Closed -->\n\t\t\t\t<\/a>\n\t\t\t\t\t\t\t<meta itemprop=\"width\" content=\"300\">\n\t\t\t<meta itemprop=\"height\" content=\"200\">\n\t<h2>\n\t\tApartment 3\n\t<\/h2>\n\t\t\t\t<a href=\"https:\/\/sbm.webmaat.dev\/wp-content\/uploads\/2020\/11\/Apartment-3-kopie-2.png\" data-fancybox=\"images\" title=\"Apartment 3 kopie 2\" data-caption=\"\" data-description=\"\" itemprop=\"contentUrl\">\n\t\t\t<img decoding=\"async\" src=\"https:\/\/sbm.webmaat.dev\/wp-content\/uploads\/2020\/11\/Apartment-3-kopie-2-300x222.png\" alt=\"\" data-no-lazy=\"1\" itemprop=\"thumbnail\" width=\"300\" height=\"222\">\n\t\t\t<!-- Overlay Wrapper -->\n\t\t\t <!-- Overlay Wrapper Closed -->\n\t\t\t\t<\/a>\n\t\t\t\t\t\t\t<meta itemprop=\"width\" content=\"300\">\n\t\t\t<meta itemprop=\"height\" content=\"222\">\n\t\t\t\t<a href=\"https:\/\/sbm.webmaat.dev\/wp-content\/uploads\/2020\/11\/Apartement-3-kopie-724x1024.png\" data-fancybox=\"images\" title=\"Apartement 3 kopie\" data-caption=\"\" data-description=\"\" itemprop=\"contentUrl\">\n\t\t\t<img decoding=\"async\" src=\"https:\/\/sbm.webmaat.dev\/wp-content\/uploads\/2020\/11\/Apartement-3-kopie-212x300.png\" alt=\"\" data-no-lazy=\"1\" itemprop=\"thumbnail\" width=\"212\" height=\"300\">\n\t\t\t<!-- Overlay Wrapper -->\n\t\t\t <!-- Overlay Wrapper Closed -->\n\t\t\t\t<\/a>\n\t\t\t\t\t\t\t<meta itemprop=\"width\" content=\"212\">\n\t\t\t<meta itemprop=\"height\" content=\"300\">\n\t\t\t\t<a href=\"https:\/\/sbm.webmaat.dev\/wp-content\/uploads\/2020\/11\/3MPE0Exw.jpeg\" data-fancybox=\"images\" title=\"3MPE0Exw\" data-caption=\"\" data-description=\"\" itemprop=\"contentUrl\">\n\t\t\t<img decoding=\"async\" src=\"https:\/\/sbm.webmaat.dev\/wp-content\/uploads\/2020\/11\/3MPE0Exw-300x225.jpeg\" alt=\"\" data-no-lazy=\"1\" itemprop=\"thumbnail\" width=\"300\" height=\"225\">\n\t\t\t<!-- Overlay Wrapper -->\n\t\t\t <!-- Overlay Wrapper Closed -->\n\t\t\t\t<\/a>\n\t\t\t\t\t\t\t<meta itemprop=\"width\" content=\"300\">\n\t\t\t<meta itemprop=\"height\" content=\"225\">\n\t\t\t\t<a href=\"https:\/\/sbm.webmaat.dev\/wp-content\/uploads\/2020\/11\/Ne5U1XvQ.jpeg\" data-fancybox=\"images\" title=\"Ne5U1XvQ\" data-caption=\"\" data-description=\"\" itemprop=\"contentUrl\">\n\t\t\t<img decoding=\"async\" src=\"https:\/\/sbm.webmaat.dev\/wp-content\/uploads\/2020\/11\/Ne5U1XvQ-300x225.jpeg\" alt=\"\" data-no-lazy=\"1\" itemprop=\"thumbnail\" width=\"300\" height=\"225\">\n\t\t\t<!-- Overlay Wrapper -->\n\t\t\t <!-- Overlay Wrapper Closed -->\n\t\t\t\t<\/a>\n\t\t\t\t\t\t\t<meta itemprop=\"width\" content=\"300\">\n\t\t\t<meta itemprop=\"height\" content=\"225\">\n\t\t\t\t<a href=\"https:\/\/sbm.webmaat.dev\/wp-content\/uploads\/2020\/11\/EtPlZrXw.jpeg\" data-fancybox=\"images\" title=\"EtPlZrXw\" data-caption=\"\" data-description=\"\" itemprop=\"contentUrl\">\n\t\t\t<img decoding=\"async\" src=\"https:\/\/sbm.webmaat.dev\/wp-content\/uploads\/2020\/11\/EtPlZrXw-300x228.jpeg\" alt=\"\" data-no-lazy=\"1\" itemprop=\"thumbnail\" width=\"300\" height=\"228\">\n\t\t\t<!-- Overlay Wrapper -->\n\t\t\t <!-- Overlay Wrapper Closed -->\n\t\t\t\t<\/a>\n\t\t\t\t\t\t\t<meta itemprop=\"width\" content=\"300\">\n\t\t\t<meta itemprop=\"height\" content=\"228\">\n\t\t\t\t<a href=\"https:\/\/sbm.webmaat.dev\/wp-content\/uploads\/2020\/11\/iYxhtdmw.jpeg\" data-fancybox=\"images\" title=\"iYxhtdmw\" data-caption=\"\" data-description=\"\" itemprop=\"contentUrl\">\n\t\t\t<img decoding=\"async\" src=\"https:\/\/sbm.webmaat.dev\/wp-content\/uploads\/2020\/11\/iYxhtdmw-300x225.jpeg\" alt=\"\" data-no-lazy=\"1\" itemprop=\"thumbnail\" width=\"300\" height=\"225\">\n\t\t\t<!-- Overlay Wrapper -->\n\t\t\t <!-- Overlay Wrapper Closed -->\n\t\t\t\t<\/a>\n\t\t\t\t\t\t\t<meta itemprop=\"width\" content=\"300\">\n\t\t\t<meta itemprop=\"height\" content=\"225\">\n\t\t\t\t<a href=\"https:\/\/sbm.webmaat.dev\/wp-content\/uploads\/2020\/11\/Xuk-JJCg.jpeg\" data-fancybox=\"images\" title=\"Xuk-JJCg\" data-caption=\"\" data-description=\"\" itemprop=\"contentUrl\">\n\t\t\t<img decoding=\"async\" src=\"https:\/\/sbm.webmaat.dev\/wp-content\/uploads\/2020\/11\/Xuk-JJCg-225x300.jpeg\" alt=\"\" data-no-lazy=\"1\" itemprop=\"thumbnail\" width=\"225\" height=\"300\">\n\t\t\t<!-- Overlay Wrapper -->\n\t\t\t <!-- Overlay Wrapper Closed -->\n\t\t\t\t<\/a>\n\t\t\t\t\t\t\t<meta itemprop=\"width\" content=\"225\">\n\t\t\t<meta itemprop=\"height\" content=\"300\">\n\t\t\t\t<a href=\"https:\/\/sbm.webmaat.dev\/wp-content\/uploads\/2020\/11\/T5kCUi9Q.jpeg\" data-fancybox=\"images\" title=\"T5kCUi9Q\" data-caption=\"\" data-description=\"\" itemprop=\"contentUrl\">\n\t\t\t<img decoding=\"async\" src=\"https:\/\/sbm.webmaat.dev\/wp-content\/uploads\/2020\/11\/T5kCUi9Q-300x225.jpeg\" alt=\"\" data-no-lazy=\"1\" itemprop=\"thumbnail\" width=\"300\" height=\"225\">\n\t\t\t<!-- Overlay Wrapper -->\n\t\t\t <!-- Overlay Wrapper Closed -->\n\t\t\t\t<\/a>\n\t\t\t\t\t\t\t<meta itemprop=\"width\" content=\"300\">\n\t\t\t<meta itemprop=\"height\" content=\"225\">","protected":false},"excerpt":{"rendered":"<p>De appartementen Meer en meer op zoek naar een pleisterplek, een plek waar ik rust vind en graag vertoef. Weg van de hectiek van het alledaagse leven, bij voorkeur ver weg van de grote mensenzee waar ik niet graag in verdrink. Vrij naar Koen Snyers In de herberg vind je drie vierpersoons appartementen met eigen &#8230; <a title=\"Apartments\" class=\"read-more\" href=\"https:\/\/sbm.webmaat.dev\/de\/apartements\/\" aria-label=\"Mehr Informationen \u00fcber Appartementen\">Weiterlesen<\/a><\/p>","protected":false},"author":1,"featured_media":13231,"parent":0,"menu_order":0,"comment_status":"closed","ping_status":"closed","template":"","meta":{"_acf_changed":false,"iawp_total_views":116,"footnotes":""},"class_list":["post-11461","page","type-page","status-publish","has-post-thumbnail"],"acf":[],"_links":{"self":[{"href":"https:\/\/sbm.webmaat.dev\/de\/wp-json\/wp\/v2\/pages\/11461","targetHints":{"allow":["GET"]}}],"collection":[{"href":"https:\/\/sbm.webmaat.dev\/de\/wp-json\/wp\/v2\/pages"}],"about":[{"href":"https:\/\/sbm.webmaat.dev\/de\/wp-json\/wp\/v2\/types\/page"}],"author":[{"embeddable":true,"href":"https:\/\/sbm.webmaat.dev\/de\/wp-json\/wp\/v2\/users\/1"}],"replies":[{"embeddable":true,"href":"https:\/\/sbm.webmaat.dev\/de\/wp-json\/wp\/v2\/comments?post=11461"}],"version-history":[{"count":1,"href":"https:\/\/sbm.webmaat.dev\/de\/wp-json\/wp\/v2\/pages\/11461\/revisions"}],"predecessor-version":[{"id":17903,"href":"https:\/\/sbm.webmaat.dev\/de\/wp-json\/wp\/v2\/pages\/11461\/revisions\/17903"}],"wp:featuredmedia":[{"embeddable":true,"href":"https:\/\/sbm.webmaat.dev\/de\/wp-json\/wp\/v2\/media\/13231"}],"wp:attachment":[{"href":"https:\/\/sbm.webmaat.dev\/de\/wp-json\/wp\/v2\/media?parent=11461"}],"curies":[{"name":"wp","href":"https:\/\/api.w.org\/{rel}","templated":true}]}}