{"id":10639,"date":"2019-08-21T15:49:49","date_gmt":"2019-08-21T13:49:49","guid":{"rendered":"https:\/\/sbm.webmaat.dev\/?page_id=10639"},"modified":"2024-12-01T23:30:48","modified_gmt":"2024-12-01T22:30:48","slug":"home","status":"publish","type":"page","link":"https:\/\/sbm.webmaat.dev\/de\/","title":{"rendered":"Home"},"content":{"rendered":"<h1>\n\t\tSTROTZB\u00dcSCHER M\u00dcHLE\n\t<\/h1>\n<h2>\n\t\tUnterkunft in der Natur<br data-mce-bogus=\"1\"\/>\n\t<\/h2>\n\n<h2>\n\t\tder Naturcamping\n\t<\/h2>\n\t<p><a href=\"\/de\/ecocamping\/\">Campen<\/a><\/p>\n\t<p><a href=\"https:\/\/www.strotzb\u00fcscherm\u00fchle.de\/de\/blockhuetten\/\">Blockh\u00fctten<\/a><\/p>\n\t<p><a href=\"https:\/\/www.strotzb\u00fcscherm\u00fchle.de\/de\/bauwagen\/\">Schlafen im Wagen<\/a><\/p>\n<h2>\n\t\tDie Herberge\n\t<\/h2>\n\t<p><a href=\"https:\/\/sbm.webmaat.dev\/de\/gruppenunterkunft\/\">Gruppenunterkunft\u2028<\/a><\/p>\n\t<p><a href=\"https:\/\/sbm.webmaat.dev\/de\/apartements\/\">Apartments<\/a><\/p>\n\t<p><a href=\"https:\/\/sbm.webmaat.dev\/de\/einzelzimmer\/\">Einzelzimmer\u2028<\/a><\/p>\n<h2>\n\t\tdie Aktivit\u00e4ten\n\t<\/h2>\n\t<p><a href=\"https:\/\/sbm.webmaat.dev\/de\/hochzeit-in-der-natur\/\">(Hochzeits-) Fest<\/a><\/p>\n\t<p><a href=\"https:\/\/sbm.webmaat.dev\/de\/essen-und-trinken\/\">Sonya kocht<\/a><\/p>\n\t<p><a href=\"https:\/\/sbm.webmaat.dev\/de\/wandern\/\">Wanderungen<\/a><\/p>\n<h3>\n\t\tVerweile hier\n\t<\/h3>\n\t<blockquote><p>Hier kann man zelten, in einer H\u00fctte wohnen, ein Zimmer oder ein Apartment mieten, oder die ganze Herberge mieten.<\/p><\/blockquote>\n\t<p>Hier kannst du sogar selbst eine Feier zu Ehren der Liebe oder einfach zum Feiern des Lebens gestalten. Wenn du dich daf\u00fcr entscheidest, steht dieser Ort ausschlie\u00dflich zu deinem Vergn\u00fcgen, f\u00fcr dich, deine Freunde und Familie zur Verf\u00fcgung.<\/p>\n<h3>\n\t\tDie M\u00fchle\n\t<\/h3>\n\t<blockquote><p>Pferde brachten wagenweise Getreide den steilen Weg hinunter und zogen ihn, beladen mit Mehl, wieder hinauf.<\/p><\/blockquote>\n\t<p>De industri\u00eble revolutie bracht innovatie, maar uiteindelijk (+\/- 1948) ook het failliet van de laatste molenaar. Het molenrad en het maalmechaniek werden gesloopt, maar de molengang bleef bestaan. Zij voedt nu een turbine, die in combinatie met een generator stroom opwekt. Deze krachtbron past naadloos in de kringloop van de natuur. Bij ons kun je zelfs je elektrische auto opladen met &#8220;turbinestroom&#8221; of zonne-energie &#8211; duurzamer wordt het niet.<\/p>\n\t<p>Een geoefend oog moet zo&#8217;n 200 jaar geleden gezien hebben waar je het beste de energie van vallend water kon benutten. Op die plek werd de beek afgetakt en de molengang gegraven. Via deze waterweg werd het water op het waterrad geleid, wat door het gewicht van het vallende water in beweging kwam. Maalstenen konden daarmee graan malen. De Strotzb\u00fcscher was geboren. Paarden brachten karrenvrachten vol met graan het stijle weggetje naar beneden en trokken die vol met meel weer omhoog. Een enorme krachttoer, maar om uiteindelijk een brood te kunnen maken was deze plek doorslaggevend. Het was niet anders. Gelukkig maar, anders zou de Strotzb\u00fcscher M\u00fchle vandaag de dag niet (in deze vorm) hebben bestaan.<\/p>\n<h3>\n\t\tHans und Sonya\n\t<\/h3>\n\t<blockquote><p>Wir haben danach die Strotzb\u00fcscher M\u00fchle neues Leben eingehaucht.<\/p><\/blockquote>\n\t<p>Wij zien onszelf als een soort rentmeesters van deze plek en geven deze plek graag in bruikleen. In de veronderstelling dat iedereen verantwoordelijkheid neemt en zorg draagt voor zijn\u00a0 omgeving en (dus) voor elkaar.<\/p>\n<h3>\n\t\tHerumlungerer\n\t<\/h3>\n\t<blockquote><p>Sieh dir die Sterne an, gehe durch den Wald, lass deine F\u00fc\u00dfe im Bach ruhen.<\/p><\/blockquote>\n\t<p>Maar bovenal nodigen we je uit om &#8220;nutteloos&#8221; te zijn. Neem je hond mee, je kinderen, speel en stook samen een vuurtje. Geniet van Sonya&#8217;s haar <a href=\"https:\/\/sbm.webmaat.dev\/de\/essen-und-trinken\/\">kookkunst<\/a>. Ga op avontuur in de Vulkaaneifel, het is een prachtig landschap. <a href=\"https:\/\/sbm.webmaat.dev\/de\/dagtrips\/\">Er is veel te zien, te doen en te beleven<\/a>. Bovendien voorzien we je graag van een tip, of gewoon van een praatje.<\/p>\n<h3>\n\t\tDie Wasserkraft\n\t<\/h3>\n\t\t\t\t\t<img decoding=\"async\" src=\"https:\/\/i.vimeocdn.com\/video\/993629862-b4905336dd24d188baa8658c861bb8e1298a05701eba98102c77c98cf4779620-d_840\" alt=\"vimeo-video-thumbnail\"\/>\n\t\t<h3>\n\t\tDas Tal\n\t<\/h3>\n\t\t\t\t\t<img decoding=\"async\" src=\"https:\/\/i.vimeocdn.com\/video\/995477269-3383c57572d0410e6d01d507b16151fc295471ef148ff167e87bea1449694cf7-d_840\" alt=\"vimeo-video-thumbnail\"\/>","protected":false},"excerpt":{"rendered":"<p>STROTZB\u00dcSCHER M\u00dcHLE Unterkunft in der Natur De Natuurcamping Kamperen Blokhutten Slapen in een wagen De herberg Groepsaccomodatie Appartementen Losse kamers De activiteiten (trouw)feest Sonya kookt Wandelen Verblijf hier Je kan hier kamperen, in een hut verblijven, een kamer dan wel appartement nemen, of de gehele herberg huren. Je kan hier zelfs, en zelf, vorm geven &#8230; <a title=\"Home\" class=\"read-more\" href=\"https:\/\/sbm.webmaat.dev\/de\/\" aria-label=\"Mehr Informationen \u00fcber Home\">Weiterlesen<\/a><\/p>","protected":false},"author":1,"featured_media":0,"parent":0,"menu_order":0,"comment_status":"closed","ping_status":"closed","template":"","meta":{"_acf_changed":false,"iawp_total_views":128,"footnotes":""},"class_list":["post-10639","page","type-page","status-publish"],"acf":[],"_links":{"self":[{"href":"https:\/\/sbm.webmaat.dev\/de\/wp-json\/wp\/v2\/pages\/10639","targetHints":{"allow":["GET"]}}],"collection":[{"href":"https:\/\/sbm.webmaat.dev\/de\/wp-json\/wp\/v2\/pages"}],"about":[{"href":"https:\/\/sbm.webmaat.dev\/de\/wp-json\/wp\/v2\/types\/page"}],"author":[{"embeddable":true,"href":"https:\/\/sbm.webmaat.dev\/de\/wp-json\/wp\/v2\/users\/1"}],"replies":[{"embeddable":true,"href":"https:\/\/sbm.webmaat.dev\/de\/wp-json\/wp\/v2\/comments?post=10639"}],"version-history":[{"count":30,"href":"https:\/\/sbm.webmaat.dev\/de\/wp-json\/wp\/v2\/pages\/10639\/revisions"}],"predecessor-version":[{"id":18297,"href":"https:\/\/sbm.webmaat.dev\/de\/wp-json\/wp\/v2\/pages\/10639\/revisions\/18297"}],"wp:attachment":[{"href":"https:\/\/sbm.webmaat.dev\/de\/wp-json\/wp\/v2\/media?parent=10639"}],"curies":[{"name":"wp","href":"https:\/\/api.w.org\/{rel}","templated":true}]}}